{"id":1916,"date":"2025-02-28T09:53:41","date_gmt":"2025-02-28T09:53:41","guid":{"rendered":"https:\/\/www.roofandroots.com\/servicos-para-vendedores\/"},"modified":"2026-02-10T09:14:15","modified_gmt":"2026-02-10T09:14:15","slug":"servicos-para-vendedores","status":"publish","type":"page","link":"https:\/\/www.roofandroots.com\/pt-pt\/servicos-para-vendedores\/","title":{"rendered":"Servi\u00e7os para vendedores"},"content":{"rendered":"<p>[et_pb_section fb_built=&#8221;1&#8243; fullwidth=&#8221;on&#8221; _builder_version=&#8221;4.27.4&#8243; _module_preset=&#8221;default&#8221; custom_margin=&#8221;55px||||false|false&#8221; global_colors_info=&#8221;{}&#8221;][et_pb_fullwidth_image src=&#8221;https:\/\/www.roofandroots.com\/wp-content\/uploads\/2025\/02\/apertura-servizi-chi-vende-1.png&#8221; title_text=&#8221;abertura de servi\u00e7os quem vende&#8221; _builder_version=&#8221;4.27.4&#8243; _module_preset=&#8221;default&#8221; global_colors_info=&#8221;{}&#8221;][\/et_pb_fullwidth_image][\/et_pb_section][et_pb_section fb_built=&#8221;1&#8243; _builder_version=&#8221;4.27.4&#8243; _module_preset=&#8221;default&#8221; custom_padding=&#8221;40px||40px||false|false&#8221; global_colors_info=&#8221;{}&#8221;][et_pb_row _builder_version=&#8221;4.27.4&#8243; _module_preset=&#8221;default&#8221; width_tablet=&#8221;&#8221; width_phone=&#8221;90%&#8221; width_last_edited=&#8221;on|phone&#8221; module_alignment=&#8221;center&#8221; animation_style=&#8221;slide&#8221; animation_direction=&#8221;bottom&#8221; animation_intensity_slide=&#8221;5%&#8221; border_color_bottom=&#8221;#AFAFAF&#8221; global_colors_info=&#8221;{}&#8221;][et_pb_column type=&#8221;4_4&#8243; _builder_version=&#8221;4.27.4&#8243; _module_preset=&#8221;default&#8221; global_colors_info=&#8221;{}&#8221;][et_pb_blurb image=&#8221;https:\/\/www.roofandroots.com\/wp-content\/uploads\/2025\/01\/RR.png&#8221; icon_placement=&#8221;left&#8221; image_icon_width=&#8221;17px&#8221; content_max_width=&#8221;1100px&#8221; icon_placement_tablet=&#8221;left&#8221; icon_placement_phone=&#8221;left&#8221; icon_placement_last_edited=&#8221;on|phone&#8221; image_icon_width_tablet=&#8221;&#8221; image_icon_width_phone=&#8221;17px&#8221; image_icon_width_last_edited=&#8221;on|phone&#8221; _builder_version=&#8221;4.27.4&#8243; _module_preset=&#8221;default&#8221; image_icon_custom_padding_tablet=&#8221;&#8221; image_icon_custom_padding_phone=&#8221;|0px|||false|false&#8221; image_icon_custom_padding_last_edited=&#8221;on|phone&#8221; custom_padding=&#8221;|70px||70px|false|true&#8221; custom_padding_tablet=&#8221;|0px||0px|false|true&#8221; custom_padding_phone=&#8221;&#8221; custom_padding_last_edited=&#8221;on|tablet&#8221; custom_css_blurb_image=&#8221;padding-right:30px;&#8221; global_colors_info=&#8221;{}&#8221; custom_css_blurb_image_last_edited=&#8221;on|phone&#8221; custom_css_blurb_image_phone=&#8221;padding-right:5px !important;&#8221; custom_css_blurb_image_tablet=&#8221;padding-right:30px;&#8221;]<\/p>\n<h2>Interpretamos a venda de um bem valioso como uma <span style=\"color: #691512;\"><i>viagem exclusiva<\/i><\/span>. \u00c9 por isso que os clientes nos escolhem como seus guias.   <\/h2>\n<p>[\/et_pb_blurb][\/et_pb_column][\/et_pb_row][\/et_pb_section][et_pb_section fb_built=&#8221;1&#8243; _builder_version=&#8221;4.27.4&#8243; _module_preset=&#8221;default&#8221; custom_padding=&#8221;0px||0px||false|false&#8221; locked=&#8221;off&#8221; global_colors_info=&#8221;{}&#8221;][et_pb_row column_structure=&#8221;1_2,1_2&#8243; use_custom_gutter=&#8221;on&#8221; gutter_width=&#8221;1&#8243; make_equal=&#8221;on&#8221; module_class=&#8221;custom_row&#8221; _builder_version=&#8221;4.27.4&#8243; _module_preset=&#8221;default&#8221; width=&#8221;100%&#8221; min_height=&#8221;520px&#8221; custom_padding=&#8221;0px||0px||false|false&#8221; global_colors_info=&#8221;{}&#8221;][et_pb_column type=&#8221;1_2&#8243; module_class=&#8221;second-on-mobile&#8221; _builder_version=&#8221;4.27.4&#8243; _module_preset=&#8221;default&#8221; background_image=&#8221;https:\/\/www.roofandroots.com\/wp-content\/uploads\/2025\/02\/img-01.png&#8221; custom_padding_phone=&#8221;80%||||false|false&#8221; custom_padding_last_edited=&#8221;off|tablet&#8221; global_colors_info=&#8221;{}&#8221; custom_css_main_element_last_edited=&#8221;on|tablet&#8221; custom_css_main_element_tablet=&#8221;min-height:400px;&#8221; custom_css_main_element_phone=&#8221;min-height:400px;&#8221;][\/et_pb_column][et_pb_column type=&#8221;1_2&#8243; module_class=&#8221;first-on-mobile&#8221; _builder_version=&#8221;4.27.4&#8243; _module_preset=&#8221;default&#8221; background_color=&#8221;#F6F4F4&#8243; custom_padding=&#8221;80px|60px|80px|40px|false|false&#8221; global_colors_info=&#8221;{}&#8221;][et_pb_blurb title=&#8221;AMPLA REDE DE INVESTIDORES&#8221; image_icon_width=&#8221;40px&#8221; icon_alignment=&#8221;left&#8221; _builder_version=&#8221;4.27.4&#8243; _module_preset=&#8221;default&#8221; header_level=&#8221;h5&#8243; header_font_size=&#8221;24px&#8221; header_line_height=&#8221;1.2em&#8221; body_text_color=&#8221;#242424&#8243; body_font_size=&#8221;20px&#8221; custom_margin=&#8221;80px||||false|false&#8221; custom_padding=&#8221;|47px|||false|false&#8221; custom_padding_tablet=&#8221;&#8221; custom_padding_phone=&#8221;|0px|||false|false&#8221; custom_padding_last_edited=&#8221;on|phone&#8221; global_colors_info=&#8221;{}&#8221;]<\/p>\n<p><span style=\"font-weight: 300;\">Da Am\u00e9rica do Norte \u00e0 Austr\u00e1lia, todos os dias a Roof&amp;Roots trabalha em projectos extraordin\u00e1rios em todo o mundo, combinando vis\u00e3o e pragmatismo. Assim <\/span> <span style=\"font-weight: 300;\"> construiu ao longo do tempo uma rede de <\/span><span style=\"color: #000000;\"><b>mais de 20.000 investidores internacionais<\/b><\/span><span style=\"font-weight: 300;\">  e consolidou uma profunda experi\u00eancia no mercado de luxo &#8211; n\u00e3o apenas residencial. No seu portef\u00f3lio, a R&amp;R inclui tamb\u00e9m marcas de luxo e de moda de topo, bem como cadeias de hotelaria de topo. <\/span><\/p>\n<p>[\/et_pb_blurb][\/et_pb_column][\/et_pb_row][et_pb_row column_structure=&#8221;1_2,1_2&#8243; use_custom_gutter=&#8221;on&#8221; gutter_width=&#8221;1&#8243; make_equal=&#8221;on&#8221; _builder_version=&#8221;4.27.4&#8243; _module_preset=&#8221;default&#8221; width=&#8221;100%&#8221; min_height=&#8221;520px&#8221; custom_padding=&#8221;0px||0px||false|false&#8221; global_colors_info=&#8221;{}&#8221;][et_pb_column type=&#8221;1_2&#8243; _builder_version=&#8221;4.27.4&#8243; _module_preset=&#8221;default&#8221; custom_padding=&#8221;80px|60px|80px|60px|true|false&#8221; custom_padding_tablet=&#8221;&#8221; custom_padding_phone=&#8221;60px|40px|60px|40px|true|false&#8221; custom_padding_last_edited=&#8221;on|phone&#8221; global_colors_info=&#8221;{}&#8221;][et_pb_blurb title=&#8221;SIMPLIFICAR O PROCESSO DE VENDAS  &#8221; image_icon_width=&#8221;40px&#8221; icon_alignment=&#8221;left&#8221; _builder_version=&#8221;4.27.4&#8243; _module_preset=&#8221;default&#8221; header_level=&#8221;h5&#8243; header_font_size=&#8221;24px&#8221; header_line_height=&#8221;1.2em&#8221; body_text_color=&#8221;#242424&#8243; body_font_size=&#8221;20px&#8221; custom_margin=&#8221;80px||||false|false&#8221; custom_padding=&#8221;|47px|||false|false&#8221; custom_padding_tablet=&#8221;&#8221; custom_padding_phone=&#8221;|0px|||false|false&#8221; custom_padding_last_edited=&#8221;on|phone&#8221; locked=&#8221;off&#8221; global_colors_info=&#8221;{}&#8221;]<\/p>\n<p><span style=\"font-weight: 300;\"><span style=\"color: #000000;\">A Roof&amp;Roots melhorou as suas actividades de procura de im\u00f3veis com um sistema avan\u00e7ado de <\/span> <\/span><span style=\"color: #000000;\"><b>conhecimentos t\u00e9cnicos<\/b><span style=\"font-weight: 300;\"> de uma equipa de trabalho com <\/span><b>compet\u00eancias multidisciplinares<\/b><span style=\"font-weight: 300;\">que permite acompanhar o cliente em todas as fases da negocia\u00e7\u00e3o de compra e venda. Quem opta por realizar o processo de venda com a R&amp;R pode contar com um processo optimizado que visa reduzir os riscos e inconvenientes no momento da escritura. <\/span><\/span><\/p>\n<p>[\/et_pb_blurb][\/et_pb_column][et_pb_column type=&#8221;1_2&#8243; _builder_version=&#8221;4.27.4&#8243; _module_preset=&#8221;default&#8221; background_image=&#8221;https:\/\/www.roofandroots.com\/wp-content\/uploads\/2025\/02\/img-02.png&#8221; global_colors_info=&#8221;{}&#8221;][\/et_pb_column][\/et_pb_row][et_pb_row column_structure=&#8221;1_2,1_2&#8243; use_custom_gutter=&#8221;on&#8221; gutter_width=&#8221;1&#8243; make_equal=&#8221;on&#8221; module_class=&#8221;custom_row&#8221; _builder_version=&#8221;4.27.4&#8243; _module_preset=&#8221;default&#8221; width=&#8221;100%&#8221; min_height=&#8221;520px&#8221; custom_padding=&#8221;0px||0px||false|false&#8221; locked=&#8221;off&#8221; global_colors_info=&#8221;{}&#8221;][et_pb_column type=&#8221;1_2&#8243; module_class=&#8221;second-on-mobile&#8221; _builder_version=&#8221;4.27.4&#8243; _module_preset=&#8221;default&#8221; background_image=&#8221;https:\/\/www.roofandroots.com\/wp-content\/uploads\/2025\/04\/Servizio-x-chi-vende_3.jpg&#8221; global_colors_info=&#8221;{}&#8221;][\/et_pb_column][et_pb_column type=&#8221;1_2&#8243; module_class=&#8221;first-on-mobile&#8221; _builder_version=&#8221;4.27.4&#8243; _module_preset=&#8221;default&#8221; background_color=&#8221;#F6F4F4&#8243; custom_padding=&#8221;60px|60px|60px|40px|false|false&#8221; global_colors_info=&#8221;{}&#8221;][et_pb_blurb title=&#8221;CONHECIMENTO PROFUNDO DO TERRIT\u00d3RIO&#8221; image_icon_width=&#8221;40px&#8221; icon_alignment=&#8221;left&#8221; _builder_version=&#8221;4.27.4&#8243; _module_preset=&#8221;default&#8221; header_level=&#8221;h5&#8243; header_font_size=&#8221;24px&#8221; header_line_height=&#8221;1.2em&#8221; body_text_color=&#8221;#242424&#8243; body_font_size=&#8221;20px&#8221; max_width_tablet=&#8221;500px&#8221; max_width_phone=&#8221;&#8221; max_width_last_edited=&#8221;on|phone&#8221; custom_margin=&#8221;80px||||false|false&#8221; custom_padding=&#8221;||||false|false&#8221; custom_padding_tablet=&#8221;&#8221; custom_padding_phone=&#8221;|0px|||false|false&#8221; custom_padding_last_edited=&#8221;on|phone&#8221; global_colors_info=&#8221;{}&#8221;]<\/p>\n<p><span style=\"color: #000000;\"><span style=\"font-weight: 300;\">A R&amp;R tem um conhecimento profundo dos im\u00f3veis de valor em toda a It\u00e1lia, gra\u00e7as a um <\/span><b>cartografia t\u00e9cnica e cient\u00edfica<\/b><span style=\"font-weight: 300;\">  que inclui tamb\u00e9m os que est\u00e3o fora dos circuitos tradicionais e reservados, com a ambi\u00e7\u00e3o de fazer um recenseamento de todo o parque imobili\u00e1rio existente. Esta compet\u00eancia permite   <\/span><b>optimiza o tempo <\/b><span style=\"font-weight: 300;\">da transa\u00e7\u00e3o e conclui <\/span><b>negocia\u00e7\u00f5es vantajosas<\/b><span style=\"font-weight: 300;\"> para cada uma das partes.<\/span><\/span><\/p>\n<p>[\/et_pb_blurb][\/et_pb_column][\/et_pb_row][et_pb_row column_structure=&#8221;1_2,1_2&#8243; use_custom_gutter=&#8221;on&#8221; gutter_width=&#8221;1&#8243; make_equal=&#8221;on&#8221; _builder_version=&#8221;4.27.4&#8243; _module_preset=&#8221;default&#8221; width=&#8221;100%&#8221; min_height=&#8221;520px&#8221; custom_padding=&#8221;0px||0px||false|false&#8221; global_colors_info=&#8221;{}&#8221;][et_pb_column type=&#8221;1_2&#8243; _builder_version=&#8221;4.27.4&#8243; _module_preset=&#8221;default&#8221; custom_padding=&#8221;80px|60px|80px|60px|true|false&#8221; custom_padding_tablet=&#8221;&#8221; custom_padding_phone=&#8221;60px|40px|60px|40px|true|false&#8221; custom_padding_last_edited=&#8221;on|desktop&#8221; global_colors_info=&#8221;{}&#8221;][et_pb_blurb title=&#8221;VALORIZA\u00c7\u00c3O E COMERCIALIZA\u00c7\u00c3O&#8221; image_icon_width=&#8221;40px&#8221; icon_alignment=&#8221;left&#8221; _builder_version=&#8221;4.27.4&#8243; _module_preset=&#8221;default&#8221; header_level=&#8221;h5&#8243; header_font_size=&#8221;24px&#8221; header_line_height=&#8221;1.2em&#8221; body_text_color=&#8221;#242424&#8243; body_font_size=&#8221;20px&#8221; custom_margin=&#8221;80px||||false|false&#8221; custom_padding=&#8221;||||false|false&#8221; custom_padding_tablet=&#8221;&#8221; custom_padding_phone=&#8221;|0px|||false|false&#8221; custom_padding_last_edited=&#8221;on|phone&#8221; locked=&#8221;off&#8221; global_colors_info=&#8221;{}&#8221;]<\/p>\n<p><span style=\"font-weight: 300;\">O departamento t\u00e9cnico interno especializado da R&amp;R ajuda o<span style=\"color: #000000;\">potencial comprador a compreender o <strong>valor <\/strong><\/span><\/span><span style=\"color: #000000;\"><b>tal como est\u00e1<\/b><span style=\"font-weight: 300;\"> do im\u00f3vel e o aumento potencial resultante de <strong>transforma\u00e7\u00f5es funcionais e est\u00e9ticas<\/strong>. <\/span><span style=\"font-weight: 300;\">Para valorizar todos os aspectos do im\u00f3vel e<\/span><span style=\"font-weight: 300;\"> favorecer<\/span><span style=\"font-weight: 300;\">a sua<\/span><span style=\"font-weight: 300;\"> venda, foram desenvolvidas ferramentas espec\u00edficas, como avalia\u00e7\u00f5es imobili\u00e1rias, due diligence, marketing digital, filmagens profissionais e home staging.<\/span><\/span><\/p>\n<p>[\/et_pb_blurb][\/et_pb_column][et_pb_column type=&#8221;1_2&#8243; _builder_version=&#8221;4.27.4&#8243; _module_preset=&#8221;default&#8221; background_image=&#8221;https:\/\/www.roofandroots.com\/wp-content\/uploads\/2025\/02\/03.png&#8221; global_colors_info=&#8221;{}&#8221;][\/et_pb_column][\/et_pb_row][\/et_pb_section][et_pb_section fb_built=&#8221;1&#8243; _builder_version=&#8221;4.27.4&#8243; _module_preset=&#8221;default&#8221; background_image=&#8221;https:\/\/www.roofandroots.com\/wp-content\/uploads\/2025\/01\/contatti-form-background.png&#8221; min_height=&#8221;350px&#8221; custom_padding=&#8221;||11px|||&#8221; global_colors_info=&#8221;{}&#8221;][et_pb_row _builder_version=&#8221;4.27.4&#8243; _module_preset=&#8221;default&#8221; global_colors_info=&#8221;{}&#8221;][et_pb_column type=&#8221;4_4&#8243; _builder_version=&#8221;4.27.4&#8243; _module_preset=&#8221;default&#8221; global_colors_info=&#8221;{}&#8221;][et_pb_text _builder_version=&#8221;4.27.4&#8243; _module_preset=&#8221;default&#8221; custom_margin=&#8221;||40px|||&#8221; global_colors_info=&#8221;{}&#8221;]<\/p>\n<h4><strong>Contacto<\/strong><\/h4>\n<h2>Para vender, valorizar ou mandar avaliar o teu im\u00f3vel, contacta-nos.<\/h2>\n<h2>Conhecemos mais de 20.000 potenciais compradores interessados.<\/h2>\n<p>[\/et_pb_text][wpforms_selector form_id=&#8221;285&#8243; _builder_version=&#8221;4.27.4&#8243; _module_preset=&#8221;default&#8221; global_colors_info=&#8221;{}&#8221;][\/wpforms_selector][\/et_pb_column][\/et_pb_row][\/et_pb_section]<\/p>\n","protected":false},"excerpt":{"rendered":"<p>Interpretamos a venda de um bem valioso como uma viagem exclusiva. \u00c9 por isso que os clientes nos escolhem como seus guias. Da Am\u00e9rica do Norte \u00e0 Austr\u00e1lia, todos os dias a Roof&amp;Roots trabalha em projectos extraordin\u00e1rios em todo o mundo, combinando vis\u00e3o e pragmatismo. Assim construiu ao longo do tempo uma rede de mais [&hellip;]<\/p>\n","protected":false},"author":5,"featured_media":1917,"parent":0,"menu_order":25,"comment_status":"closed","ping_status":"closed","template":"","meta":{"_acf_changed":false,"_et_pb_use_builder":"on","_et_pb_old_content":"","_et_gb_content_width":"","inline_featured_image":false,"footnotes":""},"class_list":["post-1916","page","type-page","status-publish","has-post-thumbnail","hentry"],"acf":[],"yoast_head":"<!-- This site is optimized with the Yoast SEO plugin v27.5 - https:\/\/yoast.com\/product\/yoast-seo-wordpress\/ -->\n<title>Servi\u00e7os para vendedores - Roof&amp;Roots<\/title>\n<meta name=\"description\" content=\"Encontra compradores interessados: Roof&amp;Roots optimiza o tempo de venda atrav\u00e9s de investidores internacionais, marketing e apoio t\u00e9cnico.\" \/>\n<meta name=\"robots\" content=\"index, follow, max-snippet:-1, max-image-preview:large, max-video-preview:-1\" \/>\n<link rel=\"canonical\" href=\"https:\/\/www.roofandroots.com\/pt-pt\/servicos-para-vendedores\/\" \/>\n<meta property=\"og:locale\" content=\"pt_PT\" \/>\n<meta property=\"og:type\" content=\"article\" \/>\n<meta property=\"og:title\" content=\"Especialistas em vendas de im\u00f3veis de luxo: obt\u00e9m o m\u00e1ximo valor\" \/>\n<meta property=\"og:description\" content=\"Encontra compradores interessados: Roof&amp;Roots optimiza o tempo de venda atrav\u00e9s de investidores internacionais, marketing e apoio t\u00e9cnico.\" \/>\n<meta property=\"og:url\" content=\"https:\/\/www.roofandroots.com\/pt-pt\/servicos-para-vendedores\/\" \/>\n<meta property=\"og:site_name\" content=\"Roof&amp;Roots\" \/>\n<meta property=\"article:modified_time\" content=\"2026-02-10T09:14:15+00:00\" \/>\n<meta property=\"og:image\" content=\"https:\/\/www.roofandroots.com\/wp-content\/uploads\/2025\/01\/tribe0785_exclusive_luxury_villa_in_italy_in_a_futuristic_but_5_a3841154-5039-45ae-a148-bc12757bb5c8-1-1024x821.png\" \/>\n<meta name=\"twitter:card\" content=\"summary_large_image\" \/>\n<meta name=\"twitter:title\" content=\"Especialistas em vendas de im\u00f3veis de luxo: obt\u00e9m o m\u00e1ximo valor\" \/>\n<meta name=\"twitter:description\" content=\"Encontra compradores interessados: Roof&amp;Roots optimiza o tempo de venda atrav\u00e9s de investidores internacionais, marketing e apoio t\u00e9cnico.\" \/>\n<meta name=\"twitter:image\" content=\"https:\/\/www.roofandroots.com\/wp-content\/uploads\/2025\/01\/tribe0785_exclusive_luxury_villa_in_italy_in_a_futuristic_but_5_a3841154-5039-45ae-a148-bc12757bb5c8-1-1024x821.png\" \/>\n<meta name=\"twitter:label1\" content=\"Tempo estimado de leitura\" \/>\n\t<meta name=\"twitter:data1\" content=\"7 minutos\" \/>\n<script type=\"application\/ld+json\" class=\"yoast-schema-graph\">{\"@context\":\"https:\\\/\\\/schema.org\",\"@graph\":[{\"@type\":\"WebPage\",\"@id\":\"https:\\\/\\\/www.roofandroots.com\\\/pt-pt\\\/servicos-para-vendedores\\\/\",\"url\":\"https:\\\/\\\/www.roofandroots.com\\\/pt-pt\\\/servicos-para-vendedores\\\/\",\"name\":\"Servi\u00e7os para vendedores - Roof&amp;Roots\",\"isPartOf\":{\"@id\":\"https:\\\/\\\/www.roofandroots.com\\\/#website\"},\"primaryImageOfPage\":{\"@id\":\"https:\\\/\\\/www.roofandroots.com\\\/pt-pt\\\/servicos-para-vendedores\\\/#primaryimage\"},\"image\":{\"@id\":\"https:\\\/\\\/www.roofandroots.com\\\/pt-pt\\\/servicos-para-vendedores\\\/#primaryimage\"},\"thumbnailUrl\":\"https:\\\/\\\/www.roofandroots.com\\\/wp-content\\\/uploads\\\/2025\\\/02\\\/apertura-servizi-chi-vende-1.png\",\"datePublished\":\"2025-02-28T09:53:41+00:00\",\"dateModified\":\"2026-02-10T09:14:15+00:00\",\"description\":\"Encontra compradores interessados: Roof&Roots optimiza o tempo de venda atrav\u00e9s de investidores internacionais, marketing e apoio t\u00e9cnico.\",\"breadcrumb\":{\"@id\":\"https:\\\/\\\/www.roofandroots.com\\\/pt-pt\\\/servicos-para-vendedores\\\/#breadcrumb\"},\"inLanguage\":\"pt-PT\",\"potentialAction\":[{\"@type\":\"ReadAction\",\"target\":[\"https:\\\/\\\/www.roofandroots.com\\\/pt-pt\\\/servicos-para-vendedores\\\/\"]}]},{\"@type\":\"ImageObject\",\"inLanguage\":\"pt-PT\",\"@id\":\"https:\\\/\\\/www.roofandroots.com\\\/pt-pt\\\/servicos-para-vendedores\\\/#primaryimage\",\"url\":\"https:\\\/\\\/www.roofandroots.com\\\/wp-content\\\/uploads\\\/2025\\\/02\\\/apertura-servizi-chi-vende-1.png\",\"contentUrl\":\"https:\\\/\\\/www.roofandroots.com\\\/wp-content\\\/uploads\\\/2025\\\/02\\\/apertura-servizi-chi-vende-1.png\",\"width\":1440,\"height\":579},{\"@type\":\"BreadcrumbList\",\"@id\":\"https:\\\/\\\/www.roofandroots.com\\\/pt-pt\\\/servicos-para-vendedores\\\/#breadcrumb\",\"itemListElement\":[{\"@type\":\"ListItem\",\"position\":1,\"name\":\"Home\",\"item\":\"https:\\\/\\\/www.roofandroots.com\\\/pt-pt\\\/\"},{\"@type\":\"ListItem\",\"position\":2,\"name\":\"Servi\u00e7os para vendedores\"}]},{\"@type\":\"WebSite\",\"@id\":\"https:\\\/\\\/www.roofandroots.com\\\/#website\",\"url\":\"https:\\\/\\\/www.roofandroots.com\\\/\",\"name\":\"Roof&Roots\",\"description\":\"There&#039;s more value in between\",\"publisher\":{\"@id\":\"https:\\\/\\\/www.roofandroots.com\\\/#organization\"},\"potentialAction\":[{\"@type\":\"SearchAction\",\"target\":{\"@type\":\"EntryPoint\",\"urlTemplate\":\"https:\\\/\\\/www.roofandroots.com\\\/?s={search_term_string}\"},\"query-input\":{\"@type\":\"PropertyValueSpecification\",\"valueRequired\":true,\"valueName\":\"search_term_string\"}}],\"inLanguage\":\"pt-PT\"},{\"@type\":\"Organization\",\"@id\":\"https:\\\/\\\/www.roofandroots.com\\\/#organization\",\"name\":\"Roof&Roots\",\"url\":\"https:\\\/\\\/www.roofandroots.com\\\/\",\"logo\":{\"@type\":\"ImageObject\",\"inLanguage\":\"pt-PT\",\"@id\":\"https:\\\/\\\/www.roofandroots.com\\\/#\\\/schema\\\/logo\\\/image\\\/\",\"url\":\"https:\\\/\\\/www.roofandroots.com\\\/wp-content\\\/uploads\\\/2024\\\/11\\\/logo.png\",\"contentUrl\":\"https:\\\/\\\/www.roofandroots.com\\\/wp-content\\\/uploads\\\/2024\\\/11\\\/logo.png\",\"width\":512,\"height\":243,\"caption\":\"Roof&Roots\"},\"image\":{\"@id\":\"https:\\\/\\\/www.roofandroots.com\\\/#\\\/schema\\\/logo\\\/image\\\/\"}}]}<\/script>\n<!-- \/ Yoast SEO plugin. -->","yoast_head_json":{"title":"Servi\u00e7os para vendedores - Roof&amp;Roots","description":"Encontra compradores interessados: Roof&Roots optimiza o tempo de venda atrav\u00e9s de investidores internacionais, marketing e apoio t\u00e9cnico.","robots":{"index":"index","follow":"follow","max-snippet":"max-snippet:-1","max-image-preview":"max-image-preview:large","max-video-preview":"max-video-preview:-1"},"canonical":"https:\/\/www.roofandroots.com\/pt-pt\/servicos-para-vendedores\/","og_locale":"pt_PT","og_type":"article","og_title":"Especialistas em vendas de im\u00f3veis de luxo: obt\u00e9m o m\u00e1ximo valor","og_description":"Encontra compradores interessados: Roof&Roots optimiza o tempo de venda atrav\u00e9s de investidores internacionais, marketing e apoio t\u00e9cnico.","og_url":"https:\/\/www.roofandroots.com\/pt-pt\/servicos-para-vendedores\/","og_site_name":"Roof&amp;Roots","article_modified_time":"2026-02-10T09:14:15+00:00","og_image":[{"url":"https:\/\/www.roofandroots.com\/wp-content\/uploads\/2025\/01\/tribe0785_exclusive_luxury_villa_in_italy_in_a_futuristic_but_5_a3841154-5039-45ae-a148-bc12757bb5c8-1-1024x821.png","type":"","width":"","height":""}],"twitter_card":"summary_large_image","twitter_title":"Especialistas em vendas de im\u00f3veis de luxo: obt\u00e9m o m\u00e1ximo valor","twitter_description":"Encontra compradores interessados: Roof&Roots optimiza o tempo de venda atrav\u00e9s de investidores internacionais, marketing e apoio t\u00e9cnico.","twitter_image":"https:\/\/www.roofandroots.com\/wp-content\/uploads\/2025\/01\/tribe0785_exclusive_luxury_villa_in_italy_in_a_futuristic_but_5_a3841154-5039-45ae-a148-bc12757bb5c8-1-1024x821.png","twitter_misc":{"Tempo estimado de leitura":"7 minutos"},"schema":{"@context":"https:\/\/schema.org","@graph":[{"@type":"WebPage","@id":"https:\/\/www.roofandroots.com\/pt-pt\/servicos-para-vendedores\/","url":"https:\/\/www.roofandroots.com\/pt-pt\/servicos-para-vendedores\/","name":"Servi\u00e7os para vendedores - Roof&amp;Roots","isPartOf":{"@id":"https:\/\/www.roofandroots.com\/#website"},"primaryImageOfPage":{"@id":"https:\/\/www.roofandroots.com\/pt-pt\/servicos-para-vendedores\/#primaryimage"},"image":{"@id":"https:\/\/www.roofandroots.com\/pt-pt\/servicos-para-vendedores\/#primaryimage"},"thumbnailUrl":"https:\/\/www.roofandroots.com\/wp-content\/uploads\/2025\/02\/apertura-servizi-chi-vende-1.png","datePublished":"2025-02-28T09:53:41+00:00","dateModified":"2026-02-10T09:14:15+00:00","description":"Encontra compradores interessados: Roof&Roots optimiza o tempo de venda atrav\u00e9s de investidores internacionais, marketing e apoio t\u00e9cnico.","breadcrumb":{"@id":"https:\/\/www.roofandroots.com\/pt-pt\/servicos-para-vendedores\/#breadcrumb"},"inLanguage":"pt-PT","potentialAction":[{"@type":"ReadAction","target":["https:\/\/www.roofandroots.com\/pt-pt\/servicos-para-vendedores\/"]}]},{"@type":"ImageObject","inLanguage":"pt-PT","@id":"https:\/\/www.roofandroots.com\/pt-pt\/servicos-para-vendedores\/#primaryimage","url":"https:\/\/www.roofandroots.com\/wp-content\/uploads\/2025\/02\/apertura-servizi-chi-vende-1.png","contentUrl":"https:\/\/www.roofandroots.com\/wp-content\/uploads\/2025\/02\/apertura-servizi-chi-vende-1.png","width":1440,"height":579},{"@type":"BreadcrumbList","@id":"https:\/\/www.roofandroots.com\/pt-pt\/servicos-para-vendedores\/#breadcrumb","itemListElement":[{"@type":"ListItem","position":1,"name":"Home","item":"https:\/\/www.roofandroots.com\/pt-pt\/"},{"@type":"ListItem","position":2,"name":"Servi\u00e7os para vendedores"}]},{"@type":"WebSite","@id":"https:\/\/www.roofandroots.com\/#website","url":"https:\/\/www.roofandroots.com\/","name":"Roof&Roots","description":"There&#039;s more value in between","publisher":{"@id":"https:\/\/www.roofandroots.com\/#organization"},"potentialAction":[{"@type":"SearchAction","target":{"@type":"EntryPoint","urlTemplate":"https:\/\/www.roofandroots.com\/?s={search_term_string}"},"query-input":{"@type":"PropertyValueSpecification","valueRequired":true,"valueName":"search_term_string"}}],"inLanguage":"pt-PT"},{"@type":"Organization","@id":"https:\/\/www.roofandroots.com\/#organization","name":"Roof&Roots","url":"https:\/\/www.roofandroots.com\/","logo":{"@type":"ImageObject","inLanguage":"pt-PT","@id":"https:\/\/www.roofandroots.com\/#\/schema\/logo\/image\/","url":"https:\/\/www.roofandroots.com\/wp-content\/uploads\/2024\/11\/logo.png","contentUrl":"https:\/\/www.roofandroots.com\/wp-content\/uploads\/2024\/11\/logo.png","width":512,"height":243,"caption":"Roof&Roots"},"image":{"@id":"https:\/\/www.roofandroots.com\/#\/schema\/logo\/image\/"}}]}},"featured_image_src":"https:\/\/www.roofandroots.com\/wp-content\/uploads\/2025\/02\/apertura-servizi-chi-vende-1-600x400.png","featured_image_src_square":"https:\/\/www.roofandroots.com\/wp-content\/uploads\/2025\/02\/apertura-servizi-chi-vende-1-600x579.png","_links":{"self":[{"href":"https:\/\/www.roofandroots.com\/pt-pt\/wp-json\/wp\/v2\/pages\/1916","targetHints":{"allow":["GET"]}}],"collection":[{"href":"https:\/\/www.roofandroots.com\/pt-pt\/wp-json\/wp\/v2\/pages"}],"about":[{"href":"https:\/\/www.roofandroots.com\/pt-pt\/wp-json\/wp\/v2\/types\/page"}],"author":[{"embeddable":true,"href":"https:\/\/www.roofandroots.com\/pt-pt\/wp-json\/wp\/v2\/users\/5"}],"replies":[{"embeddable":true,"href":"https:\/\/www.roofandroots.com\/pt-pt\/wp-json\/wp\/v2\/comments?post=1916"}],"version-history":[{"count":0,"href":"https:\/\/www.roofandroots.com\/pt-pt\/wp-json\/wp\/v2\/pages\/1916\/revisions"}],"wp:featuredmedia":[{"embeddable":true,"href":"https:\/\/www.roofandroots.com\/pt-pt\/wp-json\/wp\/v2\/media\/1917"}],"wp:attachment":[{"href":"https:\/\/www.roofandroots.com\/pt-pt\/wp-json\/wp\/v2\/media?parent=1916"}],"curies":[{"name":"wp","href":"https:\/\/api.w.org\/{rel}","templated":true}]}}