{"id":1893,"date":"2025-06-30T15:24:21","date_gmt":"2025-06-30T15:24:21","guid":{"rendered":"https:\/\/www.roofandroots.com\/propriedades\/residencias-em-bolonha\/"},"modified":"2025-06-30T15:24:21","modified_gmt":"2025-06-30T15:24:21","slug":"residencias-em-bolonha","status":"publish","type":"page","link":"https:\/\/www.roofandroots.com\/pt-pt\/propriedades\/residencias-em-bolonha\/","title":{"rendered":"Resid\u00eancias em Bolonha"},"content":{"rendered":"","protected":false},"excerpt":{"rendered":"","protected":false},"author":6,"featured_media":0,"parent":1806,"menu_order":0,"comment_status":"closed","ping_status":"closed","template":"","meta":{"_acf_changed":false,"_et_pb_use_builder":"","_et_pb_old_content":"","_et_gb_content_width":"","inline_featured_image":false,"footnotes":""},"class_list":["post-1893","page","type-page","status-publish","hentry"],"acf":[],"yoast_head":"<!-- This site is optimized with the Yoast SEO plugin v27.3 - https:\/\/yoast.com\/product\/yoast-seo-wordpress\/ -->\n<title>Resid\u00eancias em Bolonha - Roof&amp;Roots<\/title>\n<meta name=\"description\" content=\"Descobre as resid\u00eancias em Bolonha: solu\u00e7\u00f5es exclusivas entre a eleg\u00e2ncia hist\u00f3rica, o conforto moderno e a vivacidade do centro da cidade.\" \/>\n<meta name=\"robots\" content=\"index, follow, max-snippet:-1, max-image-preview:large, max-video-preview:-1\" \/>\n<link rel=\"canonical\" href=\"https:\/\/www.roofandroots.com\/pt-pt\/propriedades\/residencias-em-bolonha\/\" \/>\n<meta property=\"og:locale\" content=\"pt_PT\" \/>\n<meta property=\"og:type\" content=\"article\" \/>\n<meta property=\"og:title\" content=\"Resid\u00eancias em Bolonha\" \/>\n<meta property=\"og:description\" content=\"Descobre as resid\u00eancias em Bolonha: solu\u00e7\u00f5es exclusivas entre a eleg\u00e2ncia hist\u00f3rica, o conforto moderno e a vivacidade do centro da cidade.\" \/>\n<meta property=\"og:url\" content=\"https:\/\/www.roofandroots.com\/pt-pt\/propriedades\/residencias-em-bolonha\/\" \/>\n<meta property=\"og:site_name\" content=\"Roof&amp;Roots\" \/>\n<meta name=\"twitter:card\" content=\"summary_large_image\" \/>\n<meta name=\"twitter:title\" content=\"Resid\u00eancias em Bolonha\" \/>\n<meta name=\"twitter:description\" content=\"Descobre as resid\u00eancias em Bolonha: solu\u00e7\u00f5es exclusivas entre a eleg\u00e2ncia hist\u00f3rica, o conforto moderno e a vivacidade do centro da cidade.\" \/>\n<script type=\"application\/ld+json\" class=\"yoast-schema-graph\">{\"@context\":\"https:\\\/\\\/schema.org\",\"@graph\":[{\"@type\":\"WebPage\",\"@id\":\"https:\\\/\\\/www.roofandroots.com\\\/pt-pt\\\/propriedades\\\/residencias-em-bolonha\\\/\",\"url\":\"https:\\\/\\\/www.roofandroots.com\\\/pt-pt\\\/propriedades\\\/residencias-em-bolonha\\\/\",\"name\":\"Resid\u00eancias em Bolonha - Roof&amp;Roots\",\"isPartOf\":{\"@id\":\"https:\\\/\\\/www.roofandroots.com\\\/#website\"},\"datePublished\":\"2025-06-30T15:24:21+00:00\",\"description\":\"Descobre as resid\u00eancias em Bolonha: solu\u00e7\u00f5es exclusivas entre a eleg\u00e2ncia hist\u00f3rica, o conforto moderno e a vivacidade do centro da cidade.\",\"breadcrumb\":{\"@id\":\"https:\\\/\\\/www.roofandroots.com\\\/pt-pt\\\/propriedades\\\/residencias-em-bolonha\\\/#breadcrumb\"},\"inLanguage\":\"pt-PT\",\"potentialAction\":[{\"@type\":\"ReadAction\",\"target\":[\"https:\\\/\\\/www.roofandroots.com\\\/pt-pt\\\/propriedades\\\/residencias-em-bolonha\\\/\"]}]},{\"@type\":\"BreadcrumbList\",\"@id\":\"https:\\\/\\\/www.roofandroots.com\\\/pt-pt\\\/propriedades\\\/residencias-em-bolonha\\\/#breadcrumb\",\"itemListElement\":[{\"@type\":\"ListItem\",\"position\":1,\"name\":\"Home\",\"item\":\"https:\\\/\\\/www.roofandroots.com\\\/pt-pt\\\/\"},{\"@type\":\"ListItem\",\"position\":2,\"name\":\"Propriedades\",\"item\":\"https:\\\/\\\/www.roofandroots.com\\\/pt-pt\\\/propriedades\\\/\"},{\"@type\":\"ListItem\",\"position\":3,\"name\":\"Resid\u00eancias em Bolonha\"}]},{\"@type\":\"WebSite\",\"@id\":\"https:\\\/\\\/www.roofandroots.com\\\/#website\",\"url\":\"https:\\\/\\\/www.roofandroots.com\\\/\",\"name\":\"Roof&Roots\",\"description\":\"There&#039;s more value in between\",\"publisher\":{\"@id\":\"https:\\\/\\\/www.roofandroots.com\\\/#organization\"},\"potentialAction\":[{\"@type\":\"SearchAction\",\"target\":{\"@type\":\"EntryPoint\",\"urlTemplate\":\"https:\\\/\\\/www.roofandroots.com\\\/?s={search_term_string}\"},\"query-input\":{\"@type\":\"PropertyValueSpecification\",\"valueRequired\":true,\"valueName\":\"search_term_string\"}}],\"inLanguage\":\"pt-PT\"},{\"@type\":\"Organization\",\"@id\":\"https:\\\/\\\/www.roofandroots.com\\\/#organization\",\"name\":\"Roof&Roots\",\"url\":\"https:\\\/\\\/www.roofandroots.com\\\/\",\"logo\":{\"@type\":\"ImageObject\",\"inLanguage\":\"pt-PT\",\"@id\":\"https:\\\/\\\/www.roofandroots.com\\\/#\\\/schema\\\/logo\\\/image\\\/\",\"url\":\"https:\\\/\\\/www.roofandroots.com\\\/wp-content\\\/uploads\\\/2024\\\/11\\\/logo.png\",\"contentUrl\":\"https:\\\/\\\/www.roofandroots.com\\\/wp-content\\\/uploads\\\/2024\\\/11\\\/logo.png\",\"width\":512,\"height\":243,\"caption\":\"Roof&Roots\"},\"image\":{\"@id\":\"https:\\\/\\\/www.roofandroots.com\\\/#\\\/schema\\\/logo\\\/image\\\/\"}}]}<\/script>\n<!-- \/ Yoast SEO plugin. -->","yoast_head_json":{"title":"Resid\u00eancias em Bolonha - Roof&amp;Roots","description":"Descobre as resid\u00eancias em Bolonha: solu\u00e7\u00f5es exclusivas entre a eleg\u00e2ncia hist\u00f3rica, o conforto moderno e a vivacidade do centro da cidade.","robots":{"index":"index","follow":"follow","max-snippet":"max-snippet:-1","max-image-preview":"max-image-preview:large","max-video-preview":"max-video-preview:-1"},"canonical":"https:\/\/www.roofandroots.com\/pt-pt\/propriedades\/residencias-em-bolonha\/","og_locale":"pt_PT","og_type":"article","og_title":"Resid\u00eancias em Bolonha","og_description":"Descobre as resid\u00eancias em Bolonha: solu\u00e7\u00f5es exclusivas entre a eleg\u00e2ncia hist\u00f3rica, o conforto moderno e a vivacidade do centro da cidade.","og_url":"https:\/\/www.roofandroots.com\/pt-pt\/propriedades\/residencias-em-bolonha\/","og_site_name":"Roof&amp;Roots","twitter_card":"summary_large_image","twitter_title":"Resid\u00eancias em Bolonha","twitter_description":"Descobre as resid\u00eancias em Bolonha: solu\u00e7\u00f5es exclusivas entre a eleg\u00e2ncia hist\u00f3rica, o conforto moderno e a vivacidade do centro da cidade.","schema":{"@context":"https:\/\/schema.org","@graph":[{"@type":"WebPage","@id":"https:\/\/www.roofandroots.com\/pt-pt\/propriedades\/residencias-em-bolonha\/","url":"https:\/\/www.roofandroots.com\/pt-pt\/propriedades\/residencias-em-bolonha\/","name":"Resid\u00eancias em Bolonha - Roof&amp;Roots","isPartOf":{"@id":"https:\/\/www.roofandroots.com\/#website"},"datePublished":"2025-06-30T15:24:21+00:00","description":"Descobre as resid\u00eancias em Bolonha: solu\u00e7\u00f5es exclusivas entre a eleg\u00e2ncia hist\u00f3rica, o conforto moderno e a vivacidade do centro da cidade.","breadcrumb":{"@id":"https:\/\/www.roofandroots.com\/pt-pt\/propriedades\/residencias-em-bolonha\/#breadcrumb"},"inLanguage":"pt-PT","potentialAction":[{"@type":"ReadAction","target":["https:\/\/www.roofandroots.com\/pt-pt\/propriedades\/residencias-em-bolonha\/"]}]},{"@type":"BreadcrumbList","@id":"https:\/\/www.roofandroots.com\/pt-pt\/propriedades\/residencias-em-bolonha\/#breadcrumb","itemListElement":[{"@type":"ListItem","position":1,"name":"Home","item":"https:\/\/www.roofandroots.com\/pt-pt\/"},{"@type":"ListItem","position":2,"name":"Propriedades","item":"https:\/\/www.roofandroots.com\/pt-pt\/propriedades\/"},{"@type":"ListItem","position":3,"name":"Resid\u00eancias em Bolonha"}]},{"@type":"WebSite","@id":"https:\/\/www.roofandroots.com\/#website","url":"https:\/\/www.roofandroots.com\/","name":"Roof&Roots","description":"There&#039;s more value in between","publisher":{"@id":"https:\/\/www.roofandroots.com\/#organization"},"potentialAction":[{"@type":"SearchAction","target":{"@type":"EntryPoint","urlTemplate":"https:\/\/www.roofandroots.com\/?s={search_term_string}"},"query-input":{"@type":"PropertyValueSpecification","valueRequired":true,"valueName":"search_term_string"}}],"inLanguage":"pt-PT"},{"@type":"Organization","@id":"https:\/\/www.roofandroots.com\/#organization","name":"Roof&Roots","url":"https:\/\/www.roofandroots.com\/","logo":{"@type":"ImageObject","inLanguage":"pt-PT","@id":"https:\/\/www.roofandroots.com\/#\/schema\/logo\/image\/","url":"https:\/\/www.roofandroots.com\/wp-content\/uploads\/2024\/11\/logo.png","contentUrl":"https:\/\/www.roofandroots.com\/wp-content\/uploads\/2024\/11\/logo.png","width":512,"height":243,"caption":"Roof&Roots"},"image":{"@id":"https:\/\/www.roofandroots.com\/#\/schema\/logo\/image\/"}}]}},"featured_image_src":null,"featured_image_src_square":null,"_links":{"self":[{"href":"https:\/\/www.roofandroots.com\/pt-pt\/wp-json\/wp\/v2\/pages\/1893","targetHints":{"allow":["GET"]}}],"collection":[{"href":"https:\/\/www.roofandroots.com\/pt-pt\/wp-json\/wp\/v2\/pages"}],"about":[{"href":"https:\/\/www.roofandroots.com\/pt-pt\/wp-json\/wp\/v2\/types\/page"}],"author":[{"embeddable":true,"href":"https:\/\/www.roofandroots.com\/pt-pt\/wp-json\/wp\/v2\/users\/6"}],"replies":[{"embeddable":true,"href":"https:\/\/www.roofandroots.com\/pt-pt\/wp-json\/wp\/v2\/comments?post=1893"}],"version-history":[{"count":0,"href":"https:\/\/www.roofandroots.com\/pt-pt\/wp-json\/wp\/v2\/pages\/1893\/revisions"}],"up":[{"embeddable":true,"href":"https:\/\/www.roofandroots.com\/pt-pt\/wp-json\/wp\/v2\/pages\/1806"}],"wp:attachment":[{"href":"https:\/\/www.roofandroots.com\/pt-pt\/wp-json\/wp\/v2\/media?parent=1893"}],"curies":[{"name":"wp","href":"https:\/\/api.w.org\/{rel}","templated":true}]}}