{"id":1884,"date":"2025-06-30T14:48:51","date_gmt":"2025-06-30T14:48:51","guid":{"rendered":"https:\/\/www.roofandroots.com\/propriedades\/moradias-em-roma\/"},"modified":"2025-06-30T14:48:51","modified_gmt":"2025-06-30T14:48:51","slug":"moradias-em-roma","status":"publish","type":"page","link":"https:\/\/www.roofandroots.com\/pt-pt\/propriedades\/moradias-em-roma\/","title":{"rendered":"Moradias em Roma"},"content":{"rendered":"","protected":false},"excerpt":{"rendered":"","protected":false},"author":6,"featured_media":0,"parent":1806,"menu_order":0,"comment_status":"closed","ping_status":"closed","template":"","meta":{"_acf_changed":false,"_et_pb_use_builder":"","_et_pb_old_content":"","_et_gb_content_width":"","inline_featured_image":false,"footnotes":""},"class_list":["post-1884","page","type-page","status-publish","hentry"],"acf":[],"yoast_head":"<!-- This site is optimized with the Yoast SEO plugin v27.3 - https:\/\/yoast.com\/product\/yoast-seo-wordpress\/ -->\n<title>Moradias em Roma - Roof&amp;Roots<\/title>\n<meta name=\"description\" content=\"Descobre as villas em Roma: resid\u00eancias de prest\u00edgio entre hist\u00f3ria, eleg\u00e2ncia e conforto moderno, nos bairros mais exclusivos da capital.\" \/>\n<meta name=\"robots\" content=\"index, follow, max-snippet:-1, max-image-preview:large, max-video-preview:-1\" \/>\n<link rel=\"canonical\" href=\"https:\/\/www.roofandroots.com\/pt-pt\/propriedades\/moradias-em-roma\/\" \/>\n<meta property=\"og:locale\" content=\"pt_PT\" \/>\n<meta property=\"og:type\" content=\"article\" \/>\n<meta property=\"og:title\" content=\"Moradias em Roma - Roof&amp;Roots\" \/>\n<meta property=\"og:description\" content=\"Descobre as moradias em Roma: resid\u00eancias de prest\u00edgio no meio da hist\u00f3ria, da eleg\u00e2ncia e do conforto moderno, nos bairros mais exclusivos da capital.\" \/>\n<meta property=\"og:url\" content=\"https:\/\/www.roofandroots.com\/pt-pt\/propriedades\/moradias-em-roma\/\" \/>\n<meta property=\"og:site_name\" content=\"Roof&amp;Roots\" \/>\n<meta name=\"twitter:card\" content=\"summary_large_image\" \/>\n<meta name=\"twitter:title\" content=\"Moradias em Roma - Roof&amp;Roots\" \/>\n<meta name=\"twitter:description\" content=\"Descobre as villas em Roma: resid\u00eancias de prest\u00edgio entre hist\u00f3ria, eleg\u00e2ncia e conforto moderno, nos bairros mais exclusivos da capital.\" \/>\n<script type=\"application\/ld+json\" class=\"yoast-schema-graph\">{\"@context\":\"https:\\\/\\\/schema.org\",\"@graph\":[{\"@type\":\"WebPage\",\"@id\":\"https:\\\/\\\/www.roofandroots.com\\\/pt-pt\\\/propriedades\\\/moradias-em-roma\\\/\",\"url\":\"https:\\\/\\\/www.roofandroots.com\\\/pt-pt\\\/propriedades\\\/moradias-em-roma\\\/\",\"name\":\"Moradias em Roma - Roof&amp;Roots\",\"isPartOf\":{\"@id\":\"https:\\\/\\\/www.roofandroots.com\\\/#website\"},\"datePublished\":\"2025-06-30T14:48:51+00:00\",\"description\":\"Descobre as villas em Roma: resid\u00eancias de prest\u00edgio entre hist\u00f3ria, eleg\u00e2ncia e conforto moderno, nos bairros mais exclusivos da capital.\",\"breadcrumb\":{\"@id\":\"https:\\\/\\\/www.roofandroots.com\\\/pt-pt\\\/propriedades\\\/moradias-em-roma\\\/#breadcrumb\"},\"inLanguage\":\"pt-PT\",\"potentialAction\":[{\"@type\":\"ReadAction\",\"target\":[\"https:\\\/\\\/www.roofandroots.com\\\/pt-pt\\\/propriedades\\\/moradias-em-roma\\\/\"]}]},{\"@type\":\"BreadcrumbList\",\"@id\":\"https:\\\/\\\/www.roofandroots.com\\\/pt-pt\\\/propriedades\\\/moradias-em-roma\\\/#breadcrumb\",\"itemListElement\":[{\"@type\":\"ListItem\",\"position\":1,\"name\":\"Home\",\"item\":\"https:\\\/\\\/www.roofandroots.com\\\/pt-pt\\\/\"},{\"@type\":\"ListItem\",\"position\":2,\"name\":\"Propriedades\",\"item\":\"https:\\\/\\\/www.roofandroots.com\\\/pt-pt\\\/propriedades\\\/\"},{\"@type\":\"ListItem\",\"position\":3,\"name\":\"Moradias em Roma\"}]},{\"@type\":\"WebSite\",\"@id\":\"https:\\\/\\\/www.roofandroots.com\\\/#website\",\"url\":\"https:\\\/\\\/www.roofandroots.com\\\/\",\"name\":\"Roof&Roots\",\"description\":\"There&#039;s more value in between\",\"publisher\":{\"@id\":\"https:\\\/\\\/www.roofandroots.com\\\/#organization\"},\"potentialAction\":[{\"@type\":\"SearchAction\",\"target\":{\"@type\":\"EntryPoint\",\"urlTemplate\":\"https:\\\/\\\/www.roofandroots.com\\\/?s={search_term_string}\"},\"query-input\":{\"@type\":\"PropertyValueSpecification\",\"valueRequired\":true,\"valueName\":\"search_term_string\"}}],\"inLanguage\":\"pt-PT\"},{\"@type\":\"Organization\",\"@id\":\"https:\\\/\\\/www.roofandroots.com\\\/#organization\",\"name\":\"Roof&Roots\",\"url\":\"https:\\\/\\\/www.roofandroots.com\\\/\",\"logo\":{\"@type\":\"ImageObject\",\"inLanguage\":\"pt-PT\",\"@id\":\"https:\\\/\\\/www.roofandroots.com\\\/#\\\/schema\\\/logo\\\/image\\\/\",\"url\":\"https:\\\/\\\/www.roofandroots.com\\\/wp-content\\\/uploads\\\/2024\\\/11\\\/logo.png\",\"contentUrl\":\"https:\\\/\\\/www.roofandroots.com\\\/wp-content\\\/uploads\\\/2024\\\/11\\\/logo.png\",\"width\":512,\"height\":243,\"caption\":\"Roof&Roots\"},\"image\":{\"@id\":\"https:\\\/\\\/www.roofandroots.com\\\/#\\\/schema\\\/logo\\\/image\\\/\"}}]}<\/script>\n<!-- \/ Yoast SEO plugin. -->","yoast_head_json":{"title":"Moradias em Roma - Roof&amp;Roots","description":"Descobre as villas em Roma: resid\u00eancias de prest\u00edgio entre hist\u00f3ria, eleg\u00e2ncia e conforto moderno, nos bairros mais exclusivos da capital.","robots":{"index":"index","follow":"follow","max-snippet":"max-snippet:-1","max-image-preview":"max-image-preview:large","max-video-preview":"max-video-preview:-1"},"canonical":"https:\/\/www.roofandroots.com\/pt-pt\/propriedades\/moradias-em-roma\/","og_locale":"pt_PT","og_type":"article","og_title":"Moradias em Roma - Roof&amp;Roots","og_description":"Descobre as moradias em Roma: resid\u00eancias de prest\u00edgio no meio da hist\u00f3ria, da eleg\u00e2ncia e do conforto moderno, nos bairros mais exclusivos da capital.","og_url":"https:\/\/www.roofandroots.com\/pt-pt\/propriedades\/moradias-em-roma\/","og_site_name":"Roof&amp;Roots","twitter_card":"summary_large_image","twitter_title":"Moradias em Roma - Roof&amp;Roots","twitter_description":"Descobre as villas em Roma: resid\u00eancias de prest\u00edgio entre hist\u00f3ria, eleg\u00e2ncia e conforto moderno, nos bairros mais exclusivos da capital.","schema":{"@context":"https:\/\/schema.org","@graph":[{"@type":"WebPage","@id":"https:\/\/www.roofandroots.com\/pt-pt\/propriedades\/moradias-em-roma\/","url":"https:\/\/www.roofandroots.com\/pt-pt\/propriedades\/moradias-em-roma\/","name":"Moradias em Roma - Roof&amp;Roots","isPartOf":{"@id":"https:\/\/www.roofandroots.com\/#website"},"datePublished":"2025-06-30T14:48:51+00:00","description":"Descobre as villas em Roma: resid\u00eancias de prest\u00edgio entre hist\u00f3ria, eleg\u00e2ncia e conforto moderno, nos bairros mais exclusivos da capital.","breadcrumb":{"@id":"https:\/\/www.roofandroots.com\/pt-pt\/propriedades\/moradias-em-roma\/#breadcrumb"},"inLanguage":"pt-PT","potentialAction":[{"@type":"ReadAction","target":["https:\/\/www.roofandroots.com\/pt-pt\/propriedades\/moradias-em-roma\/"]}]},{"@type":"BreadcrumbList","@id":"https:\/\/www.roofandroots.com\/pt-pt\/propriedades\/moradias-em-roma\/#breadcrumb","itemListElement":[{"@type":"ListItem","position":1,"name":"Home","item":"https:\/\/www.roofandroots.com\/pt-pt\/"},{"@type":"ListItem","position":2,"name":"Propriedades","item":"https:\/\/www.roofandroots.com\/pt-pt\/propriedades\/"},{"@type":"ListItem","position":3,"name":"Moradias em Roma"}]},{"@type":"WebSite","@id":"https:\/\/www.roofandroots.com\/#website","url":"https:\/\/www.roofandroots.com\/","name":"Roof&Roots","description":"There&#039;s more value in between","publisher":{"@id":"https:\/\/www.roofandroots.com\/#organization"},"potentialAction":[{"@type":"SearchAction","target":{"@type":"EntryPoint","urlTemplate":"https:\/\/www.roofandroots.com\/?s={search_term_string}"},"query-input":{"@type":"PropertyValueSpecification","valueRequired":true,"valueName":"search_term_string"}}],"inLanguage":"pt-PT"},{"@type":"Organization","@id":"https:\/\/www.roofandroots.com\/#organization","name":"Roof&Roots","url":"https:\/\/www.roofandroots.com\/","logo":{"@type":"ImageObject","inLanguage":"pt-PT","@id":"https:\/\/www.roofandroots.com\/#\/schema\/logo\/image\/","url":"https:\/\/www.roofandroots.com\/wp-content\/uploads\/2024\/11\/logo.png","contentUrl":"https:\/\/www.roofandroots.com\/wp-content\/uploads\/2024\/11\/logo.png","width":512,"height":243,"caption":"Roof&Roots"},"image":{"@id":"https:\/\/www.roofandroots.com\/#\/schema\/logo\/image\/"}}]}},"featured_image_src":null,"featured_image_src_square":null,"_links":{"self":[{"href":"https:\/\/www.roofandroots.com\/pt-pt\/wp-json\/wp\/v2\/pages\/1884","targetHints":{"allow":["GET"]}}],"collection":[{"href":"https:\/\/www.roofandroots.com\/pt-pt\/wp-json\/wp\/v2\/pages"}],"about":[{"href":"https:\/\/www.roofandroots.com\/pt-pt\/wp-json\/wp\/v2\/types\/page"}],"author":[{"embeddable":true,"href":"https:\/\/www.roofandroots.com\/pt-pt\/wp-json\/wp\/v2\/users\/6"}],"replies":[{"embeddable":true,"href":"https:\/\/www.roofandroots.com\/pt-pt\/wp-json\/wp\/v2\/comments?post=1884"}],"version-history":[{"count":0,"href":"https:\/\/www.roofandroots.com\/pt-pt\/wp-json\/wp\/v2\/pages\/1884\/revisions"}],"up":[{"embeddable":true,"href":"https:\/\/www.roofandroots.com\/pt-pt\/wp-json\/wp\/v2\/pages\/1806"}],"wp:attachment":[{"href":"https:\/\/www.roofandroots.com\/pt-pt\/wp-json\/wp\/v2\/media?parent=1884"}],"curies":[{"name":"wp","href":"https:\/\/api.w.org\/{rel}","templated":true}]}}