{"id":1816,"date":"2025-03-05T15:19:06","date_gmt":"2025-03-05T15:19:06","guid":{"rendered":"https:\/\/www.roofandroots.com\/castelos\/"},"modified":"2025-03-05T15:19:06","modified_gmt":"2025-03-05T15:19:06","slug":"castelos","status":"publish","type":"page","link":"https:\/\/www.roofandroots.com\/pt-pt\/propriedades\/castelos\/","title":{"rendered":"Castelos"},"content":{"rendered":"<h5><b>Porqu\u00ea investir num castelo?<\/b><\/h5>\n<p><span style=\"font-weight: 400;\">Hist\u00f3ria, prest\u00edgio, luxo, exclusividade: um castelo cont\u00e9m tudo isto.<\/span><\/p>\n<p><span style=\"font-weight: 400;\">Comprar um castelo significa optar por entrar num mundo que vai muito al\u00e9m de uma experi\u00eancia de vida extraordin\u00e1ria. S\u00edmbolos de requinte e poder, estas resid\u00eancias hist\u00f3ricas oferecem espa\u00e7os imponentes e detalhes arquitect\u00f3nicos \u00fanicos, suspensos numa atmosfera intemporal que encanta e fascina. <\/span><\/p>\n<h5><b>Onde se situam os castelos<\/b><\/h5>\n<p><span style=\"font-weight: 400;\">Situados nos locais mais pitorescos, muitas vezes em posi\u00e7\u00f5es elevadas, rodeados por <\/span><a href=\"https:\/\/www.roofandroots.com\/pt-pt\/vinhas\/\"><span style=\"font-weight: 400;\">vinhas<\/span><\/a><span style=\"font-weight: 400;\">  centen\u00e1rias ou <a href=\"https:\/\/www.roofandroots.com\/pt-pt\/propriedades\/uma-vista-de-cortar-a-respiracao\/\">com vistas de cortar a respira\u00e7\u00e3o<\/a>, estas <a href=\"https:\/\/www.roofandroots.com\/pt-pt\/propriedades\/residencias-historicas\/\">resid\u00eancias hist\u00f3ricas<\/a> que fazem parte da oferta Roof&amp;Roots representam o equil\u00edbrio perfeito entre privacidade e magnific\u00eancia. As muralhas antigas contam hist\u00f3rias de \u00e9pocas passadas, enquanto as torres com ameias, os sal\u00f5es ornamentados e os jardins monumentais evocam uma eleg\u00e2ncia intemporal. Viver num castelo significa tamb\u00e9m preservar um verdadeiro peda\u00e7o de hist\u00f3ria, trazido para os dias de hoje gra\u00e7as \u00e0s mais modernas &#8211; mas discretas e respeitadoras das estruturas originais &#8211; solu\u00e7\u00f5es de habita\u00e7\u00e3o, para um conforto sem compromissos.  <\/span><\/p>\n<h5><b>Como s\u00e3o as salas de um castelo: tectos em caixot\u00f5es, escadas, lareiras, frescos<\/b><\/h5>\n<p><span style=\"font-weight: 400;\">Os interiores destas belas resid\u00eancias s\u00e3o uma profus\u00e3o de preciosos detalhes arquitect\u00f3nicos:<\/span><\/p>\n<ul>\n<li style=\"font-weight: 400;\" aria-level=\"1\"><span style=\"font-weight: 400;\">tectos em caixot\u00f5es decorados<\/span><\/li>\n<li style=\"font-weight: 400;\" aria-level=\"1\"><span style=\"font-weight: 400;\">escadas majestosas<\/span><\/li>\n<li style=\"font-weight: 400;\" aria-level=\"1\"><span style=\"font-weight: 400;\">lareiras<\/span><span style=\"font-weight: 400;\"> em pedra esculpida<\/span><\/li>\n<li style=\"font-weight: 400;\" aria-level=\"1\"><span style=\"font-weight: 400;\">os frescos antigos que adornam os espa\u00e7osos quartos.<\/span><\/li>\n<\/ul>\n<p><span style=\"font-weight: 400;\">Cada espa\u00e7o foi concebido para oferecer uma experi\u00eancia de vida que combina o charme tradicional com a funcionalidade contempor\u00e2nea. Os quartos, verdadeiras master suites, oferecem momentos de relaxamento absoluto, enquanto as bibliotecas, as salas de m\u00fasica e os grandes sal\u00f5es acolhem os h\u00f3spedes numa atmosfera de pura eleg\u00e2ncia. <\/span><\/p>\n<p><span style=\"font-weight: 400;\">No exterior, os castelos abrem-se frequentemente para <a href=\"https:\/\/www.roofandroots.com\/pt-pt\/propriedades\/grandes-espacos-exteriores\/\">vastos parques<\/a> seculares ou jardins italianos, p\u00e1tios interiores e terra\u00e7os panor\u00e2micos. Cada elemento da paisagem circundante contribui para criar um cen\u00e1rio de sonho, onde a beleza da natureza refor\u00e7a ainda mais o prest\u00edgio da resid\u00eancia. Muitas destas propriedades possuem tamb\u00e9m vinhas ou olivais privados, bem como \u00e1reas de lazer como  <\/span> <a href=\"https:\/\/www.roofandroots.com\/pt-pt\/propriedades\/piscina\/\"><span style=\"font-weight: 400;\">piscinas privadas<\/span><\/a><span style=\"font-weight: 400;\"><a href=\"https:\/\/www.roofandroots.com\/pt-pt\/propriedades\/perto-de-campos-de-golfe\/\">campos de golfe<\/a> panor\u00e2micos e est\u00e1bulos.<\/span><\/p>\n<h5><b>O patrim\u00f3nio cultural e arquitet\u00f3nico de um castelo<\/b><\/h5>\n<p><span style=\"font-weight: 400;\">Para al\u00e9m do seu charme inigual\u00e1vel e da sua localiza\u00e7\u00e3o privilegiada, os castelos de luxo oferecem tamb\u00e9m servi\u00e7os exclusivos: sistemas de dom\u00f3tica, sistemas de seguran\u00e7a de \u00faltima gera\u00e7\u00e3o e solu\u00e7\u00f5es de poupan\u00e7a de energia tornam poss\u00edvel viver num contexto hist\u00f3rico, mas com todos os confortos mais modernos. Alguns castelos disp\u00f5em de spas privados, cinemas internos e adegas restauradas para degusta\u00e7\u00f5es requintadas, oferecendo uma experi\u00eancia \u00e0 medida de quem procura a excel\u00eancia em todos os pormenores. <\/span><\/p>\n<p><span style=\"font-weight: 400;\">Escolher um castelo n\u00e3o significa apenas comprar uma resid\u00eancia, mas investir num patrim\u00f3nio cultural e arquitet\u00f3nico de valor inestim\u00e1vel, superior ao valor intr\u00ednseco do im\u00f3vel. Os castelos representam, de facto, um patrim\u00f3nio \u00fanico, capaz de transmitir prest\u00edgio e requinte ao longo das gera\u00e7\u00f5es. <\/span><\/p>\n<h5><b>Os castelos extraordin\u00e1rios selecionados pela Roof&amp;Roots nos locais mais fascinantes de It\u00e1lia<\/b><\/h5>\n<p><span style=\"font-weight: 400;\">A procura de um castelo \u00e9 uma opera\u00e7\u00e3o morosa e pode n\u00e3o ser isenta de riscos. Os consultores de alto n\u00edvel da Roof&amp;Roots oferecem os seus conhecimentos multidisciplinares para orientar os seus clientes da melhor forma poss\u00edvel, tamb\u00e9m gra\u00e7as a um extenso mapeamento t\u00e9cnico-cient\u00edfico de todo o territ\u00f3rio italiano, que permite \u00e0 Roof&amp;Roots propor um portef\u00f3lio de castelos extraordin\u00e1rios nos locais italianos mais fascinantes, oferecendo solu\u00e7\u00f5es exclusivas para quem deseja uma resid\u00eancia inigual\u00e1vel: por exemplo, castelos \u00e0 venda em <a href=\"https:\/\/www.roofandroots.com\/pt-pt\/propriedades\/residencias-em-milao\/\">Mil\u00e3o<\/a> <\/span><span style=\"font-weight: 400;\">A <a href=\"https:\/\/www.roofandroots.com\/pt-pt\/propriedades\/casas-de-campo-em-chianti\/\">tua<\/a> casa de campo est\u00e1 situada nas colinas de Chianti, perto de <a href=\"https:\/\/www.roofandroots.com\/pt-pt\/propriedades\/moradias-em-siena\/\">Siena<\/a> ou <a href=\"https:\/\/www.roofandroots.com\/pt-pt\/propriedades\/moradias-em-lucca\/\">Lucca. <\/a><\/span><span style=\"font-weight: 400;\">Porque o verdadeiro luxo n\u00e3o \u00e9 apenas possuir um castelo, mas viv\u00ea-lo ao m\u00e1ximo, imerso numa atmosfera de hist\u00f3ria, charme e beleza absoluta.<\/span><\/p>\n","protected":false},"excerpt":{"rendered":"<p>Porqu\u00ea investir num castelo? Hist\u00f3ria, prest\u00edgio, luxo, exclusividade: um castelo cont\u00e9m tudo isto. Comprar um castelo significa optar por entrar num mundo que vai muito al\u00e9m de uma experi\u00eancia de vida extraordin\u00e1ria. S\u00edmbolos de requinte e poder, estas resid\u00eancias hist\u00f3ricas oferecem espa\u00e7os imponentes e detalhes arquitect\u00f3nicos \u00fanicos, suspensos numa atmosfera intemporal que encanta e fascina. [&hellip;]<\/p>\n","protected":false},"author":2,"featured_media":1817,"parent":1806,"menu_order":0,"comment_status":"closed","ping_status":"closed","template":"","meta":{"_acf_changed":false,"_et_pb_use_builder":"","_et_pb_old_content":"","_et_gb_content_width":"","inline_featured_image":false,"footnotes":""},"class_list":["post-1816","page","type-page","status-publish","has-post-thumbnail","hentry"],"acf":[],"yoast_head":"<!-- This site is optimized with the Yoast SEO plugin v27.3 - https:\/\/yoast.com\/product\/yoast-seo-wordpress\/ -->\n<title>Castelos - Roof&amp;Roots<\/title>\n<meta name=\"description\" content=\"Entra num mundo de sofistica\u00e7\u00e3o intemporal: explora as propostas dos castelos onde o charme, a hist\u00f3ria e a arquitetura se fundem harmoniosamente.\" \/>\n<meta name=\"robots\" content=\"index, follow, max-snippet:-1, max-image-preview:large, max-video-preview:-1\" \/>\n<link rel=\"canonical\" href=\"https:\/\/www.roofandroots.com\/pt-pt\/castelos\/\" \/>\n<meta property=\"og:locale\" content=\"pt_PT\" \/>\n<meta property=\"og:type\" content=\"article\" \/>\n<meta property=\"og:title\" content=\"Castelos \u00e0 venda: Encontra a tua resid\u00eancia de sonho\" \/>\n<meta property=\"og:description\" content=\"Entra num mundo de sofistica\u00e7\u00e3o intemporal: explora as propostas dos castelos onde o charme, a hist\u00f3ria e a arquitetura se fundem harmoniosamente.\" \/>\n<meta property=\"og:url\" content=\"https:\/\/www.roofandroots.com\/pt-pt\/castelos\/\" \/>\n<meta property=\"og:site_name\" content=\"Roof&amp;Roots\" \/>\n<meta property=\"og:image\" content=\"https:\/\/www.roofandroots.com\/wp-content\/uploads\/2025\/04\/castello-1-1024x963.png\" \/>\n<meta name=\"twitter:card\" content=\"summary_large_image\" \/>\n<meta name=\"twitter:title\" content=\"Castelos \u00e0 venda: Encontra a tua resid\u00eancia de sonho\" \/>\n<meta name=\"twitter:description\" content=\"Entra num mundo de sofistica\u00e7\u00e3o intemporal: explora as propostas dos castelos onde o charme, a hist\u00f3ria e a arquitetura se misturam harmoniosamente.\" \/>\n<meta name=\"twitter:image\" content=\"https:\/\/www.roofandroots.com\/wp-content\/uploads\/2025\/04\/castello-1-1024x963.png\" \/>\n<meta name=\"twitter:label1\" content=\"Tempo estimado de leitura\" \/>\n\t<meta name=\"twitter:data1\" content=\"3 minutos\" \/>\n<script type=\"application\/ld+json\" class=\"yoast-schema-graph\">{\"@context\":\"https:\\\/\\\/schema.org\",\"@graph\":[{\"@type\":\"WebPage\",\"@id\":\"https:\\\/\\\/www.roofandroots.com\\\/pt-pt\\\/castelos\\\/\",\"url\":\"https:\\\/\\\/www.roofandroots.com\\\/pt-pt\\\/castelos\\\/\",\"name\":\"Castelos - Roof&amp;Roots\",\"isPartOf\":{\"@id\":\"https:\\\/\\\/www.roofandroots.com\\\/#website\"},\"primaryImageOfPage\":{\"@id\":\"https:\\\/\\\/www.roofandroots.com\\\/pt-pt\\\/castelos\\\/#primaryimage\"},\"image\":{\"@id\":\"https:\\\/\\\/www.roofandroots.com\\\/pt-pt\\\/castelos\\\/#primaryimage\"},\"thumbnailUrl\":\"https:\\\/\\\/www.roofandroots.com\\\/wp-content\\\/uploads\\\/2025\\\/04\\\/castello-1.png\",\"datePublished\":\"2025-03-05T15:19:06+00:00\",\"description\":\"Entra num mundo de sofistica\u00e7\u00e3o intemporal: explora as propostas dos castelos onde o charme, a hist\u00f3ria e a arquitetura se fundem harmoniosamente.\",\"breadcrumb\":{\"@id\":\"https:\\\/\\\/www.roofandroots.com\\\/pt-pt\\\/castelos\\\/#breadcrumb\"},\"inLanguage\":\"pt-PT\",\"potentialAction\":[{\"@type\":\"ReadAction\",\"target\":[\"https:\\\/\\\/www.roofandroots.com\\\/pt-pt\\\/castelos\\\/\"]}]},{\"@type\":\"ImageObject\",\"inLanguage\":\"pt-PT\",\"@id\":\"https:\\\/\\\/www.roofandroots.com\\\/pt-pt\\\/castelos\\\/#primaryimage\",\"url\":\"https:\\\/\\\/www.roofandroots.com\\\/wp-content\\\/uploads\\\/2025\\\/04\\\/castello-1.png\",\"contentUrl\":\"https:\\\/\\\/www.roofandroots.com\\\/wp-content\\\/uploads\\\/2025\\\/04\\\/castello-1.png\",\"width\":1063,\"height\":1000},{\"@type\":\"BreadcrumbList\",\"@id\":\"https:\\\/\\\/www.roofandroots.com\\\/pt-pt\\\/castelos\\\/#breadcrumb\",\"itemListElement\":[{\"@type\":\"ListItem\",\"position\":1,\"name\":\"Home\",\"item\":\"https:\\\/\\\/www.roofandroots.com\\\/pt-pt\\\/\"},{\"@type\":\"ListItem\",\"position\":2,\"name\":\"Castelos\"}]},{\"@type\":\"WebSite\",\"@id\":\"https:\\\/\\\/www.roofandroots.com\\\/#website\",\"url\":\"https:\\\/\\\/www.roofandroots.com\\\/\",\"name\":\"Roof&Roots\",\"description\":\"There&#039;s more value in between\",\"publisher\":{\"@id\":\"https:\\\/\\\/www.roofandroots.com\\\/#organization\"},\"potentialAction\":[{\"@type\":\"SearchAction\",\"target\":{\"@type\":\"EntryPoint\",\"urlTemplate\":\"https:\\\/\\\/www.roofandroots.com\\\/?s={search_term_string}\"},\"query-input\":{\"@type\":\"PropertyValueSpecification\",\"valueRequired\":true,\"valueName\":\"search_term_string\"}}],\"inLanguage\":\"pt-PT\"},{\"@type\":\"Organization\",\"@id\":\"https:\\\/\\\/www.roofandroots.com\\\/#organization\",\"name\":\"Roof&Roots\",\"url\":\"https:\\\/\\\/www.roofandroots.com\\\/\",\"logo\":{\"@type\":\"ImageObject\",\"inLanguage\":\"pt-PT\",\"@id\":\"https:\\\/\\\/www.roofandroots.com\\\/#\\\/schema\\\/logo\\\/image\\\/\",\"url\":\"https:\\\/\\\/www.roofandroots.com\\\/wp-content\\\/uploads\\\/2024\\\/11\\\/logo.png\",\"contentUrl\":\"https:\\\/\\\/www.roofandroots.com\\\/wp-content\\\/uploads\\\/2024\\\/11\\\/logo.png\",\"width\":512,\"height\":243,\"caption\":\"Roof&Roots\"},\"image\":{\"@id\":\"https:\\\/\\\/www.roofandroots.com\\\/#\\\/schema\\\/logo\\\/image\\\/\"}}]}<\/script>\n<!-- \/ Yoast SEO plugin. -->","yoast_head_json":{"title":"Castelos - Roof&amp;Roots","description":"Entra num mundo de sofistica\u00e7\u00e3o intemporal: explora as propostas dos castelos onde o charme, a hist\u00f3ria e a arquitetura se fundem harmoniosamente.","robots":{"index":"index","follow":"follow","max-snippet":"max-snippet:-1","max-image-preview":"max-image-preview:large","max-video-preview":"max-video-preview:-1"},"canonical":"https:\/\/www.roofandroots.com\/pt-pt\/castelos\/","og_locale":"pt_PT","og_type":"article","og_title":"Castelos \u00e0 venda: Encontra a tua resid\u00eancia de sonho","og_description":"Entra num mundo de sofistica\u00e7\u00e3o intemporal: explora as propostas dos castelos onde o charme, a hist\u00f3ria e a arquitetura se fundem harmoniosamente.","og_url":"https:\/\/www.roofandroots.com\/pt-pt\/castelos\/","og_site_name":"Roof&amp;Roots","og_image":[{"url":"https:\/\/www.roofandroots.com\/wp-content\/uploads\/2025\/04\/castello-1-1024x963.png","type":"","width":"","height":""}],"twitter_card":"summary_large_image","twitter_title":"Castelos \u00e0 venda: Encontra a tua resid\u00eancia de sonho","twitter_description":"Entra num mundo de sofistica\u00e7\u00e3o intemporal: explora as propostas dos castelos onde o charme, a hist\u00f3ria e a arquitetura se misturam harmoniosamente.","twitter_image":"https:\/\/www.roofandroots.com\/wp-content\/uploads\/2025\/04\/castello-1-1024x963.png","twitter_misc":{"Tempo estimado de leitura":"3 minutos"},"schema":{"@context":"https:\/\/schema.org","@graph":[{"@type":"WebPage","@id":"https:\/\/www.roofandroots.com\/pt-pt\/castelos\/","url":"https:\/\/www.roofandroots.com\/pt-pt\/castelos\/","name":"Castelos - Roof&amp;Roots","isPartOf":{"@id":"https:\/\/www.roofandroots.com\/#website"},"primaryImageOfPage":{"@id":"https:\/\/www.roofandroots.com\/pt-pt\/castelos\/#primaryimage"},"image":{"@id":"https:\/\/www.roofandroots.com\/pt-pt\/castelos\/#primaryimage"},"thumbnailUrl":"https:\/\/www.roofandroots.com\/wp-content\/uploads\/2025\/04\/castello-1.png","datePublished":"2025-03-05T15:19:06+00:00","description":"Entra num mundo de sofistica\u00e7\u00e3o intemporal: explora as propostas dos castelos onde o charme, a hist\u00f3ria e a arquitetura se fundem harmoniosamente.","breadcrumb":{"@id":"https:\/\/www.roofandroots.com\/pt-pt\/castelos\/#breadcrumb"},"inLanguage":"pt-PT","potentialAction":[{"@type":"ReadAction","target":["https:\/\/www.roofandroots.com\/pt-pt\/castelos\/"]}]},{"@type":"ImageObject","inLanguage":"pt-PT","@id":"https:\/\/www.roofandroots.com\/pt-pt\/castelos\/#primaryimage","url":"https:\/\/www.roofandroots.com\/wp-content\/uploads\/2025\/04\/castello-1.png","contentUrl":"https:\/\/www.roofandroots.com\/wp-content\/uploads\/2025\/04\/castello-1.png","width":1063,"height":1000},{"@type":"BreadcrumbList","@id":"https:\/\/www.roofandroots.com\/pt-pt\/castelos\/#breadcrumb","itemListElement":[{"@type":"ListItem","position":1,"name":"Home","item":"https:\/\/www.roofandroots.com\/pt-pt\/"},{"@type":"ListItem","position":2,"name":"Castelos"}]},{"@type":"WebSite","@id":"https:\/\/www.roofandroots.com\/#website","url":"https:\/\/www.roofandroots.com\/","name":"Roof&Roots","description":"There&#039;s more value in between","publisher":{"@id":"https:\/\/www.roofandroots.com\/#organization"},"potentialAction":[{"@type":"SearchAction","target":{"@type":"EntryPoint","urlTemplate":"https:\/\/www.roofandroots.com\/?s={search_term_string}"},"query-input":{"@type":"PropertyValueSpecification","valueRequired":true,"valueName":"search_term_string"}}],"inLanguage":"pt-PT"},{"@type":"Organization","@id":"https:\/\/www.roofandroots.com\/#organization","name":"Roof&Roots","url":"https:\/\/www.roofandroots.com\/","logo":{"@type":"ImageObject","inLanguage":"pt-PT","@id":"https:\/\/www.roofandroots.com\/#\/schema\/logo\/image\/","url":"https:\/\/www.roofandroots.com\/wp-content\/uploads\/2024\/11\/logo.png","contentUrl":"https:\/\/www.roofandroots.com\/wp-content\/uploads\/2024\/11\/logo.png","width":512,"height":243,"caption":"Roof&Roots"},"image":{"@id":"https:\/\/www.roofandroots.com\/#\/schema\/logo\/image\/"}}]}},"featured_image_src":"https:\/\/www.roofandroots.com\/wp-content\/uploads\/2025\/04\/castello-1-600x400.png","featured_image_src_square":"https:\/\/www.roofandroots.com\/wp-content\/uploads\/2025\/04\/castello-1-600x600.png","_links":{"self":[{"href":"https:\/\/www.roofandroots.com\/pt-pt\/wp-json\/wp\/v2\/pages\/1816","targetHints":{"allow":["GET"]}}],"collection":[{"href":"https:\/\/www.roofandroots.com\/pt-pt\/wp-json\/wp\/v2\/pages"}],"about":[{"href":"https:\/\/www.roofandroots.com\/pt-pt\/wp-json\/wp\/v2\/types\/page"}],"author":[{"embeddable":true,"href":"https:\/\/www.roofandroots.com\/pt-pt\/wp-json\/wp\/v2\/users\/2"}],"replies":[{"embeddable":true,"href":"https:\/\/www.roofandroots.com\/pt-pt\/wp-json\/wp\/v2\/comments?post=1816"}],"version-history":[{"count":0,"href":"https:\/\/www.roofandroots.com\/pt-pt\/wp-json\/wp\/v2\/pages\/1816\/revisions"}],"up":[{"embeddable":true,"href":"https:\/\/www.roofandroots.com\/pt-pt\/wp-json\/wp\/v2\/pages\/1806"}],"wp:featuredmedia":[{"embeddable":true,"href":"https:\/\/www.roofandroots.com\/pt-pt\/wp-json\/wp\/v2\/media\/1817"}],"wp:attachment":[{"href":"https:\/\/www.roofandroots.com\/pt-pt\/wp-json\/wp\/v2\/media?parent=1816"}],"curies":[{"name":"wp","href":"https:\/\/api.w.org\/{rel}","templated":true}]}}