{"id":1444,"date":"2025-06-30T14:52:57","date_gmt":"2025-06-30T14:52:57","guid":{"rendered":"https:\/\/www.roofandroots.com\/immobilier\/residences-a-venise\/"},"modified":"2025-06-30T14:52:57","modified_gmt":"2025-06-30T14:52:57","slug":"residences-a-venise","status":"publish","type":"page","link":"https:\/\/www.roofandroots.com\/fr\/immobilier\/residences-a-venise\/","title":{"rendered":"R\u00e9sidences \u00e0 Venise"},"content":{"rendered":"","protected":false},"excerpt":{"rendered":"","protected":false},"author":6,"featured_media":0,"parent":1348,"menu_order":0,"comment_status":"closed","ping_status":"closed","template":"","meta":{"_acf_changed":false,"_et_pb_use_builder":"","_et_pb_old_content":"","_et_gb_content_width":"","inline_featured_image":false,"footnotes":""},"class_list":["post-1444","page","type-page","status-publish","hentry"],"acf":[],"yoast_head":"<!-- This site is optimized with the Yoast SEO plugin v27.4 - https:\/\/yoast.com\/product\/yoast-seo-wordpress\/ -->\n<title>R\u00e9sidences \u00e0 Venise - Roof&amp;Roots<\/title>\n<meta name=\"description\" content=\"D\u00e9couvrez les r\u00e9sidences \u00e0 Venise : des r\u00e9sidences uniques au milieu des canaux, des palais historiques et du charme intemporel au c\u0153ur de la ville lagunaire.\" \/>\n<meta name=\"robots\" content=\"index, follow, max-snippet:-1, max-image-preview:large, max-video-preview:-1\" \/>\n<link rel=\"canonical\" href=\"https:\/\/www.roofandroots.com\/fr\/immobilier\/residences-a-venise\/\" \/>\n<meta property=\"og:locale\" content=\"fr_FR\" \/>\n<meta property=\"og:type\" content=\"article\" \/>\n<meta property=\"og:title\" content=\"Habitations \u00e0 Venise - Roof&amp;Roots\" \/>\n<meta property=\"og:description\" content=\"D\u00e9couvrez les r\u00e9sidences \u00e0 Venise : des r\u00e9sidences uniques au milieu des canaux, des palais historiques et du charme intemporel au c\u0153ur de la ville lagunaire.\" \/>\n<meta property=\"og:url\" content=\"https:\/\/www.roofandroots.com\/fr\/immobilier\/residences-a-venise\/\" \/>\n<meta property=\"og:site_name\" content=\"Roof&amp;Roots\" \/>\n<meta name=\"twitter:card\" content=\"summary_large_image\" \/>\n<meta name=\"twitter:title\" content=\"Habitations \u00e0 Venise - Roof&amp;Roots\" \/>\n<meta name=\"twitter:description\" content=\"D\u00e9couvrez les r\u00e9sidences \u00e0 Venise : des r\u00e9sidences uniques au milieu des canaux, des palais historiques et du charme intemporel au c\u0153ur de la ville lagunaire.\" \/>\n<script type=\"application\/ld+json\" class=\"yoast-schema-graph\">{\"@context\":\"https:\\\/\\\/schema.org\",\"@graph\":[{\"@type\":\"WebPage\",\"@id\":\"https:\\\/\\\/www.roofandroots.com\\\/fr\\\/immobilier\\\/residences-a-venise\\\/\",\"url\":\"https:\\\/\\\/www.roofandroots.com\\\/fr\\\/immobilier\\\/residences-a-venise\\\/\",\"name\":\"R\u00e9sidences \u00e0 Venise - Roof&amp;Roots\",\"isPartOf\":{\"@id\":\"https:\\\/\\\/www.roofandroots.com\\\/#website\"},\"datePublished\":\"2025-06-30T14:52:57+00:00\",\"description\":\"D\u00e9couvrez les r\u00e9sidences \u00e0 Venise : des r\u00e9sidences uniques au milieu des canaux, des palais historiques et du charme intemporel au c\u0153ur de la ville lagunaire.\",\"breadcrumb\":{\"@id\":\"https:\\\/\\\/www.roofandroots.com\\\/fr\\\/immobilier\\\/residences-a-venise\\\/#breadcrumb\"},\"inLanguage\":\"fr-FR\",\"potentialAction\":[{\"@type\":\"ReadAction\",\"target\":[\"https:\\\/\\\/www.roofandroots.com\\\/fr\\\/immobilier\\\/residences-a-venise\\\/\"]}]},{\"@type\":\"BreadcrumbList\",\"@id\":\"https:\\\/\\\/www.roofandroots.com\\\/fr\\\/immobilier\\\/residences-a-venise\\\/#breadcrumb\",\"itemListElement\":[{\"@type\":\"ListItem\",\"position\":1,\"name\":\"Home\",\"item\":\"https:\\\/\\\/www.roofandroots.com\\\/fr\\\/\"},{\"@type\":\"ListItem\",\"position\":2,\"name\":\"Immobilier\",\"item\":\"https:\\\/\\\/www.roofandroots.com\\\/fr\\\/immobilier\\\/\"},{\"@type\":\"ListItem\",\"position\":3,\"name\":\"R\u00e9sidences \u00e0 Venise\"}]},{\"@type\":\"WebSite\",\"@id\":\"https:\\\/\\\/www.roofandroots.com\\\/#website\",\"url\":\"https:\\\/\\\/www.roofandroots.com\\\/\",\"name\":\"Roof&Roots\",\"description\":\"There&#039;s more value in between\",\"publisher\":{\"@id\":\"https:\\\/\\\/www.roofandroots.com\\\/#organization\"},\"potentialAction\":[{\"@type\":\"SearchAction\",\"target\":{\"@type\":\"EntryPoint\",\"urlTemplate\":\"https:\\\/\\\/www.roofandroots.com\\\/?s={search_term_string}\"},\"query-input\":{\"@type\":\"PropertyValueSpecification\",\"valueRequired\":true,\"valueName\":\"search_term_string\"}}],\"inLanguage\":\"fr-FR\"},{\"@type\":\"Organization\",\"@id\":\"https:\\\/\\\/www.roofandroots.com\\\/#organization\",\"name\":\"Roof&Roots\",\"url\":\"https:\\\/\\\/www.roofandroots.com\\\/\",\"logo\":{\"@type\":\"ImageObject\",\"inLanguage\":\"fr-FR\",\"@id\":\"https:\\\/\\\/www.roofandroots.com\\\/#\\\/schema\\\/logo\\\/image\\\/\",\"url\":\"https:\\\/\\\/www.roofandroots.com\\\/wp-content\\\/uploads\\\/2024\\\/11\\\/logo.png\",\"contentUrl\":\"https:\\\/\\\/www.roofandroots.com\\\/wp-content\\\/uploads\\\/2024\\\/11\\\/logo.png\",\"width\":512,\"height\":243,\"caption\":\"Roof&Roots\"},\"image\":{\"@id\":\"https:\\\/\\\/www.roofandroots.com\\\/#\\\/schema\\\/logo\\\/image\\\/\"}}]}<\/script>\n<!-- \/ Yoast SEO plugin. -->","yoast_head_json":{"title":"R\u00e9sidences \u00e0 Venise - Roof&amp;Roots","description":"D\u00e9couvrez les r\u00e9sidences \u00e0 Venise : des r\u00e9sidences uniques au milieu des canaux, des palais historiques et du charme intemporel au c\u0153ur de la ville lagunaire.","robots":{"index":"index","follow":"follow","max-snippet":"max-snippet:-1","max-image-preview":"max-image-preview:large","max-video-preview":"max-video-preview:-1"},"canonical":"https:\/\/www.roofandroots.com\/fr\/immobilier\/residences-a-venise\/","og_locale":"fr_FR","og_type":"article","og_title":"Habitations \u00e0 Venise - Roof&Roots","og_description":"D\u00e9couvrez les r\u00e9sidences \u00e0 Venise : des r\u00e9sidences uniques au milieu des canaux, des palais historiques et du charme intemporel au c\u0153ur de la ville lagunaire.","og_url":"https:\/\/www.roofandroots.com\/fr\/immobilier\/residences-a-venise\/","og_site_name":"Roof&amp;Roots","twitter_card":"summary_large_image","twitter_title":"Habitations \u00e0 Venise - Roof&Roots","twitter_description":"D\u00e9couvrez les r\u00e9sidences \u00e0 Venise : des r\u00e9sidences uniques au milieu des canaux, des palais historiques et du charme intemporel au c\u0153ur de la ville lagunaire.","schema":{"@context":"https:\/\/schema.org","@graph":[{"@type":"WebPage","@id":"https:\/\/www.roofandroots.com\/fr\/immobilier\/residences-a-venise\/","url":"https:\/\/www.roofandroots.com\/fr\/immobilier\/residences-a-venise\/","name":"R\u00e9sidences \u00e0 Venise - Roof&amp;Roots","isPartOf":{"@id":"https:\/\/www.roofandroots.com\/#website"},"datePublished":"2025-06-30T14:52:57+00:00","description":"D\u00e9couvrez les r\u00e9sidences \u00e0 Venise : des r\u00e9sidences uniques au milieu des canaux, des palais historiques et du charme intemporel au c\u0153ur de la ville lagunaire.","breadcrumb":{"@id":"https:\/\/www.roofandroots.com\/fr\/immobilier\/residences-a-venise\/#breadcrumb"},"inLanguage":"fr-FR","potentialAction":[{"@type":"ReadAction","target":["https:\/\/www.roofandroots.com\/fr\/immobilier\/residences-a-venise\/"]}]},{"@type":"BreadcrumbList","@id":"https:\/\/www.roofandroots.com\/fr\/immobilier\/residences-a-venise\/#breadcrumb","itemListElement":[{"@type":"ListItem","position":1,"name":"Home","item":"https:\/\/www.roofandroots.com\/fr\/"},{"@type":"ListItem","position":2,"name":"Immobilier","item":"https:\/\/www.roofandroots.com\/fr\/immobilier\/"},{"@type":"ListItem","position":3,"name":"R\u00e9sidences \u00e0 Venise"}]},{"@type":"WebSite","@id":"https:\/\/www.roofandroots.com\/#website","url":"https:\/\/www.roofandroots.com\/","name":"Roof&Roots","description":"There&#039;s more value in between","publisher":{"@id":"https:\/\/www.roofandroots.com\/#organization"},"potentialAction":[{"@type":"SearchAction","target":{"@type":"EntryPoint","urlTemplate":"https:\/\/www.roofandroots.com\/?s={search_term_string}"},"query-input":{"@type":"PropertyValueSpecification","valueRequired":true,"valueName":"search_term_string"}}],"inLanguage":"fr-FR"},{"@type":"Organization","@id":"https:\/\/www.roofandroots.com\/#organization","name":"Roof&Roots","url":"https:\/\/www.roofandroots.com\/","logo":{"@type":"ImageObject","inLanguage":"fr-FR","@id":"https:\/\/www.roofandroots.com\/#\/schema\/logo\/image\/","url":"https:\/\/www.roofandroots.com\/wp-content\/uploads\/2024\/11\/logo.png","contentUrl":"https:\/\/www.roofandroots.com\/wp-content\/uploads\/2024\/11\/logo.png","width":512,"height":243,"caption":"Roof&Roots"},"image":{"@id":"https:\/\/www.roofandroots.com\/#\/schema\/logo\/image\/"}}]}},"featured_image_src":null,"featured_image_src_square":null,"_links":{"self":[{"href":"https:\/\/www.roofandroots.com\/fr\/wp-json\/wp\/v2\/pages\/1444","targetHints":{"allow":["GET"]}}],"collection":[{"href":"https:\/\/www.roofandroots.com\/fr\/wp-json\/wp\/v2\/pages"}],"about":[{"href":"https:\/\/www.roofandroots.com\/fr\/wp-json\/wp\/v2\/types\/page"}],"author":[{"embeddable":true,"href":"https:\/\/www.roofandroots.com\/fr\/wp-json\/wp\/v2\/users\/6"}],"replies":[{"embeddable":true,"href":"https:\/\/www.roofandroots.com\/fr\/wp-json\/wp\/v2\/comments?post=1444"}],"version-history":[{"count":0,"href":"https:\/\/www.roofandroots.com\/fr\/wp-json\/wp\/v2\/pages\/1444\/revisions"}],"up":[{"embeddable":true,"href":"https:\/\/www.roofandroots.com\/fr\/wp-json\/wp\/v2\/pages\/1348"}],"wp:attachment":[{"href":"https:\/\/www.roofandroots.com\/fr\/wp-json\/wp\/v2\/media?parent=1444"}],"curies":[{"name":"wp","href":"https:\/\/api.w.org\/{rel}","templated":true}]}}