{"id":1344,"date":"2025-03-05T15:18:44","date_gmt":"2025-03-05T15:18:44","guid":{"rendered":"https:\/\/www.roofandroots.com\/villas\/"},"modified":"2025-07-02T08:32:24","modified_gmt":"2025-07-02T08:32:24","slug":"villas","status":"publish","type":"page","link":"https:\/\/www.roofandroots.com\/fr\/immobilier\/villas\/","title":{"rendered":"Villas"},"content":{"rendered":"<h5><b>Tous les avantages d&rsquo;une villa de luxe<\/b><\/h5>\n<p><span style=\"font-weight: 400;\">Vivre dans une villa de luxe, c&rsquo;est bien plus que vivre dans une r\u00e9sidence exclusive : c&rsquo;est une exp\u00e9rience in\u00e9gal\u00e9e d&rsquo;\u00e9l\u00e9gance dans un contexte historique fascinant. Chaque villa propos\u00e9e par Roof&amp;Roots est en effet une v\u00e9ritable \u0153uvre d&rsquo;art architecturale : si elle a abrit\u00e9 dans le pass\u00e9 les repr\u00e9sentants d&rsquo;anciennes familles et m\u00e9nages nobles, elle est aujourd&rsquo;hui la solution id\u00e9ale pour ceux qui sont \u00e0 la recherche de tr\u00e8s grands espaces, de d\u00e9tails raffin\u00e9s et d&rsquo;un environnement qui refl\u00e8te dans son int\u00e9gralit\u00e9 un concept de vie sup\u00e9rieur. <\/span><\/p>\n<p><span style=\"font-weight: 400;\">Situ\u00e9 dans un cadre tr\u00e8s exclusif, souvent dans de grands parcs priv\u00e9s et immerg\u00e9 dans le silence des collines luxuriantes ou de la campagne, l&rsquo;h\u00f4tel est un lieu d&rsquo;exception. <\/span><a href=\"https:\/\/www.roofandroots.com\/fr\/immobilier\/campagne\/\"><span style=\"font-weight: 400;\">campagne<\/span><\/a><span style=\"font-weight: 400;\"> Les villas s\u00e9lectionn\u00e9es par Roof&amp;Roots offrent le nec plus ultra en mati\u00e8re d&rsquo;intimit\u00e9 et de prestige, qu&rsquo;elles soient situ\u00e9es dans la campagne verdoyante ou dans les quartiers les plus raffin\u00e9s et les plus anciens des grandes villes.<\/span><\/p>\n<h5><b>Les d\u00e9tails d&rsquo;une villa parlent de son histoire : murs anciens, poutres apparentes, sols pr\u00e9cieux<\/b><\/h5>\n<p><span style=\"font-weight: 400;\">Vivre dans une villa ne signifie pas seulement profiter de pi\u00e8ces spacieuses et raffin\u00e9es, mais aussi faire partie d&rsquo;une histoire : ces habitations portent en elles le charme d&rsquo;\u00e9poques pass\u00e9es qui se prolongent jusqu&rsquo;\u00e0 nos jours, ayant accueilli des g\u00e9n\u00e9rations de familles au fil du temps et racontant la tradition, l&rsquo;\u00e9l\u00e9gance et le raffinement. Murs anciens r\u00e9cup\u00e9r\u00e9s, poutres apparentes, sols en mat\u00e9riaux pr\u00e9cieux : chaque d\u00e9tail d&rsquo;une villa parle d&rsquo;un h\u00e9ritage pr\u00e9cieux, capable de transmettre un sentiment de prestige. <\/span><\/p>\n<h5><b>L&#8217;emplacement des villas de prestige, au sein de domaines historiques<\/b><\/h5>\n<p><span style=\"font-weight: 400;\">O\u00f9 sont situ\u00e9es les villas de luxe ? De nombreuses villas de luxe sont situ\u00e9es \u00e0 proximit\u00e9   <\/span><a href=\"https:\/\/www.roofandroots.com\/fr\/immobilier\/vignobles\/\"><span style=\"font-weight: 400;\">vignobles<\/span><\/a><span style=\"font-weight: 400;\">ou sont situ\u00e9s dans des domaines historiques et dans des positions privil\u00e9gi\u00e9es qui ont attir\u00e9 nobles et visionnaires, artistes et intellectuels pendant des si\u00e8cles. Leur valeur ne s&rsquo;exprime pas seulement dans leurs caract\u00e9ristiques architecturales, mais aussi dans leur capacit\u00e9 \u00e0 offrir une exp\u00e9rience de vie extraordinaire, o\u00f9 le pass\u00e9 et le pr\u00e9sent se rencontrent en harmonie. Restaur\u00e9es avec soin et compl\u00e9t\u00e9es par les derni\u00e8res innovations, ces r\u00e9sidences conservent leur caract\u00e8re et leur charme d&rsquo;origine, tout en les compl\u00e9tant par des solutions contemporaines pour un confort maximal.  <\/span><\/p>\n<h5><b>Ce qu&rsquo;une villa offre \u00e0 l&rsquo;ext\u00e9rieur : des terrasses panoramiques, des jardins priv\u00e9s et des piscines panoramiques.<\/b><\/h5>\n<p><span style=\"font-weight: 400;\">Outre ses int\u00e9rieurs prestigieux, c&rsquo;est dans ses<\/span> <span style=\"font-weight: 400;\">grands espaces ext\u00e9rieurs<\/span><span style=\"font-weight: 400;\"> qu&rsquo;une villa de luxe r\u00e9v\u00e8le toute sa splendeur, avec des<\/span><\/p>\n<ul>\n<li style=\"font-weight: 400;\" aria-level=\"1\"><span style=\"font-weight: 400;\">grandes <\/span><a href=\"https:\/\/www.roofandroots.com\/fr\/immobilier\/grands-espaces-exterieurs\/\"><span style=\"font-weight: 400;\">terrasses<\/span><\/a><span style=\"font-weight: 400;\"> panoramiques<\/span><\/li>\n<li style=\"font-weight: 400;\" aria-level=\"1\"><span style=\"font-weight: 400;\">des jardins priv\u00e9s luxuriants<\/span><\/li>\n<li style=\"font-weight: 400;\" aria-level=\"1\"><span style=\"font-weight: 400;\">des piscines pittoresques.<\/span><\/li>\n<\/ul>\n<p><span style=\"font-weight: 400;\">Des \u00e9l\u00e9ments qui cr\u00e9ent un environnement parfait pour vivre des moments inoubliables. La dimension ext\u00e9rieure devient ainsi une extension naturelle de la villa, offrant une oasis d&rsquo;intimit\u00e9 et de beaut\u00e9. <\/span><\/p>\n<p><span style=\"font-weight: 400;\">Outre une esth\u00e9tique in\u00e9gal\u00e9e, ce qui fait d&rsquo;une villa de luxe une solution de vie unique, c&rsquo;est la qualit\u00e9 de ses services exclusifs. Des solutions domotiques pour la gestion des pi\u00e8ces aux syst\u00e8mes de s\u00e9curit\u00e9 de pointe, en passant par le syst\u00e8me de gestion de l&rsquo;eau et de l&rsquo;assainissement, la villa est un lieu de vie unique.   <\/span><a href=\"https:\/\/www.roofandroots.com\/fr\/immobilier\/garage-places-de-parking\/\"><span style=\"font-weight: 400;\">garages<\/span><\/a><span style=\"font-weight: 400;\"> des garages priv\u00e9s avec de nombreuses places de parking, \u00e0 la pr\u00e9sence de concierges et de spas internes, chaque aspect est con\u00e7u pour garantir une exp\u00e9rience sur mesure et sans compromis.<\/span><\/p>\n<p><span style=\"font-weight: 400;\">Acheter une villa de luxe, c&rsquo;est vivre au pr\u00e9sent l&rsquo;atmosph\u00e8re du pass\u00e9, c&rsquo;est choisir un mode de vie unique o\u00f9 chaque jour est marqu\u00e9 par la beaut\u00e9 qui n&rsquo;est jamais une fin en soi.<\/span><\/p>\n<h5><b>Roof&amp;Roots propose des villas de prestige dans des lieux extraordinaires<\/b><\/h5>\n<p><span style=\"font-weight: 400;\">Pour ceux qui souhaitent trouver une villa adapt\u00e9e \u00e0 leurs besoins, il est n\u00e9cessaire de s&rsquo;appuyer sur des consultants exp\u00e9riment\u00e9s dans le domaine : Roof&amp;Roots, gr\u00e2ce \u00e0 sa connaissance approfondie et \u00e0 la cartographie technico-scientifique de tout le territoire italien, est en mesure de proposer une s\u00e9lection de villas extraordinaires, pour ceux qui veulent ce qu&rsquo;il y a de mieux dans tous les d\u00e9tails. Le portefeuille comprend des lieux exclusifs tels que la <a href=\"https:\/\/www.roofandroots.com\/fr\/immobilier\/villas-de-la-riviera-ligure\/\">Riviera ligure<\/a> <\/span><span style=\"font-weight: 400;\">la <a href=\"https:\/\/www.roofandroots.com\/fr\/immobilier\/villas-de-la-cote-demeraude\/\">Costa Smeralda<\/a><\/span><span style=\"font-weight: 400;\"> et d&rsquo;extraordinaires <a href=\"https:\/\/www.roofandroots.com\/fr\/immobilier\/villas-dans-le-chianti\/\">villas dans le Chianti<\/a><\/span><span style=\"font-weight: 400;\">. Parce que le vrai luxe n&rsquo;est pas seulement de poss\u00e9der une villa, mais de la vivre pleinement, immerg\u00e9 dans une atmosph\u00e8re o\u00f9 le luxe est synonyme d&rsquo;harmonie et de prestige.<\/span><\/p>\n","protected":false},"excerpt":{"rendered":"<p>Tous les avantages d&rsquo;une villa de luxe Vivre dans une villa de luxe, c&rsquo;est bien plus que vivre dans une r\u00e9sidence exclusive : c&rsquo;est une exp\u00e9rience in\u00e9gal\u00e9e d&rsquo;\u00e9l\u00e9gance dans un contexte historique fascinant. Chaque villa propos\u00e9e par Roof&amp;Roots est en effet une v\u00e9ritable \u0153uvre d&rsquo;art architecturale : si elle a abrit\u00e9 dans le pass\u00e9 les [&hellip;]<\/p>\n","protected":false},"author":2,"featured_media":1345,"parent":1348,"menu_order":0,"comment_status":"closed","ping_status":"closed","template":"","meta":{"_acf_changed":false,"_et_pb_use_builder":"on","_et_pb_old_content":"","_et_gb_content_width":"","inline_featured_image":false,"footnotes":""},"class_list":["post-1344","page","type-page","status-publish","has-post-thumbnail","hentry"],"acf":[],"yoast_head":"<!-- This site is optimized with the Yoast SEO plugin v27.5 - https:\/\/yoast.com\/product\/yoast-seo-wordpress\/ -->\n<title>Villas - Roof&amp;Roots<\/title>\n<meta name=\"description\" content=\"D\u00e9couvrez des villas exclusives dans des lieux extraordinaires : espace, \u00e9l\u00e9gance intemporelle et intimit\u00e9 absolue pour une exp\u00e9rience de vie in\u00e9gal\u00e9e.\" \/>\n<meta name=\"robots\" content=\"index, follow, max-snippet:-1, max-image-preview:large, max-video-preview:-1\" \/>\n<link rel=\"canonical\" href=\"https:\/\/www.roofandroots.com\/fr\/immobilier\/villas\/\" \/>\n<meta property=\"og:locale\" content=\"fr_FR\" \/>\n<meta property=\"og:type\" content=\"article\" \/>\n<meta property=\"og:title\" content=\"Villas historiques : Trouvez votre r\u00e9sidence de classe\" \/>\n<meta property=\"og:description\" content=\"D\u00e9couvrez des villas exclusives dans des lieux extraordinaires : espace, \u00e9l\u00e9gance intemporelle et intimit\u00e9 absolue pour une exp\u00e9rience de vie in\u00e9gal\u00e9e.\" \/>\n<meta property=\"og:url\" content=\"https:\/\/www.roofandroots.com\/fr\/immobilier\/villas\/\" \/>\n<meta property=\"og:site_name\" content=\"Roof&amp;Roots\" \/>\n<meta property=\"article:modified_time\" content=\"2025-07-02T08:32:24+00:00\" \/>\n<meta property=\"og:image\" content=\"https:\/\/www.roofandroots.com\/wp-content\/uploads\/2025\/04\/villa-1-1024x962.png\" \/>\n<meta name=\"twitter:card\" content=\"summary_large_image\" \/>\n<meta name=\"twitter:title\" content=\"Villas historiques : Trouvez votre r\u00e9sidence de classe\" \/>\n<meta name=\"twitter:description\" content=\"D\u00e9couvrez des villas exclusives dans des lieux extraordinaires : espace, \u00e9l\u00e9gance intemporelle et intimit\u00e9 absolue pour une exp\u00e9rience de vie in\u00e9gal\u00e9e.\" \/>\n<meta name=\"twitter:image\" content=\"https:\/\/www.roofandroots.com\/wp-content\/uploads\/2025\/04\/villa-1-1024x962.png\" \/>\n<meta name=\"twitter:label1\" content=\"Dur\u00e9e de lecture estim\u00e9e\" \/>\n\t<meta name=\"twitter:data1\" content=\"4 minutes\" \/>\n<script type=\"application\/ld+json\" class=\"yoast-schema-graph\">{\"@context\":\"https:\\\/\\\/schema.org\",\"@graph\":[{\"@type\":\"WebPage\",\"@id\":\"https:\\\/\\\/www.roofandroots.com\\\/fr\\\/immobilier\\\/villas\\\/\",\"url\":\"https:\\\/\\\/www.roofandroots.com\\\/fr\\\/immobilier\\\/villas\\\/\",\"name\":\"Villas - Roof&amp;Roots\",\"isPartOf\":{\"@id\":\"https:\\\/\\\/www.roofandroots.com\\\/#website\"},\"primaryImageOfPage\":{\"@id\":\"https:\\\/\\\/www.roofandroots.com\\\/fr\\\/immobilier\\\/villas\\\/#primaryimage\"},\"image\":{\"@id\":\"https:\\\/\\\/www.roofandroots.com\\\/fr\\\/immobilier\\\/villas\\\/#primaryimage\"},\"thumbnailUrl\":\"https:\\\/\\\/www.roofandroots.com\\\/wp-content\\\/uploads\\\/2025\\\/04\\\/villa-1.png\",\"datePublished\":\"2025-03-05T15:18:44+00:00\",\"dateModified\":\"2025-07-02T08:32:24+00:00\",\"description\":\"D\u00e9couvrez des villas exclusives dans des lieux extraordinaires : espace, \u00e9l\u00e9gance intemporelle et intimit\u00e9 absolue pour une exp\u00e9rience de vie in\u00e9gal\u00e9e.\",\"breadcrumb\":{\"@id\":\"https:\\\/\\\/www.roofandroots.com\\\/fr\\\/immobilier\\\/villas\\\/#breadcrumb\"},\"inLanguage\":\"fr-FR\",\"potentialAction\":[{\"@type\":\"ReadAction\",\"target\":[\"https:\\\/\\\/www.roofandroots.com\\\/fr\\\/immobilier\\\/villas\\\/\"]}]},{\"@type\":\"ImageObject\",\"inLanguage\":\"fr-FR\",\"@id\":\"https:\\\/\\\/www.roofandroots.com\\\/fr\\\/immobilier\\\/villas\\\/#primaryimage\",\"url\":\"https:\\\/\\\/www.roofandroots.com\\\/wp-content\\\/uploads\\\/2025\\\/04\\\/villa-1.png\",\"contentUrl\":\"https:\\\/\\\/www.roofandroots.com\\\/wp-content\\\/uploads\\\/2025\\\/04\\\/villa-1.png\",\"width\":1064,\"height\":1000},{\"@type\":\"BreadcrumbList\",\"@id\":\"https:\\\/\\\/www.roofandroots.com\\\/fr\\\/immobilier\\\/villas\\\/#breadcrumb\",\"itemListElement\":[{\"@type\":\"ListItem\",\"position\":1,\"name\":\"Home\",\"item\":\"https:\\\/\\\/www.roofandroots.com\\\/fr\\\/\"},{\"@type\":\"ListItem\",\"position\":2,\"name\":\"Immobilier\",\"item\":\"https:\\\/\\\/www.roofandroots.com\\\/fr\\\/immobilier\\\/\"},{\"@type\":\"ListItem\",\"position\":3,\"name\":\"Villas\"}]},{\"@type\":\"WebSite\",\"@id\":\"https:\\\/\\\/www.roofandroots.com\\\/#website\",\"url\":\"https:\\\/\\\/www.roofandroots.com\\\/\",\"name\":\"Roof&Roots\",\"description\":\"There&#039;s more value in between\",\"publisher\":{\"@id\":\"https:\\\/\\\/www.roofandroots.com\\\/#organization\"},\"potentialAction\":[{\"@type\":\"SearchAction\",\"target\":{\"@type\":\"EntryPoint\",\"urlTemplate\":\"https:\\\/\\\/www.roofandroots.com\\\/?s={search_term_string}\"},\"query-input\":{\"@type\":\"PropertyValueSpecification\",\"valueRequired\":true,\"valueName\":\"search_term_string\"}}],\"inLanguage\":\"fr-FR\"},{\"@type\":\"Organization\",\"@id\":\"https:\\\/\\\/www.roofandroots.com\\\/#organization\",\"name\":\"Roof&Roots\",\"url\":\"https:\\\/\\\/www.roofandroots.com\\\/\",\"logo\":{\"@type\":\"ImageObject\",\"inLanguage\":\"fr-FR\",\"@id\":\"https:\\\/\\\/www.roofandroots.com\\\/#\\\/schema\\\/logo\\\/image\\\/\",\"url\":\"https:\\\/\\\/www.roofandroots.com\\\/wp-content\\\/uploads\\\/2024\\\/11\\\/logo.png\",\"contentUrl\":\"https:\\\/\\\/www.roofandroots.com\\\/wp-content\\\/uploads\\\/2024\\\/11\\\/logo.png\",\"width\":512,\"height\":243,\"caption\":\"Roof&Roots\"},\"image\":{\"@id\":\"https:\\\/\\\/www.roofandroots.com\\\/#\\\/schema\\\/logo\\\/image\\\/\"}}]}<\/script>\n<!-- \/ Yoast SEO plugin. -->","yoast_head_json":{"title":"Villas - Roof&amp;Roots","description":"D\u00e9couvrez des villas exclusives dans des lieux extraordinaires : espace, \u00e9l\u00e9gance intemporelle et intimit\u00e9 absolue pour une exp\u00e9rience de vie in\u00e9gal\u00e9e.","robots":{"index":"index","follow":"follow","max-snippet":"max-snippet:-1","max-image-preview":"max-image-preview:large","max-video-preview":"max-video-preview:-1"},"canonical":"https:\/\/www.roofandroots.com\/fr\/immobilier\/villas\/","og_locale":"fr_FR","og_type":"article","og_title":"Villas historiques : Trouvez votre r\u00e9sidence de classe","og_description":"D\u00e9couvrez des villas exclusives dans des lieux extraordinaires : espace, \u00e9l\u00e9gance intemporelle et intimit\u00e9 absolue pour une exp\u00e9rience de vie in\u00e9gal\u00e9e.","og_url":"https:\/\/www.roofandroots.com\/fr\/immobilier\/villas\/","og_site_name":"Roof&amp;Roots","article_modified_time":"2025-07-02T08:32:24+00:00","og_image":[{"url":"https:\/\/www.roofandroots.com\/wp-content\/uploads\/2025\/04\/villa-1-1024x962.png","type":"","width":"","height":""}],"twitter_card":"summary_large_image","twitter_title":"Villas historiques : Trouvez votre r\u00e9sidence de classe","twitter_description":"D\u00e9couvrez des villas exclusives dans des lieux extraordinaires : espace, \u00e9l\u00e9gance intemporelle et intimit\u00e9 absolue pour une exp\u00e9rience de vie in\u00e9gal\u00e9e.","twitter_image":"https:\/\/www.roofandroots.com\/wp-content\/uploads\/2025\/04\/villa-1-1024x962.png","twitter_misc":{"Dur\u00e9e de lecture estim\u00e9e":"4 minutes"},"schema":{"@context":"https:\/\/schema.org","@graph":[{"@type":"WebPage","@id":"https:\/\/www.roofandroots.com\/fr\/immobilier\/villas\/","url":"https:\/\/www.roofandroots.com\/fr\/immobilier\/villas\/","name":"Villas - Roof&amp;Roots","isPartOf":{"@id":"https:\/\/www.roofandroots.com\/#website"},"primaryImageOfPage":{"@id":"https:\/\/www.roofandroots.com\/fr\/immobilier\/villas\/#primaryimage"},"image":{"@id":"https:\/\/www.roofandroots.com\/fr\/immobilier\/villas\/#primaryimage"},"thumbnailUrl":"https:\/\/www.roofandroots.com\/wp-content\/uploads\/2025\/04\/villa-1.png","datePublished":"2025-03-05T15:18:44+00:00","dateModified":"2025-07-02T08:32:24+00:00","description":"D\u00e9couvrez des villas exclusives dans des lieux extraordinaires : espace, \u00e9l\u00e9gance intemporelle et intimit\u00e9 absolue pour une exp\u00e9rience de vie in\u00e9gal\u00e9e.","breadcrumb":{"@id":"https:\/\/www.roofandroots.com\/fr\/immobilier\/villas\/#breadcrumb"},"inLanguage":"fr-FR","potentialAction":[{"@type":"ReadAction","target":["https:\/\/www.roofandroots.com\/fr\/immobilier\/villas\/"]}]},{"@type":"ImageObject","inLanguage":"fr-FR","@id":"https:\/\/www.roofandroots.com\/fr\/immobilier\/villas\/#primaryimage","url":"https:\/\/www.roofandroots.com\/wp-content\/uploads\/2025\/04\/villa-1.png","contentUrl":"https:\/\/www.roofandroots.com\/wp-content\/uploads\/2025\/04\/villa-1.png","width":1064,"height":1000},{"@type":"BreadcrumbList","@id":"https:\/\/www.roofandroots.com\/fr\/immobilier\/villas\/#breadcrumb","itemListElement":[{"@type":"ListItem","position":1,"name":"Home","item":"https:\/\/www.roofandroots.com\/fr\/"},{"@type":"ListItem","position":2,"name":"Immobilier","item":"https:\/\/www.roofandroots.com\/fr\/immobilier\/"},{"@type":"ListItem","position":3,"name":"Villas"}]},{"@type":"WebSite","@id":"https:\/\/www.roofandroots.com\/#website","url":"https:\/\/www.roofandroots.com\/","name":"Roof&Roots","description":"There&#039;s more value in between","publisher":{"@id":"https:\/\/www.roofandroots.com\/#organization"},"potentialAction":[{"@type":"SearchAction","target":{"@type":"EntryPoint","urlTemplate":"https:\/\/www.roofandroots.com\/?s={search_term_string}"},"query-input":{"@type":"PropertyValueSpecification","valueRequired":true,"valueName":"search_term_string"}}],"inLanguage":"fr-FR"},{"@type":"Organization","@id":"https:\/\/www.roofandroots.com\/#organization","name":"Roof&Roots","url":"https:\/\/www.roofandroots.com\/","logo":{"@type":"ImageObject","inLanguage":"fr-FR","@id":"https:\/\/www.roofandroots.com\/#\/schema\/logo\/image\/","url":"https:\/\/www.roofandroots.com\/wp-content\/uploads\/2024\/11\/logo.png","contentUrl":"https:\/\/www.roofandroots.com\/wp-content\/uploads\/2024\/11\/logo.png","width":512,"height":243,"caption":"Roof&Roots"},"image":{"@id":"https:\/\/www.roofandroots.com\/#\/schema\/logo\/image\/"}}]}},"featured_image_src":"https:\/\/www.roofandroots.com\/wp-content\/uploads\/2025\/04\/villa-1-600x400.png","featured_image_src_square":"https:\/\/www.roofandroots.com\/wp-content\/uploads\/2025\/04\/villa-1-600x600.png","_links":{"self":[{"href":"https:\/\/www.roofandroots.com\/fr\/wp-json\/wp\/v2\/pages\/1344","targetHints":{"allow":["GET"]}}],"collection":[{"href":"https:\/\/www.roofandroots.com\/fr\/wp-json\/wp\/v2\/pages"}],"about":[{"href":"https:\/\/www.roofandroots.com\/fr\/wp-json\/wp\/v2\/types\/page"}],"author":[{"embeddable":true,"href":"https:\/\/www.roofandroots.com\/fr\/wp-json\/wp\/v2\/users\/2"}],"replies":[{"embeddable":true,"href":"https:\/\/www.roofandroots.com\/fr\/wp-json\/wp\/v2\/comments?post=1344"}],"version-history":[{"count":0,"href":"https:\/\/www.roofandroots.com\/fr\/wp-json\/wp\/v2\/pages\/1344\/revisions"}],"up":[{"embeddable":true,"href":"https:\/\/www.roofandroots.com\/fr\/wp-json\/wp\/v2\/pages\/1348"}],"wp:featuredmedia":[{"embeddable":true,"href":"https:\/\/www.roofandroots.com\/fr\/wp-json\/wp\/v2\/media\/1345"}],"wp:attachment":[{"href":"https:\/\/www.roofandroots.com\/fr\/wp-json\/wp\/v2\/media?parent=1344"}],"curies":[{"name":"wp","href":"https:\/\/api.w.org\/{rel}","templated":true}]}}