{"id":1699,"date":"2025-03-05T15:19:23","date_gmt":"2025-03-05T15:19:23","guid":{"rendered":"https:\/\/www.roofandroots.com\/propiedades\/pueblos\/"},"modified":"2025-03-05T15:19:23","modified_gmt":"2025-03-05T15:19:23","slug":"pueblos","status":"publish","type":"page","link":"https:\/\/www.roofandroots.com\/es\/propiedades\/pueblos\/","title":{"rendered":"Pueblos"},"content":{"rendered":"<p><b>\u00bfPor qu\u00e9 merece la pena invertir en una aldea en Italia?<\/b><\/p>\n<p><span style=\"font-weight: 400;\">Italia es la tierra de los pueblos por excelencia: invertir en un pueblo en Italia significa tomar posesi\u00f3n de un fragmento de historia, un legado intemporal que se traduce en una oportunidad extraordinaria. Estos fascinantes asentamientos est\u00e1n dispersos entre las onduladas colinas toscanas, el verde   <\/span><a href=\"https:\/\/www.roofandroots.com\/es\/campana\/\"><span style=\"font-weight: 400;\">la campi\u00f1a<\/span><\/a><span style=\"font-weight: 400;\"> de Umbr\u00eda, las costas escarpadas de Liguria o Calabria, los valles alpinos entre las <\/span><a href=\"https:\/\/www.roofandroots.com\/es\/propiedades\/montana\/\"><span style=\"font-weight: 400;\">monta\u00f1as<\/span><\/a><span style=\"font-weight: 400;\">  m\u00e1s evocadoras, las islas m\u00e1s soleadas. Un borgo representa mucho m\u00e1s que una simple inversi\u00f3n para un hotel o una residencia difusa con encanto: son lugares de autenticidad y prestigio, destinados a acoger a quienes desean combinar exclusividad y cultura, descubriendo territorios \u00fanicos. <\/span><\/p>\n<p><span style=\"font-weight: 400;\">Los pueblos italianos gozan de una posici\u00f3n privilegiada en entornos naturales incomparables, donde el pasado y el presente se funden armoniosamente. Cada   <\/span><a href=\"https:\/\/www.roofandroots.com\/es\/propiedades\/palacios\/\"><span style=\"font-weight: 400;\">palacio<\/span><\/a><span style=\"font-weight: 400;\">  nobleza, cada antigua iglesia, cada callej\u00f3n empedrado cuentan siglos de historia, ofreciendo una atm\u00f3sfera de encanto y refinamiento. La recuperaci\u00f3n de caser\u00edos permite dar nueva vida a edificios de gran valor arquitect\u00f3nico, transform\u00e1ndolos en soluciones diferentes y fascinantes, como: <\/span><\/p>\n<ul>\n<li style=\"font-weight: 400;\" aria-level=\"1\"><span style=\"font-weight: 400;\">residencias de lujo<\/span><\/li>\n<li style=\"font-weight: 400;\" aria-level=\"1\"><span style=\"font-weight: 400;\">complejos tur\u00edsticos exclusivos<\/span><\/li>\n<li style=\"font-weight: 400;\" aria-level=\"1\"><span style=\"font-weight: 400;\">encantador relais<\/span><\/li>\n<\/ul>\n<p><span style=\"font-weight: 400;\">todos ellos destinos de \u00e9lite para el turismo experiencial.<\/span><\/p>\n<p><b>Los antiguos pueblos italianos conservan plazas, talleres y bodegas<\/b><\/p>\n<p><span style=\"font-weight: 400;\">La restauraci\u00f3n de una aldea es una oportunidad para conservar la tradici\u00f3n y, al mismo tiempo, introducir elementos de modernidad y confort. Los edificios, caracterizados por materiales originales como la piedra, pueden realzarse con sofisticadas soluciones de dise\u00f1o, creando entornos donde la elegancia se une a la funcionalidad, respetando al mismo tiempo la historia de la aldea.   <\/span><\/p>\n<p><span style=\"font-weight: 400;\">Espacios exteriores &#8211; patios, corrales, jardines, <\/span><span style=\"font-weight: 400;\">terrazas<\/span><span style=\"font-weight: 400;\">  &#8211; Amplifican a\u00fan m\u00e1s el encanto de estos lugares, ofreciendo vistas impresionantes e in\u00e9ditas del paisaje italiano, mientras que en los complejos tur\u00edsticos, las piscinas infinitas y las zonas de bienestar en armon\u00eda con el entorno completan una experiencia vacacional marcada por el bienestar y la belleza. Adem\u00e1s, algunos pueblos conservan peque\u00f1as plazas caracter\u00edsticas, tiendas antiguas y bodegas hist\u00f3ricas: elementos que los convierten en verdaderos microcosmos de cultura y artesan\u00eda. <\/span><\/p>\n<p><b>La inversi\u00f3n en un pueblo italiano: una elecci\u00f3n estrat\u00e9gica<\/b><\/p>\n<p><span style=\"font-weight: 400;\">Invertir en un pueblo italiano es tambi\u00e9n una elecci\u00f3n estrat\u00e9gica desde el punto de vista econ\u00f3mico. El creciente inter\u00e9s del turismo en Italia, especialmente en el segmento de lujo, por las experiencias aut\u00e9nticas y el valor de la tradici\u00f3n hacen que estas propiedades sean cada vez m\u00e1s buscadas por los inversores internacionales: la posibilidad de desarrollar <a href=\"https:\/\/www.roofandroots.com\/es\/propiedades\/hoteles\/\">actividades de alojamiento<\/a> de alto nivel garantiza un importante rendimiento econ\u00f3mico, transformando cada borgo en una realidad exclusiva y rentable. <\/span><\/p>\n<p><span style=\"font-weight: 400;\">Y, en cuanto a las soluciones de vivienda individual, la aplicaci\u00f3n de tecnolog\u00edas avanzadas y soluciones ecosostenibles maximiza el confort y la eficiencia, sin alterar la esencia hist\u00f3rica de las estructuras.  <\/span><\/p>\n<p><span style=\"font-weight: 400;\">Elegir invertir en un pueblo de Italia significa no s\u00f3lo adquirir un bien de inestimable valor, sino tambi\u00e9n contribuir a la protecci\u00f3n y promoci\u00f3n de un patrimonio cultural \u00fanico.<\/span><\/p>\n<p><b>La oferta de Roof&amp;Roots de antiguos pueblos italianos<\/b><\/p>\n<p><span style=\"font-weight: 400;\">En su cat\u00e1logo, Roof&amp;Roots, gracias tambi\u00e9n a la profunda cartograf\u00eda t\u00e9cnico-cient\u00edfica de todo el territorio italiano, selecciona pueblos extraordinarios en los lugares m\u00e1s evocadores de Italia, entre ellos un pueblo en las <a href=\"https:\/\/www.roofandroots.com\/es\/detalle-de-la-propiedad\/\">colinas de Fiesole<\/a><\/span><span style=\"font-weight: 400;\">la exclusiva <a href=\"https:\/\/www.roofandroots.com\/es\/detalle-de-la-propiedad\/\">finca toscana<\/a><\/span><span style=\"font-weight: 400;\"> con sus vi\u00f1edos, olivares y potencial tur\u00edstico, o un<a href=\"https:\/\/www.roofandroots.com\/es\/detalle-de-la-propiedad\/\">oasis de belleza en el coraz\u00f3n de Umbr\u00eda<\/a> &#8211; ofreciendo asesoramiento a medida para quienes deseen transformar estos lugares intemporales en proyectos de prestigio, capaces de combinar tradici\u00f3n, innovaci\u00f3n y una visi\u00f3n clarividente del lujo.<\/span><\/p>\n","protected":false},"excerpt":{"rendered":"<p>\u00bfPor qu\u00e9 merece la pena invertir en una aldea en Italia? Italia es la tierra de los pueblos por excelencia: invertir en un pueblo en Italia significa tomar posesi\u00f3n de un fragmento de historia, un legado intemporal que se traduce en una oportunidad extraordinaria. Estos fascinantes asentamientos est\u00e1n dispersos entre las onduladas colinas toscanas, el [&hellip;]<\/p>\n","protected":false},"author":2,"featured_media":1700,"parent":1656,"menu_order":0,"comment_status":"closed","ping_status":"closed","template":"","meta":{"_acf_changed":false,"_et_pb_use_builder":"off","_et_pb_old_content":"","_et_gb_content_width":"","inline_featured_image":false,"footnotes":""},"class_list":["post-1699","page","type-page","status-publish","has-post-thumbnail","hentry"],"acf":[],"yoast_head":"<!-- This site is optimized with the Yoast SEO plugin v27.6 - https:\/\/yoast.com\/product\/yoast-seo-wordpress\/ -->\n<title>Pueblos - Roof&amp;Roots<\/title>\n<meta name=\"description\" content=\"Explora pueblos hist\u00f3ricos italianos y realza su historia en proyectos exclusivos. Descubre las propuestas de alojamiento con encanto de Roof&amp;Roots\" \/>\n<meta name=\"robots\" content=\"index, follow, max-snippet:-1, max-image-preview:large, max-video-preview:-1\" \/>\n<link rel=\"canonical\" href=\"https:\/\/www.roofandroots.com\/es\/propiedades\/pueblos\/\" \/>\n<meta property=\"og:locale\" content=\"es_ES\" \/>\n<meta property=\"og:type\" content=\"article\" \/>\n<meta property=\"og:title\" content=\"Pueblos hist\u00f3ricos italianos: invierte en el encanto de la tradici\u00f3n\" \/>\n<meta property=\"og:description\" content=\"Explora pueblos hist\u00f3ricos italianos y realza su historia en proyectos exclusivos. Descubre las propuestas de alojamiento con encanto de Roof&amp;Roots\" \/>\n<meta property=\"og:url\" content=\"https:\/\/www.roofandroots.com\/es\/propiedades\/pueblos\/\" \/>\n<meta property=\"og:site_name\" content=\"Roof&amp;Roots\" \/>\n<meta property=\"og:image\" content=\"https:\/\/www.roofandroots.com\/wp-content\/uploads\/2025\/04\/borgo-1-1024x963.png\" \/>\n<meta name=\"twitter:card\" content=\"summary_large_image\" \/>\n<meta name=\"twitter:title\" content=\"Pueblos hist\u00f3ricos italianos: invierte en el encanto de la tradici\u00f3n\" \/>\n<meta name=\"twitter:description\" content=\"Explora los pueblos hist\u00f3ricos italianos y realza su historia en proyectos exclusivos. Descubre las propuestas de alojamiento con encanto de Roof&amp;Roots\" \/>\n<meta name=\"twitter:image\" content=\"https:\/\/www.roofandroots.com\/wp-content\/uploads\/2025\/04\/borgo-1-1024x963.png\" \/>\n<meta name=\"twitter:label1\" content=\"Tiempo de lectura\" \/>\n\t<meta name=\"twitter:data1\" content=\"3 minutos\" \/>\n<script type=\"application\/ld+json\" class=\"yoast-schema-graph\">{\"@context\":\"https:\\\/\\\/schema.org\",\"@graph\":[{\"@type\":\"WebPage\",\"@id\":\"https:\\\/\\\/www.roofandroots.com\\\/es\\\/propiedades\\\/pueblos\\\/\",\"url\":\"https:\\\/\\\/www.roofandroots.com\\\/es\\\/propiedades\\\/pueblos\\\/\",\"name\":\"Pueblos - Roof&amp;Roots\",\"isPartOf\":{\"@id\":\"https:\\\/\\\/www.roofandroots.com\\\/#website\"},\"primaryImageOfPage\":{\"@id\":\"https:\\\/\\\/www.roofandroots.com\\\/es\\\/propiedades\\\/pueblos\\\/#primaryimage\"},\"image\":{\"@id\":\"https:\\\/\\\/www.roofandroots.com\\\/es\\\/propiedades\\\/pueblos\\\/#primaryimage\"},\"thumbnailUrl\":\"https:\\\/\\\/www.roofandroots.com\\\/wp-content\\\/uploads\\\/2025\\\/04\\\/borgo-1.png\",\"datePublished\":\"2025-03-05T15:19:23+00:00\",\"description\":\"Explora pueblos hist\u00f3ricos italianos y realza su historia en proyectos exclusivos. Descubre las propuestas de alojamiento con encanto de Roof&Roots\",\"breadcrumb\":{\"@id\":\"https:\\\/\\\/www.roofandroots.com\\\/es\\\/propiedades\\\/pueblos\\\/#breadcrumb\"},\"inLanguage\":\"es\",\"potentialAction\":[{\"@type\":\"ReadAction\",\"target\":[\"https:\\\/\\\/www.roofandroots.com\\\/es\\\/propiedades\\\/pueblos\\\/\"]}]},{\"@type\":\"ImageObject\",\"inLanguage\":\"es\",\"@id\":\"https:\\\/\\\/www.roofandroots.com\\\/es\\\/propiedades\\\/pueblos\\\/#primaryimage\",\"url\":\"https:\\\/\\\/www.roofandroots.com\\\/wp-content\\\/uploads\\\/2025\\\/04\\\/borgo-1.png\",\"contentUrl\":\"https:\\\/\\\/www.roofandroots.com\\\/wp-content\\\/uploads\\\/2025\\\/04\\\/borgo-1.png\",\"width\":1063,\"height\":1000},{\"@type\":\"BreadcrumbList\",\"@id\":\"https:\\\/\\\/www.roofandroots.com\\\/es\\\/propiedades\\\/pueblos\\\/#breadcrumb\",\"itemListElement\":[{\"@type\":\"ListItem\",\"position\":1,\"name\":\"Home\",\"item\":\"https:\\\/\\\/www.roofandroots.com\\\/es\\\/\"},{\"@type\":\"ListItem\",\"position\":2,\"name\":\"Propiedades\",\"item\":\"https:\\\/\\\/www.roofandroots.com\\\/propiedades\\\/\"},{\"@type\":\"ListItem\",\"position\":3,\"name\":\"Pueblos\"}]},{\"@type\":\"WebSite\",\"@id\":\"https:\\\/\\\/www.roofandroots.com\\\/#website\",\"url\":\"https:\\\/\\\/www.roofandroots.com\\\/\",\"name\":\"Roof&Roots\",\"description\":\"There&#039;s more value in between\",\"publisher\":{\"@id\":\"https:\\\/\\\/www.roofandroots.com\\\/#organization\"},\"potentialAction\":[{\"@type\":\"SearchAction\",\"target\":{\"@type\":\"EntryPoint\",\"urlTemplate\":\"https:\\\/\\\/www.roofandroots.com\\\/?s={search_term_string}\"},\"query-input\":{\"@type\":\"PropertyValueSpecification\",\"valueRequired\":true,\"valueName\":\"search_term_string\"}}],\"inLanguage\":\"es\"},{\"@type\":\"Organization\",\"@id\":\"https:\\\/\\\/www.roofandroots.com\\\/#organization\",\"name\":\"Roof&Roots\",\"url\":\"https:\\\/\\\/www.roofandroots.com\\\/\",\"logo\":{\"@type\":\"ImageObject\",\"inLanguage\":\"es\",\"@id\":\"https:\\\/\\\/www.roofandroots.com\\\/#\\\/schema\\\/logo\\\/image\\\/\",\"url\":\"https:\\\/\\\/www.roofandroots.com\\\/wp-content\\\/uploads\\\/2024\\\/11\\\/logo.png\",\"contentUrl\":\"https:\\\/\\\/www.roofandroots.com\\\/wp-content\\\/uploads\\\/2024\\\/11\\\/logo.png\",\"width\":512,\"height\":243,\"caption\":\"Roof&Roots\"},\"image\":{\"@id\":\"https:\\\/\\\/www.roofandroots.com\\\/#\\\/schema\\\/logo\\\/image\\\/\"}}]}<\/script>\n<!-- \/ Yoast SEO plugin. -->","yoast_head_json":{"title":"Pueblos - Roof&amp;Roots","description":"Explora pueblos hist\u00f3ricos italianos y realza su historia en proyectos exclusivos. Descubre las propuestas de alojamiento con encanto de Roof&Roots","robots":{"index":"index","follow":"follow","max-snippet":"max-snippet:-1","max-image-preview":"max-image-preview:large","max-video-preview":"max-video-preview:-1"},"canonical":"https:\/\/www.roofandroots.com\/es\/propiedades\/pueblos\/","og_locale":"es_ES","og_type":"article","og_title":"Pueblos hist\u00f3ricos italianos: invierte en el encanto de la tradici\u00f3n","og_description":"Explora pueblos hist\u00f3ricos italianos y realza su historia en proyectos exclusivos. Descubre las propuestas de alojamiento con encanto de Roof&Roots","og_url":"https:\/\/www.roofandroots.com\/es\/propiedades\/pueblos\/","og_site_name":"Roof&amp;Roots","og_image":[{"url":"https:\/\/www.roofandroots.com\/wp-content\/uploads\/2025\/04\/borgo-1-1024x963.png","type":"","width":"","height":""}],"twitter_card":"summary_large_image","twitter_title":"Pueblos hist\u00f3ricos italianos: invierte en el encanto de la tradici\u00f3n","twitter_description":"Explora los pueblos hist\u00f3ricos italianos y realza su historia en proyectos exclusivos. Descubre las propuestas de alojamiento con encanto de Roof&Roots","twitter_image":"https:\/\/www.roofandroots.com\/wp-content\/uploads\/2025\/04\/borgo-1-1024x963.png","twitter_misc":{"Tiempo de lectura":"3 minutos"},"schema":{"@context":"https:\/\/schema.org","@graph":[{"@type":"WebPage","@id":"https:\/\/www.roofandroots.com\/es\/propiedades\/pueblos\/","url":"https:\/\/www.roofandroots.com\/es\/propiedades\/pueblos\/","name":"Pueblos - Roof&amp;Roots","isPartOf":{"@id":"https:\/\/www.roofandroots.com\/#website"},"primaryImageOfPage":{"@id":"https:\/\/www.roofandroots.com\/es\/propiedades\/pueblos\/#primaryimage"},"image":{"@id":"https:\/\/www.roofandroots.com\/es\/propiedades\/pueblos\/#primaryimage"},"thumbnailUrl":"https:\/\/www.roofandroots.com\/wp-content\/uploads\/2025\/04\/borgo-1.png","datePublished":"2025-03-05T15:19:23+00:00","description":"Explora pueblos hist\u00f3ricos italianos y realza su historia en proyectos exclusivos. Descubre las propuestas de alojamiento con encanto de Roof&Roots","breadcrumb":{"@id":"https:\/\/www.roofandroots.com\/es\/propiedades\/pueblos\/#breadcrumb"},"inLanguage":"es","potentialAction":[{"@type":"ReadAction","target":["https:\/\/www.roofandroots.com\/es\/propiedades\/pueblos\/"]}]},{"@type":"ImageObject","inLanguage":"es","@id":"https:\/\/www.roofandroots.com\/es\/propiedades\/pueblos\/#primaryimage","url":"https:\/\/www.roofandroots.com\/wp-content\/uploads\/2025\/04\/borgo-1.png","contentUrl":"https:\/\/www.roofandroots.com\/wp-content\/uploads\/2025\/04\/borgo-1.png","width":1063,"height":1000},{"@type":"BreadcrumbList","@id":"https:\/\/www.roofandroots.com\/es\/propiedades\/pueblos\/#breadcrumb","itemListElement":[{"@type":"ListItem","position":1,"name":"Home","item":"https:\/\/www.roofandroots.com\/es\/"},{"@type":"ListItem","position":2,"name":"Propiedades","item":"https:\/\/www.roofandroots.com\/propiedades\/"},{"@type":"ListItem","position":3,"name":"Pueblos"}]},{"@type":"WebSite","@id":"https:\/\/www.roofandroots.com\/#website","url":"https:\/\/www.roofandroots.com\/","name":"Roof&Roots","description":"There&#039;s more value in between","publisher":{"@id":"https:\/\/www.roofandroots.com\/#organization"},"potentialAction":[{"@type":"SearchAction","target":{"@type":"EntryPoint","urlTemplate":"https:\/\/www.roofandroots.com\/?s={search_term_string}"},"query-input":{"@type":"PropertyValueSpecification","valueRequired":true,"valueName":"search_term_string"}}],"inLanguage":"es"},{"@type":"Organization","@id":"https:\/\/www.roofandroots.com\/#organization","name":"Roof&Roots","url":"https:\/\/www.roofandroots.com\/","logo":{"@type":"ImageObject","inLanguage":"es","@id":"https:\/\/www.roofandroots.com\/#\/schema\/logo\/image\/","url":"https:\/\/www.roofandroots.com\/wp-content\/uploads\/2024\/11\/logo.png","contentUrl":"https:\/\/www.roofandroots.com\/wp-content\/uploads\/2024\/11\/logo.png","width":512,"height":243,"caption":"Roof&Roots"},"image":{"@id":"https:\/\/www.roofandroots.com\/#\/schema\/logo\/image\/"}}]}},"featured_image_src":"https:\/\/www.roofandroots.com\/wp-content\/uploads\/2025\/04\/borgo-1-600x400.png","featured_image_src_square":"https:\/\/www.roofandroots.com\/wp-content\/uploads\/2025\/04\/borgo-1-600x600.png","_links":{"self":[{"href":"https:\/\/www.roofandroots.com\/es\/wp-json\/wp\/v2\/pages\/1699","targetHints":{"allow":["GET"]}}],"collection":[{"href":"https:\/\/www.roofandroots.com\/es\/wp-json\/wp\/v2\/pages"}],"about":[{"href":"https:\/\/www.roofandroots.com\/es\/wp-json\/wp\/v2\/types\/page"}],"author":[{"embeddable":true,"href":"https:\/\/www.roofandroots.com\/es\/wp-json\/wp\/v2\/users\/2"}],"replies":[{"embeddable":true,"href":"https:\/\/www.roofandroots.com\/es\/wp-json\/wp\/v2\/comments?post=1699"}],"version-history":[{"count":0,"href":"https:\/\/www.roofandroots.com\/es\/wp-json\/wp\/v2\/pages\/1699\/revisions"}],"up":[{"embeddable":true,"href":"https:\/\/www.roofandroots.com\/es\/wp-json\/wp\/v2\/pages\/1656"}],"wp:featuredmedia":[{"embeddable":true,"href":"https:\/\/www.roofandroots.com\/es\/wp-json\/wp\/v2\/media\/1700"}],"wp:attachment":[{"href":"https:\/\/www.roofandroots.com\/es\/wp-json\/wp\/v2\/media?parent=1699"}],"curies":[{"name":"wp","href":"https:\/\/api.w.org\/{rel}","templated":true}]}}