{"id":1644,"date":"2025-01-09T11:55:16","date_gmt":"2025-01-09T11:55:16","guid":{"rendered":"https:\/\/www.roofandroots.com\/hoteles\/"},"modified":"2025-09-16T10:13:55","modified_gmt":"2025-09-16T10:13:55","slug":"hoteles","status":"publish","type":"page","link":"https:\/\/www.roofandroots.com\/es\/propiedades\/hoteles\/","title":{"rendered":"Hoteles"},"content":{"rendered":"<h5 data-pm-slice=\"1 1 []\"><strong>Hoteles de lujo: experiencias inolvidables en lugares privilegiados<\/strong><\/h5>\n<h5><strong>La hospitalidad como arte<\/strong><\/h5>\n<p>Cruzar el umbral de un hotel de lujo significa entrar en un mundo donde cada detalle cuenta una historia de exclusividad, refinamiento y confort al m\u00e1s alto nivel. Los hoteles m\u00e1s prestigiosos seleccionados por Roof&amp;Roots ofrecen no s\u00f3lo un lugar donde alojarse, sino aut\u00e9nticos destinos experienciales. Cada estructura est\u00e1 dise\u00f1ada para estimular los sentidos, ofreciendo una estancia que va m\u00e1s all\u00e1 de las expectativas gracias a entornos sofisticados, servicios excelentes y una bienvenida impecable.  <\/p>\n<h5><strong>Dise\u00f1o y ambiente exclusivos<\/strong><\/h5>\n<p>De los vest\u00edbulos a los comedores, de las zonas de bienestar a los <a href=\"https:\/\/www.roofandroots.com\/es\/propiedades\/grandes-espacios-exteriores\/\">espacios al aire libre<\/a>, todos los espacios de los hoteles de lujo est\u00e1n <a href=\"https:\/\/www.roofandroots.com\/es\/propiedades\/amueblado\/\">amueblados con gusto<\/a>, utilizando materiales nobles y un estilo que var\u00eda de cl\u00e1sico a minimalista. Las habitaciones y suites, a menudo con vistas a <a href=\"https:\/\/www.roofandroots.com\/es\/propiedades\/unas-vistas-impresionantes\/\">paisajes extraordinarios<\/a>, se convierten en aut\u00e9nticos refugios de bienestar: estancias \u00edntimas cuidadas al detalle, donde la luz, el silencio y el dise\u00f1o contribuyen a crear una experiencia de confort total. <\/p>\n<h5><strong>Servicios exclusivos y tecnolog\u00eda punta<\/strong><\/h5>\n<p>El lujo tambi\u00e9n se manifiesta a trav\u00e9s de servicios dise\u00f1ados para sorprender: conserjes privados, spas internos, restaurantes gourmet dirigidos por chefs con estrella, bares panor\u00e1micos, gimnasios de alta tecnolog\u00eda y sistemas dom\u00f3ticos que permiten una gesti\u00f3n personalizada de las habitaciones. Cada estancia est\u00e1 hecha a medida, dise\u00f1ada para mimar a los hu\u00e9spedes y ofrecerles la m\u00e1xima libertad y comodidad. <\/p>\n<h5><strong>Lugares estrat\u00e9gicos y ambientes \u00fanicos<\/strong><\/h5>\n<p>La ubicaci\u00f3n es un elemento esencial a la hora de elegir un hotel de lujo. Las estructuras seleccionadas por Roof&amp;Roots se encuentran en los centros hist\u00f3ricos de <a href=\"https:\/\/www.roofandroots.com\/es\/ciudad\/\">ciudades de<\/a> arte como <a href=\"https:\/\/www.roofandroots.com\/es\/propiedades\/villas-en-roma\/\">Roma<\/a>, <a href=\"https:\/\/www.roofandroots.com\/es\/propiedades\/residencias-en-florencia\/\">Florencia<\/a>, <a href=\"https:\/\/www.roofandroots.com\/es\/propiedades\/residencias-en-milan\/\">Mil\u00e1n<\/a>, <a href=\"https:\/\/www.roofandroots.com\/es\/propiedades\/villas-en-siena\/\">Siena<\/a>, a lo largo de las <a href=\"https:\/\/www.roofandroots.com\/es\/propiedades\/mar\/\">costas<\/a> m\u00e1s fascinantes como la <a href=\"https:\/\/www.roofandroots.com\/es\/propiedades\/villas-costa-esmeralda\/\">Costa Esmeralda<\/a> y la <a href=\"https:\/\/www.roofandroots.com\/es\/propiedades\/villas-en-la-riviera-de-liguria\/\">Riviera Ligur <\/a>o inmersas en los paisajes naturales v\u00edrgenes de la <a href=\"https:\/\/www.roofandroots.com\/es\/campana\/\">campi\u00f1a<\/a> <a href=\"https:\/\/www.roofandroots.com\/es\/propiedades\/villas-en-chianti\/\">del Chianti<\/a>. Los hoteles boutique, los relais exclusivos y los resorts de alta gama ofrecen el marco perfecto para cualquier tipo de viaje, ya sea cultural, relajante o rom\u00e1ntico. La proximidad a restaurantes con estrellas, museos, teatros y boutiques exclusivas hace que cada experiencia sea a\u00fan m\u00e1s completa.   <\/p>\n<h5><strong>Inversi\u00f3n en excelencia receptiva<\/strong><\/h5>\n<p>Comprar o invertir en un hotel de lujo no es s\u00f3lo una transacci\u00f3n econ\u00f3mica, sino una elecci\u00f3n de visi\u00f3n y estilo. La gran demanda en el segmento de lujo, combinada con la calidad de la construcci\u00f3n y la ubicaci\u00f3n estrat\u00e9gica, hace de estas estructuras una oportunidad rentable y duradera. Roof&amp;Roots gu\u00eda a sus clientes en cada etapa de la negociaci\u00f3n, garantizando una gesti\u00f3n discreta, segura y a medida.  <\/p>\n<h5><strong>Roof&amp;Roots: el socio para tu hotel de prestigio<\/strong><\/h5>\n<p>Gracias a un profundo conocimiento del mercado y a una cartograf\u00eda t\u00e9cnica y cient\u00edfica del territorio italiano, Roof&amp;Roots ofrece una cuidada selecci\u00f3n de hoteles de lujo en ubicaciones \u00fanicas. Sus profesionales ayudan a cada cliente a elegir la propiedad ideal, transformando cada deseo en realidad y cada estancia en un recuerdo inolvidable. <\/p>\n<p>&nbsp;<\/p>\n","protected":false},"excerpt":{"rendered":"<p>Hoteles de lujo: experiencias inolvidables en lugares privilegiados La hospitalidad como arte Cruzar el umbral de un hotel de lujo significa entrar en un mundo donde cada detalle cuenta una historia de exclusividad, refinamiento y confort al m\u00e1s alto nivel. Los hoteles m\u00e1s prestigiosos seleccionados por Roof&amp;Roots ofrecen no s\u00f3lo un lugar donde alojarse, sino [&hellip;]<\/p>\n","protected":false},"author":4,"featured_media":1645,"parent":1656,"menu_order":0,"comment_status":"closed","ping_status":"closed","template":"","meta":{"_acf_changed":false,"_et_pb_use_builder":"off","_et_pb_old_content":"","_et_gb_content_width":"","inline_featured_image":false,"footnotes":""},"class_list":["post-1644","page","type-page","status-publish","has-post-thumbnail","hentry"],"acf":[],"yoast_head":"<!-- This site is optimized with the Yoast SEO plugin v27.5 - https:\/\/yoast.com\/product\/yoast-seo-wordpress\/ -->\n<title>Hoteles - Roof&amp;Roots<\/title>\n<meta name=\"description\" content=\"Descubre las mejores oportunidades de inversi\u00f3n: alojamientos de prestigio en lugares exclusivos, con el asesoramiento experto de Roof&amp;Roots\" \/>\n<meta name=\"robots\" content=\"index, follow, max-snippet:-1, max-image-preview:large, max-video-preview:-1\" \/>\n<link rel=\"canonical\" href=\"https:\/\/www.roofandroots.com\/es\/propiedades\/hoteles\/\" \/>\n<meta property=\"og:locale\" content=\"es_ES\" \/>\n<meta property=\"og:type\" content=\"article\" \/>\n<meta property=\"og:title\" content=\"Hoteles de lujo: invierte en un buen alojamiento\" \/>\n<meta property=\"og:description\" content=\"Descubre las mejores oportunidades de inversi\u00f3n: alojamientos de prestigio en ubicaciones exclusivas, con el asesoramiento experto de Roof&amp;Roots.\" \/>\n<meta property=\"og:url\" content=\"https:\/\/www.roofandroots.com\/es\/propiedades\/hoteles\/\" \/>\n<meta property=\"og:site_name\" content=\"Roof&amp;Roots\" \/>\n<meta property=\"article:modified_time\" content=\"2025-09-16T10:13:55+00:00\" \/>\n<meta property=\"og:image\" content=\"https:\/\/www.roofandroots.com\/wp-content\/uploads\/2025\/04\/hotel-1-1024x962.png\" \/>\n<meta name=\"twitter:card\" content=\"summary_large_image\" \/>\n<meta name=\"twitter:title\" content=\"Hoteles de lujo: invierte en un buen alojamiento\" \/>\n<meta name=\"twitter:description\" content=\"Descubre las mejores oportunidades de inversi\u00f3n: alojamientos de prestigio en ubicaciones exclusivas, con el asesoramiento experto de Roof&amp;Roots.\" \/>\n<meta name=\"twitter:image\" content=\"https:\/\/www.roofandroots.com\/wp-content\/uploads\/2025\/04\/hotel-1-1024x962.png\" \/>\n<meta name=\"twitter:label1\" content=\"Tiempo de lectura\" \/>\n\t<meta name=\"twitter:data1\" content=\"3 minutos\" \/>\n<script type=\"application\/ld+json\" class=\"yoast-schema-graph\">{\"@context\":\"https:\\\/\\\/schema.org\",\"@graph\":[{\"@type\":\"WebPage\",\"@id\":\"https:\\\/\\\/www.roofandroots.com\\\/es\\\/propiedades\\\/hoteles\\\/\",\"url\":\"https:\\\/\\\/www.roofandroots.com\\\/es\\\/propiedades\\\/hoteles\\\/\",\"name\":\"Hoteles - Roof&amp;Roots\",\"isPartOf\":{\"@id\":\"https:\\\/\\\/www.roofandroots.com\\\/#website\"},\"primaryImageOfPage\":{\"@id\":\"https:\\\/\\\/www.roofandroots.com\\\/es\\\/propiedades\\\/hoteles\\\/#primaryimage\"},\"image\":{\"@id\":\"https:\\\/\\\/www.roofandroots.com\\\/es\\\/propiedades\\\/hoteles\\\/#primaryimage\"},\"thumbnailUrl\":\"https:\\\/\\\/www.roofandroots.com\\\/wp-content\\\/uploads\\\/2025\\\/04\\\/hotel-1.png\",\"datePublished\":\"2025-01-09T11:55:16+00:00\",\"dateModified\":\"2025-09-16T10:13:55+00:00\",\"description\":\"Descubre las mejores oportunidades de inversi\u00f3n: alojamientos de prestigio en lugares exclusivos, con el asesoramiento experto de Roof&Roots\",\"breadcrumb\":{\"@id\":\"https:\\\/\\\/www.roofandroots.com\\\/es\\\/propiedades\\\/hoteles\\\/#breadcrumb\"},\"inLanguage\":\"es\",\"potentialAction\":[{\"@type\":\"ReadAction\",\"target\":[\"https:\\\/\\\/www.roofandroots.com\\\/es\\\/propiedades\\\/hoteles\\\/\"]}]},{\"@type\":\"ImageObject\",\"inLanguage\":\"es\",\"@id\":\"https:\\\/\\\/www.roofandroots.com\\\/es\\\/propiedades\\\/hoteles\\\/#primaryimage\",\"url\":\"https:\\\/\\\/www.roofandroots.com\\\/wp-content\\\/uploads\\\/2025\\\/04\\\/hotel-1.png\",\"contentUrl\":\"https:\\\/\\\/www.roofandroots.com\\\/wp-content\\\/uploads\\\/2025\\\/04\\\/hotel-1.png\",\"width\":1064,\"height\":1000},{\"@type\":\"BreadcrumbList\",\"@id\":\"https:\\\/\\\/www.roofandroots.com\\\/es\\\/propiedades\\\/hoteles\\\/#breadcrumb\",\"itemListElement\":[{\"@type\":\"ListItem\",\"position\":1,\"name\":\"Home\",\"item\":\"https:\\\/\\\/www.roofandroots.com\\\/es\\\/\"},{\"@type\":\"ListItem\",\"position\":2,\"name\":\"Propiedades\",\"item\":\"https:\\\/\\\/www.roofandroots.com\\\/propiedades\\\/\"},{\"@type\":\"ListItem\",\"position\":3,\"name\":\"Hoteles\"}]},{\"@type\":\"WebSite\",\"@id\":\"https:\\\/\\\/www.roofandroots.com\\\/#website\",\"url\":\"https:\\\/\\\/www.roofandroots.com\\\/\",\"name\":\"Roof&Roots\",\"description\":\"There&#039;s more value in between\",\"publisher\":{\"@id\":\"https:\\\/\\\/www.roofandroots.com\\\/#organization\"},\"potentialAction\":[{\"@type\":\"SearchAction\",\"target\":{\"@type\":\"EntryPoint\",\"urlTemplate\":\"https:\\\/\\\/www.roofandroots.com\\\/?s={search_term_string}\"},\"query-input\":{\"@type\":\"PropertyValueSpecification\",\"valueRequired\":true,\"valueName\":\"search_term_string\"}}],\"inLanguage\":\"es\"},{\"@type\":\"Organization\",\"@id\":\"https:\\\/\\\/www.roofandroots.com\\\/#organization\",\"name\":\"Roof&Roots\",\"url\":\"https:\\\/\\\/www.roofandroots.com\\\/\",\"logo\":{\"@type\":\"ImageObject\",\"inLanguage\":\"es\",\"@id\":\"https:\\\/\\\/www.roofandroots.com\\\/#\\\/schema\\\/logo\\\/image\\\/\",\"url\":\"https:\\\/\\\/www.roofandroots.com\\\/wp-content\\\/uploads\\\/2024\\\/11\\\/logo.png\",\"contentUrl\":\"https:\\\/\\\/www.roofandroots.com\\\/wp-content\\\/uploads\\\/2024\\\/11\\\/logo.png\",\"width\":512,\"height\":243,\"caption\":\"Roof&Roots\"},\"image\":{\"@id\":\"https:\\\/\\\/www.roofandroots.com\\\/#\\\/schema\\\/logo\\\/image\\\/\"}}]}<\/script>\n<!-- \/ Yoast SEO plugin. -->","yoast_head_json":{"title":"Hoteles - Roof&amp;Roots","description":"Descubre las mejores oportunidades de inversi\u00f3n: alojamientos de prestigio en lugares exclusivos, con el asesoramiento experto de Roof&Roots","robots":{"index":"index","follow":"follow","max-snippet":"max-snippet:-1","max-image-preview":"max-image-preview:large","max-video-preview":"max-video-preview:-1"},"canonical":"https:\/\/www.roofandroots.com\/es\/propiedades\/hoteles\/","og_locale":"es_ES","og_type":"article","og_title":"Hoteles de lujo: invierte en un buen alojamiento","og_description":"Descubre las mejores oportunidades de inversi\u00f3n: alojamientos de prestigio en ubicaciones exclusivas, con el asesoramiento experto de Roof&Roots.","og_url":"https:\/\/www.roofandroots.com\/es\/propiedades\/hoteles\/","og_site_name":"Roof&amp;Roots","article_modified_time":"2025-09-16T10:13:55+00:00","og_image":[{"url":"https:\/\/www.roofandroots.com\/wp-content\/uploads\/2025\/04\/hotel-1-1024x962.png","type":"","width":"","height":""}],"twitter_card":"summary_large_image","twitter_title":"Hoteles de lujo: invierte en un buen alojamiento","twitter_description":"Descubre las mejores oportunidades de inversi\u00f3n: alojamientos de prestigio en ubicaciones exclusivas, con el asesoramiento experto de Roof&Roots.","twitter_image":"https:\/\/www.roofandroots.com\/wp-content\/uploads\/2025\/04\/hotel-1-1024x962.png","twitter_misc":{"Tiempo de lectura":"3 minutos"},"schema":{"@context":"https:\/\/schema.org","@graph":[{"@type":"WebPage","@id":"https:\/\/www.roofandroots.com\/es\/propiedades\/hoteles\/","url":"https:\/\/www.roofandroots.com\/es\/propiedades\/hoteles\/","name":"Hoteles - Roof&amp;Roots","isPartOf":{"@id":"https:\/\/www.roofandroots.com\/#website"},"primaryImageOfPage":{"@id":"https:\/\/www.roofandroots.com\/es\/propiedades\/hoteles\/#primaryimage"},"image":{"@id":"https:\/\/www.roofandroots.com\/es\/propiedades\/hoteles\/#primaryimage"},"thumbnailUrl":"https:\/\/www.roofandroots.com\/wp-content\/uploads\/2025\/04\/hotel-1.png","datePublished":"2025-01-09T11:55:16+00:00","dateModified":"2025-09-16T10:13:55+00:00","description":"Descubre las mejores oportunidades de inversi\u00f3n: alojamientos de prestigio en lugares exclusivos, con el asesoramiento experto de Roof&Roots","breadcrumb":{"@id":"https:\/\/www.roofandroots.com\/es\/propiedades\/hoteles\/#breadcrumb"},"inLanguage":"es","potentialAction":[{"@type":"ReadAction","target":["https:\/\/www.roofandroots.com\/es\/propiedades\/hoteles\/"]}]},{"@type":"ImageObject","inLanguage":"es","@id":"https:\/\/www.roofandroots.com\/es\/propiedades\/hoteles\/#primaryimage","url":"https:\/\/www.roofandroots.com\/wp-content\/uploads\/2025\/04\/hotel-1.png","contentUrl":"https:\/\/www.roofandroots.com\/wp-content\/uploads\/2025\/04\/hotel-1.png","width":1064,"height":1000},{"@type":"BreadcrumbList","@id":"https:\/\/www.roofandroots.com\/es\/propiedades\/hoteles\/#breadcrumb","itemListElement":[{"@type":"ListItem","position":1,"name":"Home","item":"https:\/\/www.roofandroots.com\/es\/"},{"@type":"ListItem","position":2,"name":"Propiedades","item":"https:\/\/www.roofandroots.com\/propiedades\/"},{"@type":"ListItem","position":3,"name":"Hoteles"}]},{"@type":"WebSite","@id":"https:\/\/www.roofandroots.com\/#website","url":"https:\/\/www.roofandroots.com\/","name":"Roof&Roots","description":"There&#039;s more value in between","publisher":{"@id":"https:\/\/www.roofandroots.com\/#organization"},"potentialAction":[{"@type":"SearchAction","target":{"@type":"EntryPoint","urlTemplate":"https:\/\/www.roofandroots.com\/?s={search_term_string}"},"query-input":{"@type":"PropertyValueSpecification","valueRequired":true,"valueName":"search_term_string"}}],"inLanguage":"es"},{"@type":"Organization","@id":"https:\/\/www.roofandroots.com\/#organization","name":"Roof&Roots","url":"https:\/\/www.roofandroots.com\/","logo":{"@type":"ImageObject","inLanguage":"es","@id":"https:\/\/www.roofandroots.com\/#\/schema\/logo\/image\/","url":"https:\/\/www.roofandroots.com\/wp-content\/uploads\/2024\/11\/logo.png","contentUrl":"https:\/\/www.roofandroots.com\/wp-content\/uploads\/2024\/11\/logo.png","width":512,"height":243,"caption":"Roof&Roots"},"image":{"@id":"https:\/\/www.roofandroots.com\/#\/schema\/logo\/image\/"}}]}},"featured_image_src":"https:\/\/www.roofandroots.com\/wp-content\/uploads\/2025\/04\/hotel-1-600x400.png","featured_image_src_square":"https:\/\/www.roofandroots.com\/wp-content\/uploads\/2025\/04\/hotel-1-600x600.png","_links":{"self":[{"href":"https:\/\/www.roofandroots.com\/es\/wp-json\/wp\/v2\/pages\/1644","targetHints":{"allow":["GET"]}}],"collection":[{"href":"https:\/\/www.roofandroots.com\/es\/wp-json\/wp\/v2\/pages"}],"about":[{"href":"https:\/\/www.roofandroots.com\/es\/wp-json\/wp\/v2\/types\/page"}],"author":[{"embeddable":true,"href":"https:\/\/www.roofandroots.com\/es\/wp-json\/wp\/v2\/users\/4"}],"replies":[{"embeddable":true,"href":"https:\/\/www.roofandroots.com\/es\/wp-json\/wp\/v2\/comments?post=1644"}],"version-history":[{"count":0,"href":"https:\/\/www.roofandroots.com\/es\/wp-json\/wp\/v2\/pages\/1644\/revisions"}],"up":[{"embeddable":true,"href":"https:\/\/www.roofandroots.com\/es\/wp-json\/wp\/v2\/pages\/1656"}],"wp:featuredmedia":[{"embeddable":true,"href":"https:\/\/www.roofandroots.com\/es\/wp-json\/wp\/v2\/media\/1645"}],"wp:attachment":[{"href":"https:\/\/www.roofandroots.com\/es\/wp-json\/wp\/v2\/media?parent=1644"}],"curies":[{"name":"wp","href":"https:\/\/api.w.org\/{rel}","templated":true}]}}