{"id":1180,"date":"2025-02-28T09:53:41","date_gmt":"2025-02-28T09:53:41","guid":{"rendered":"https:\/\/www.roofandroots.com\/fur-diejenigen-die-verkaufen\/"},"modified":"2025-05-26T12:50:02","modified_gmt":"2025-05-26T12:50:02","slug":"fur-diejenigen-die-verkaufen","status":"publish","type":"page","link":"https:\/\/www.roofandroots.com\/de\/fur-diejenigen-die-verkaufen\/","title":{"rendered":"F\u00fcr diejenigen, die verkaufen"},"content":{"rendered":"<p>[et_pb_section fb_built=&#8220;1&#8243; fullwidth=&#8220;on&#8220; _builder_version=&#8220;4.27.4&#8243; _module_preset=&#8220;default&#8220; custom_margin=&#8220;55px||||false|false&#8220; global_colors_info=&#8220;{}&#8220;][et_pb_fullwidth_image src=&#8220;https:\/\/www.roofandroots.com\/wp-content\/uploads\/2025\/02\/apertura-servizi-chi-vende-1.png&#8220; title_text=&#8220;Er\u00f6ffnungsdienste, die verkauft&#8220; _builder_version=&#8220;4.27.4&#8243; _module_preset=&#8220;default&#8220; global_colors_info=&#8220;{}&#8220;][\/et_pb_fullwidth_image][\/et_pb_section][et_pb_section fb_built=&#8220;1&#8243; _builder_version=&#8220;4.27.4&#8243; _module_preset=&#8220;default&#8220; custom_padding=&#8220;40px||40px||false|false&#8220; global_colors_info=&#8220;{}&#8220;][et_pb_row _builder_version=&#8220;4.27.4&#8243; _module_preset=&#8220;default&#8220; width_tablet=&#8220;&#8220; width_phone=&#8220;90%&#8220; width_last_edited=&#8220;on|phone&#8220; module_alignment=&#8220;center&#8220; animation_style=&#8220;slide&#8220; animation_direction=&#8220;bottom&#8220; animation_intensity_slide=&#8220;5%&#8220; border_color_bottom=&#8220;#AFAFAF&#8220; global_colors_info=&#8220;{}&#8220;][et_pb_column type=&#8220;4_4&#8243; _builder_version=&#8220;4.27.4&#8243; _module_preset=&#8220;default&#8220; global_colors_info=&#8220;{}&#8220;][et_pb_blurb image=&#8220;https:\/\/www.roofandroots.com\/wp-content\/uploads\/2025\/01\/RR.png&#8220; icon_placement=&#8220;left&#8220; image_icon_width=&#8220;17px&#8220; content_max_width=&#8220;1100px&#8220; icon_placement_tablet=&#8220;left&#8220; icon_placement_phone=&#8220;left&#8220; icon_placement_last_edited=&#8220;on|phone&#8220; image_icon_width_tablet=&#8220;&#8220; image_icon_width_phone=&#8220;17px&#8220; image_icon_width_last_edited=&#8220;on|phone&#8220; _builder_version=&#8220;4.27.4&#8243; _module_preset=&#8220;default&#8220; image_icon_custom_padding_tablet=&#8220;&#8220; image_icon_custom_padding_phone=&#8220;|0px|||false|false&#8220; image_icon_custom_padding_last_edited=&#8220;on|phone&#8220; custom_padding=&#8220;|70px||70px|false|true&#8220; custom_padding_tablet=&#8220;|0px||0px|false|true&#8220; custom_padding_phone=&#8220;&#8220; custom_padding_last_edited=&#8220;on|tablet&#8220; custom_css_blurb_image=&#8220;padding-right:30px;&#8220; global_colors_info=&#8220;{}&#8220; custom_css_blurb_image_last_edited=&#8220;on|phone&#8220; custom_css_blurb_image_phone=&#8220;padding-right:5px !important;&#8220; custom_css_blurb_image_tablet=&#8220;padding-right:30px;&#8220;]<\/p>\n<h2>Wir interpretieren den Verkauf einer wertvollen Immobilie als eine <span style=\"color: #691512;\"><i>exklusive Reise<\/i><\/span>. Deshalb w\u00e4hlen unsere Kunden uns als ihre Begleiter.   <\/h2>\n<p>[\/et_pb_blurb][\/et_pb_column][\/et_pb_row][\/et_pb_section][et_pb_section fb_built=&#8220;1&#8243; _builder_version=&#8220;4.27.4&#8243; _module_preset=&#8220;default&#8220; custom_padding=&#8220;0px||0px||false|false&#8220; locked=&#8220;off&#8220; global_colors_info=&#8220;{}&#8220;][et_pb_row column_structure=&#8220;1_2,1_2&#8243; use_custom_gutter=&#8220;on&#8220; gutter_width=&#8220;1&#8243; make_equal=&#8220;on&#8220; module_class=&#8220;custom_row&#8220; _builder_version=&#8220;4.27.4&#8243; _module_preset=&#8220;default&#8220; width=&#8220;100%&#8220; min_height=&#8220;520px&#8220; custom_padding=&#8220;0px||0px||false|false&#8220; global_colors_info=&#8220;{}&#8220;][et_pb_column type=&#8220;1_2&#8243; module_class=&#8220;second-on-mobile&#8220; _builder_version=&#8220;4.27.4&#8243; _module_preset=&#8220;default&#8220; background_image=&#8220;https:\/\/www.roofandroots.com\/wp-content\/uploads\/2025\/02\/img-01.png&#8220; custom_padding_phone=&#8220;80%||||false|false&#8220; custom_padding_last_edited=&#8220;off|tablet&#8220; global_colors_info=&#8220;{}&#8220; custom_css_main_element_last_edited=&#8220;on|tablet&#8220; custom_css_main_element_tablet=&#8220;min-height:400px;&#8220; custom_css_main_element_phone=&#8220;min-height:400px;&#8220;][\/et_pb_column][et_pb_column type=&#8220;1_2&#8243; module_class=&#8220;first-on-mobile&#8220; _builder_version=&#8220;4.27.4&#8243; _module_preset=&#8220;default&#8220; background_color=&#8220;#F6F4F4&#8243; custom_padding=&#8220;80px|60px|80px|40px|false|false&#8220; global_colors_info=&#8220;{}&#8220;][et_pb_blurb title=&#8220;BREITES NETZWERK VON INVESTOREN&#8220; image_icon_width=&#8220;40px&#8220; icon_alignment=&#8220;left&#8220; _builder_version=&#8220;4.27.4&#8243; _module_preset=&#8220;default&#8220; header_level=&#8220;h5&#8243; header_font_size=&#8220;24px&#8220; header_line_height=&#8220;1.2em&#8220; body_text_color=&#8220;#242424&#8243; body_font_size=&#8220;20px&#8220; custom_margin=&#8220;80px||||false|false&#8220; custom_padding=&#8220;|47px|||false|false&#8220; custom_padding_tablet=&#8220;&#8220; custom_padding_phone=&#8220;|0px|||false|false&#8220; custom_padding_last_edited=&#8220;on|phone&#8220; global_colors_info=&#8220;{}&#8220;]<\/p>\n<p><span style=\"font-weight: 300;\">Von Nordamerika bis Australien arbeitet Roof&amp;Roots jeden Tag an au\u00dfergew\u00f6hnlichen Projekten auf der ganzen Welt und verbindet dabei Vision\u00e4res mit Pragmatischem. So   <\/span>  <span style=\"font-weight: 300;\"> hat im Laufe der Zeit ein Netzwerk von <\/span><span style=\"color: #000000;\"><b>mehr als 20.000 internationalen Investoren<\/b><\/span><span style=\"font-weight: 300;\">  und verf\u00fcgt \u00fcber umfassende Erfahrungen auf dem Luxusmarkt &#8211; nicht nur im Wohnungsbau. Zum Portfolio von R&amp;R geh\u00f6ren n\u00e4mlich auch f\u00fchrende Luxus- und Modemarken sowie f\u00fchrende Hotelketten.   <\/span><\/p>\n<p>[\/et_pb_blurb][\/et_pb_column][\/et_pb_row][et_pb_row column_structure=&#8220;1_2,1_2&#8243; use_custom_gutter=&#8220;on&#8220; gutter_width=&#8220;1&#8243; make_equal=&#8220;on&#8220; _builder_version=&#8220;4.27.4&#8243; _module_preset=&#8220;default&#8220; width=&#8220;100%&#8220; min_height=&#8220;520px&#8220; custom_padding=&#8220;0px||0px||false|false&#8220; global_colors_info=&#8220;{}&#8220;][et_pb_column type=&#8220;1_2&#8243; _builder_version=&#8220;4.27.4&#8243; _module_preset=&#8220;default&#8220; custom_padding=&#8220;80px|60px|80px|60px|true|false&#8220; custom_padding_tablet=&#8220;&#8220; custom_padding_phone=&#8220;60px|40px|60px|40px|true|false&#8220; custom_padding_last_edited=&#8220;on|phone&#8220; global_colors_info=&#8220;{}&#8220;][et_pb_blurb title=&#8220;VEREINFACHUNG DES VERKAUFSPROZESSES  &#8220; image_icon_width=&#8220;40px&#8220; icon_alignment=&#8220;left&#8220; _builder_version=&#8220;4.27.4&#8243; _module_preset=&#8220;default&#8220; header_level=&#8220;h5&#8243; header_font_size=&#8220;24px&#8220; header_line_height=&#8220;1.2em&#8220; body_text_color=&#8220;#242424&#8243; body_font_size=&#8220;20px&#8220; custom_margin=&#8220;80px||||false|false&#8220; custom_padding=&#8220;|47px|||false|false&#8220; custom_padding_tablet=&#8220;&#8220; custom_padding_phone=&#8220;|0px|||false|false&#8220; custom_padding_last_edited=&#8220;on|phone&#8220; locked=&#8220;off&#8220; global_colors_info=&#8220;{}&#8220;]<\/p>\n<p><span style=\"font-weight: 300;\"><span style=\"color: #000000;\">Roof&amp;Roots hat seine Aktivit\u00e4ten zur Immobiliensuche mit einem fortschrittlichen  <\/span> <\/span><span style=\"color: #000000;\"><b>technisches Know-how<\/b><span style=\"font-weight: 300;\"> eines Arbeitsteams mit <\/span><b>multidisziplin\u00e4ren F\u00e4higkeiten<\/b><span style=\"font-weight: 300;\">die es dem Kunden erm\u00f6glicht, in jeder Phase der Kauf- und Verkaufsverhandlungen unterst\u00fctzt zu werden. Diejenigen, die sich f\u00fcr den Verkauf mit R&amp;R entscheiden, k\u00f6nnen sich auf einen optimierten Prozess verlassen, der darauf abzielt, Risiken und Unannehmlichkeiten zum Zeitpunkt des Kaufs zu reduzieren.   <\/span><\/span><\/p>\n<p>[\/et_pb_blurb][\/et_pb_column][et_pb_column type=&#8220;1_2&#8243; _builder_version=&#8220;4.27.4&#8243; _module_preset=&#8220;default&#8220; background_image=&#8220;https:\/\/www.roofandroots.com\/wp-content\/uploads\/2025\/02\/img-02.png&#8220; global_colors_info=&#8220;{}&#8220;][\/et_pb_column][\/et_pb_row][et_pb_row column_structure=&#8220;1_2,1_2&#8243; use_custom_gutter=&#8220;on&#8220; gutter_width=&#8220;1&#8243; make_equal=&#8220;on&#8220; module_class=&#8220;custom_row&#8220; _builder_version=&#8220;4.27.4&#8243; _module_preset=&#8220;default&#8220; width=&#8220;100%&#8220; min_height=&#8220;520px&#8220; custom_padding=&#8220;0px||0px||false|false&#8220; locked=&#8220;off&#8220; global_colors_info=&#8220;{}&#8220;][et_pb_column type=&#8220;1_2&#8243; module_class=&#8220;second-on-mobile&#8220; _builder_version=&#8220;4.27.4&#8243; _module_preset=&#8220;default&#8220; background_image=&#8220;https:\/\/www.roofandroots.com\/wp-content\/uploads\/2025\/04\/Servizio-x-chi-vende_3.jpg&#8220; global_colors_info=&#8220;{}&#8220;][\/et_pb_column][et_pb_column type=&#8220;1_2&#8243; module_class=&#8220;first-on-mobile&#8220; _builder_version=&#8220;4.27.4&#8243; _module_preset=&#8220;default&#8220; background_color=&#8220;#F6F4F4&#8243; custom_padding=&#8220;60px|60px|60px|40px|false|false&#8220; global_colors_info=&#8220;{}&#8220;][et_pb_blurb title=&#8220;GR\u00dcNDLICHE KENNTNIS DES GEBIETS&#8220; image_icon_width=&#8220;40px&#8220; icon_alignment=&#8220;left&#8220; _builder_version=&#8220;4.27.4&#8243; _module_preset=&#8220;default&#8220; header_level=&#8220;h5&#8243; header_font_size=&#8220;24px&#8220; header_line_height=&#8220;1.2em&#8220; body_text_color=&#8220;#242424&#8243; body_font_size=&#8220;20px&#8220; max_width_tablet=&#8220;500px&#8220; max_width_phone=&#8220;&#8220; max_width_last_edited=&#8220;on|phone&#8220; custom_margin=&#8220;80px||||false|false&#8220; custom_padding=&#8220;||||false|false&#8220; custom_padding_tablet=&#8220;&#8220; custom_padding_phone=&#8220;|0px|||false|false&#8220; custom_padding_last_edited=&#8220;on|phone&#8220; global_colors_info=&#8220;{}&#8220;]<\/p>\n<p><span style=\"color: #000000;\"><span style=\"font-weight: 300;\">R&amp;R verf\u00fcgt dank einer technischen und wissenschaftlichen Kartierung \u00fcber ein umfassendes Wissen \u00fcber wertvolle Immobilien in ganz Italien. <\/span><b>technischen und wissenschaftlichen Kartierung<\/b><span style=\"font-weight: 300;\">  einschlie\u00dflich derjenigen, die au\u00dferhalb der traditionellen und reservierten Kreisl\u00e4ufe liegen, mit dem Ziel, den gesamten Geb\u00e4udebestand zu erfassen. Dieses Fachwissen macht es m\u00f6glich   <\/span><b>die Zeit zu optimieren <\/b><span style=\"font-weight: 300;\">der Transaktion und schlie\u00dfen <\/span><b>vorteilhafte Verhandlungen<\/b><span style=\"font-weight: 300;\"> f\u00fcr jede der Parteien.<\/span><\/span><\/p>\n<p>[\/et_pb_blurb][\/et_pb_column][\/et_pb_row][et_pb_row column_structure=&#8220;1_2,1_2&#8243; use_custom_gutter=&#8220;on&#8220; gutter_width=&#8220;1&#8243; make_equal=&#8220;on&#8220; _builder_version=&#8220;4.27.4&#8243; _module_preset=&#8220;default&#8220; width=&#8220;100%&#8220; min_height=&#8220;520px&#8220; custom_padding=&#8220;0px||0px||false|false&#8220; global_colors_info=&#8220;{}&#8220;][et_pb_column type=&#8220;1_2&#8243; _builder_version=&#8220;4.27.4&#8243; _module_preset=&#8220;default&#8220; custom_padding=&#8220;80px|60px|80px|60px|true|false&#8220; custom_padding_tablet=&#8220;&#8220; custom_padding_phone=&#8220;60px|40px|60px|40px|true|false&#8220; custom_padding_last_edited=&#8220;on|desktop&#8220; global_colors_info=&#8220;{}&#8220;][et_pb_blurb title=&#8220;VEREDELUNG &amp; MARKETING&#8220; image_icon_width=&#8220;40px&#8220; icon_alignment=&#8220;left&#8220; _builder_version=&#8220;4.27.4&#8243; _module_preset=&#8220;default&#8220; header_level=&#8220;h5&#8243; header_font_size=&#8220;24px&#8220; header_line_height=&#8220;1.2em&#8220; body_text_color=&#8220;#242424&#8243; body_font_size=&#8220;20px&#8220; custom_margin=&#8220;80px||||false|false&#8220; custom_padding=&#8220;||||false|false&#8220; custom_padding_tablet=&#8220;&#8220; custom_padding_phone=&#8220;|0px|||false|false&#8220; custom_padding_last_edited=&#8220;on|phone&#8220; locked=&#8220;off&#8220; global_colors_info=&#8220;{}&#8220;]<\/p>\n<p><span style=\"font-weight: 300;\">Die spezialisierte technische Abteilung von R&amp;R hilft dem potenziellen<span style=\"color: #000000;\">K\u00e4ufer, den <strong>Wert <\/strong><\/span><\/span><span style=\"color: #000000;\"><b>im Ist-Zustand<\/b><span style=\"font-weight: 300;\"> der Immobilie und die potenzielle Wertsteigerung durch <strong>funktionale und \u00e4sthetische Ver\u00e4nderungen<\/strong>. <\/span><span style=\"font-weight: 300;\">Um jeden Aspekt der Immobilie zu verbessern und<\/span><span style=\"font-weight: 300;\"> beg\u00fcnstigen<\/span><span style=\"font-weight: 300;\">seine<\/span><span style=\"font-weight: 300;\"> ihren Verkauf zu f\u00f6rdern, wurden gezielte Instrumente entwickelt, wie z.B. Immobiliengutachten, Due Diligence, digitales Marketing, professionelle Fotoshootings und Home Staging.<\/span><\/span><\/p>\n<p>[\/et_pb_blurb][\/et_pb_column][et_pb_column type=&#8220;1_2&#8243; _builder_version=&#8220;4.27.4&#8243; _module_preset=&#8220;default&#8220; background_image=&#8220;https:\/\/www.roofandroots.com\/wp-content\/uploads\/2025\/02\/03.png&#8220; global_colors_info=&#8220;{}&#8220;][\/et_pb_column][\/et_pb_row][\/et_pb_section][et_pb_section fb_built=&#8220;1&#8243; _builder_version=&#8220;4.27.4&#8243; _module_preset=&#8220;default&#8220; background_image=&#8220;https:\/\/www.roofandroots.com\/wp-content\/uploads\/2025\/01\/contatti-form-background.png&#8220; min_height=&#8220;350px&#8220; custom_padding=&#8220;||11px|||&#8220; global_colors_info=&#8220;{}&#8220;][et_pb_row _builder_version=&#8220;4.27.4&#8243; _module_preset=&#8220;default&#8220; global_colors_info=&#8220;{}&#8220;][et_pb_column type=&#8220;4_4&#8243; _builder_version=&#8220;4.27.4&#8243; _module_preset=&#8220;default&#8220; global_colors_info=&#8220;{}&#8220;][et_pb_text _builder_version=&#8220;4.27.4&#8243; _module_preset=&#8220;default&#8220; custom_margin=&#8220;||40px|||&#8220; global_colors_info=&#8220;{}&#8220;]<\/p>\n<h4><strong>Kontakt<\/strong><\/h4>\n<h2>Wenn Sie Ihre Immobilie verkaufen, verbessern oder bewerten lassen m\u00f6chten, kontaktieren Sie uns.<\/h2>\n<h2>Wir kennen mehr als 20.000 interessierte Kaufinteressenten.<\/h2>\n<p>[\/et_pb_text][wpforms_selector form_id=&#8220;285&#8243; _builder_version=&#8220;4.27.4&#8243; _module_preset=&#8220;default&#8220; global_colors_info=&#8220;{}&#8220;][\/wpforms_selector][\/et_pb_column][\/et_pb_row][\/et_pb_section]<\/p>\n","protected":false},"excerpt":{"rendered":"<p>Wir interpretieren den Verkauf einer wertvollen Immobilie als eine exklusive Reise. Deshalb w\u00e4hlen unsere Kunden uns als ihre Begleiter. Von Nordamerika bis Australien arbeitet Roof&amp;Roots jeden Tag an au\u00dfergew\u00f6hnlichen Projekten auf der ganzen Welt und verbindet dabei Vision\u00e4res mit Pragmatischem. So hat im Laufe der Zeit ein Netzwerk von mehr als 20.000 internationalen Investoren und [&hellip;]<\/p>\n","protected":false},"author":5,"featured_media":1181,"parent":0,"menu_order":25,"comment_status":"closed","ping_status":"closed","template":"","meta":{"_acf_changed":false,"_et_pb_use_builder":"on","_et_pb_old_content":"","_et_gb_content_width":"","inline_featured_image":false,"footnotes":""},"class_list":["post-1180","page","type-page","status-publish","has-post-thumbnail","hentry"],"acf":[],"yoast_head":"<!-- This site is optimized with the Yoast SEO plugin v27.4 - https:\/\/yoast.com\/product\/yoast-seo-wordpress\/ -->\n<title>F\u00fcr diejenigen, die verkaufen - Roof&amp;Roots<\/title>\n<meta name=\"description\" content=\"Finden Sie interessierte K\u00e4ufer: Roof&amp;Roots optimiert die Zeit bis zum Verkauf durch internationale Investoren, Marketing und technische Unterst\u00fctzung.\" \/>\n<meta name=\"robots\" content=\"index, follow, max-snippet:-1, max-image-preview:large, max-video-preview:-1\" \/>\n<link rel=\"canonical\" href=\"https:\/\/www.roofandroots.com\/de\/fur-diejenigen-die-verkaufen\/\" \/>\n<meta property=\"og:locale\" content=\"de_DE\" \/>\n<meta property=\"og:type\" content=\"article\" \/>\n<meta property=\"og:title\" content=\"Experten f\u00fcr den Verkauf von Luxusimmobilien: Erhalten Sie den h\u00f6chsten Wert\" \/>\n<meta property=\"og:description\" content=\"Finden Sie interessierte K\u00e4ufer: Roof&amp;Roots optimiert die Zeit bis zum Verkauf durch internationale Investoren, Marketing und technische Unterst\u00fctzung.\" \/>\n<meta property=\"og:url\" content=\"https:\/\/www.roofandroots.com\/de\/fur-diejenigen-die-verkaufen\/\" \/>\n<meta property=\"og:site_name\" content=\"Roof&amp;Roots\" \/>\n<meta property=\"article:modified_time\" content=\"2025-05-26T12:50:02+00:00\" \/>\n<meta property=\"og:image\" content=\"https:\/\/www.roofandroots.com\/wp-content\/uploads\/2025\/01\/tribe0785_exclusive_luxury_villa_in_italy_in_a_futuristic_but_5_a3841154-5039-45ae-a148-bc12757bb5c8-1-1024x821.png\" \/>\n<meta name=\"twitter:card\" content=\"summary_large_image\" \/>\n<meta name=\"twitter:title\" content=\"Experten f\u00fcr den Verkauf von Luxusimmobilien: Erhalten Sie den h\u00f6chsten Wert\" \/>\n<meta name=\"twitter:description\" content=\"Finden Sie interessierte K\u00e4ufer: Roof&amp;Roots optimiert die Zeit bis zum Verkauf durch internationale Investoren, Marketing und technische Unterst\u00fctzung.\" \/>\n<meta name=\"twitter:image\" content=\"https:\/\/www.roofandroots.com\/wp-content\/uploads\/2025\/01\/tribe0785_exclusive_luxury_villa_in_italy_in_a_futuristic_but_5_a3841154-5039-45ae-a148-bc12757bb5c8-1-1024x821.png\" \/>\n<meta name=\"twitter:label1\" content=\"Gesch\u00e4tzte Lesezeit\" \/>\n\t<meta name=\"twitter:data1\" content=\"7\u00a0Minute\" \/>\n<script type=\"application\/ld+json\" class=\"yoast-schema-graph\">{\"@context\":\"https:\\\/\\\/schema.org\",\"@graph\":[{\"@type\":\"WebPage\",\"@id\":\"https:\\\/\\\/www.roofandroots.com\\\/de\\\/fur-diejenigen-die-verkaufen\\\/\",\"url\":\"https:\\\/\\\/www.roofandroots.com\\\/de\\\/fur-diejenigen-die-verkaufen\\\/\",\"name\":\"F\u00fcr diejenigen, die verkaufen - Roof&amp;Roots\",\"isPartOf\":{\"@id\":\"https:\\\/\\\/www.roofandroots.com\\\/#website\"},\"primaryImageOfPage\":{\"@id\":\"https:\\\/\\\/www.roofandroots.com\\\/de\\\/fur-diejenigen-die-verkaufen\\\/#primaryimage\"},\"image\":{\"@id\":\"https:\\\/\\\/www.roofandroots.com\\\/de\\\/fur-diejenigen-die-verkaufen\\\/#primaryimage\"},\"thumbnailUrl\":\"https:\\\/\\\/www.roofandroots.com\\\/wp-content\\\/uploads\\\/2025\\\/02\\\/apertura-servizi-chi-vende-1.png\",\"datePublished\":\"2025-02-28T09:53:41+00:00\",\"dateModified\":\"2025-05-26T12:50:02+00:00\",\"description\":\"Finden Sie interessierte K\u00e4ufer: Roof&Roots optimiert die Zeit bis zum Verkauf durch internationale Investoren, Marketing und technische Unterst\u00fctzung.\",\"breadcrumb\":{\"@id\":\"https:\\\/\\\/www.roofandroots.com\\\/de\\\/fur-diejenigen-die-verkaufen\\\/#breadcrumb\"},\"inLanguage\":\"de\",\"potentialAction\":[{\"@type\":\"ReadAction\",\"target\":[\"https:\\\/\\\/www.roofandroots.com\\\/de\\\/fur-diejenigen-die-verkaufen\\\/\"]}]},{\"@type\":\"ImageObject\",\"inLanguage\":\"de\",\"@id\":\"https:\\\/\\\/www.roofandroots.com\\\/de\\\/fur-diejenigen-die-verkaufen\\\/#primaryimage\",\"url\":\"https:\\\/\\\/www.roofandroots.com\\\/wp-content\\\/uploads\\\/2025\\\/02\\\/apertura-servizi-chi-vende-1.png\",\"contentUrl\":\"https:\\\/\\\/www.roofandroots.com\\\/wp-content\\\/uploads\\\/2025\\\/02\\\/apertura-servizi-chi-vende-1.png\",\"width\":1440,\"height\":579},{\"@type\":\"BreadcrumbList\",\"@id\":\"https:\\\/\\\/www.roofandroots.com\\\/de\\\/fur-diejenigen-die-verkaufen\\\/#breadcrumb\",\"itemListElement\":[{\"@type\":\"ListItem\",\"position\":1,\"name\":\"Home\",\"item\":\"https:\\\/\\\/www.roofandroots.com\\\/de\\\/\"},{\"@type\":\"ListItem\",\"position\":2,\"name\":\"F\u00fcr diejenigen, die verkaufen\"}]},{\"@type\":\"WebSite\",\"@id\":\"https:\\\/\\\/www.roofandroots.com\\\/#website\",\"url\":\"https:\\\/\\\/www.roofandroots.com\\\/\",\"name\":\"Roof&Roots\",\"description\":\"There&#039;s more value in between\",\"publisher\":{\"@id\":\"https:\\\/\\\/www.roofandroots.com\\\/#organization\"},\"potentialAction\":[{\"@type\":\"SearchAction\",\"target\":{\"@type\":\"EntryPoint\",\"urlTemplate\":\"https:\\\/\\\/www.roofandroots.com\\\/?s={search_term_string}\"},\"query-input\":{\"@type\":\"PropertyValueSpecification\",\"valueRequired\":true,\"valueName\":\"search_term_string\"}}],\"inLanguage\":\"de\"},{\"@type\":\"Organization\",\"@id\":\"https:\\\/\\\/www.roofandroots.com\\\/#organization\",\"name\":\"Roof&Roots\",\"url\":\"https:\\\/\\\/www.roofandroots.com\\\/\",\"logo\":{\"@type\":\"ImageObject\",\"inLanguage\":\"de\",\"@id\":\"https:\\\/\\\/www.roofandroots.com\\\/#\\\/schema\\\/logo\\\/image\\\/\",\"url\":\"https:\\\/\\\/www.roofandroots.com\\\/wp-content\\\/uploads\\\/2024\\\/11\\\/logo.png\",\"contentUrl\":\"https:\\\/\\\/www.roofandroots.com\\\/wp-content\\\/uploads\\\/2024\\\/11\\\/logo.png\",\"width\":512,\"height\":243,\"caption\":\"Roof&Roots\"},\"image\":{\"@id\":\"https:\\\/\\\/www.roofandroots.com\\\/#\\\/schema\\\/logo\\\/image\\\/\"}}]}<\/script>\n<!-- \/ Yoast SEO plugin. -->","yoast_head_json":{"title":"F\u00fcr diejenigen, die verkaufen - Roof&amp;Roots","description":"Finden Sie interessierte K\u00e4ufer: Roof&Roots optimiert die Zeit bis zum Verkauf durch internationale Investoren, Marketing und technische Unterst\u00fctzung.","robots":{"index":"index","follow":"follow","max-snippet":"max-snippet:-1","max-image-preview":"max-image-preview:large","max-video-preview":"max-video-preview:-1"},"canonical":"https:\/\/www.roofandroots.com\/de\/fur-diejenigen-die-verkaufen\/","og_locale":"de_DE","og_type":"article","og_title":"Experten f\u00fcr den Verkauf von Luxusimmobilien: Erhalten Sie den h\u00f6chsten Wert","og_description":"Finden Sie interessierte K\u00e4ufer: Roof&Roots optimiert die Zeit bis zum Verkauf durch internationale Investoren, Marketing und technische Unterst\u00fctzung.","og_url":"https:\/\/www.roofandroots.com\/de\/fur-diejenigen-die-verkaufen\/","og_site_name":"Roof&amp;Roots","article_modified_time":"2025-05-26T12:50:02+00:00","og_image":[{"url":"https:\/\/www.roofandroots.com\/wp-content\/uploads\/2025\/01\/tribe0785_exclusive_luxury_villa_in_italy_in_a_futuristic_but_5_a3841154-5039-45ae-a148-bc12757bb5c8-1-1024x821.png","type":"","width":"","height":""}],"twitter_card":"summary_large_image","twitter_title":"Experten f\u00fcr den Verkauf von Luxusimmobilien: Erhalten Sie den h\u00f6chsten Wert","twitter_description":"Finden Sie interessierte K\u00e4ufer: Roof&Roots optimiert die Zeit bis zum Verkauf durch internationale Investoren, Marketing und technische Unterst\u00fctzung.","twitter_image":"https:\/\/www.roofandroots.com\/wp-content\/uploads\/2025\/01\/tribe0785_exclusive_luxury_villa_in_italy_in_a_futuristic_but_5_a3841154-5039-45ae-a148-bc12757bb5c8-1-1024x821.png","twitter_misc":{"Gesch\u00e4tzte Lesezeit":"7\u00a0Minute"},"schema":{"@context":"https:\/\/schema.org","@graph":[{"@type":"WebPage","@id":"https:\/\/www.roofandroots.com\/de\/fur-diejenigen-die-verkaufen\/","url":"https:\/\/www.roofandroots.com\/de\/fur-diejenigen-die-verkaufen\/","name":"F\u00fcr diejenigen, die verkaufen - Roof&amp;Roots","isPartOf":{"@id":"https:\/\/www.roofandroots.com\/#website"},"primaryImageOfPage":{"@id":"https:\/\/www.roofandroots.com\/de\/fur-diejenigen-die-verkaufen\/#primaryimage"},"image":{"@id":"https:\/\/www.roofandroots.com\/de\/fur-diejenigen-die-verkaufen\/#primaryimage"},"thumbnailUrl":"https:\/\/www.roofandroots.com\/wp-content\/uploads\/2025\/02\/apertura-servizi-chi-vende-1.png","datePublished":"2025-02-28T09:53:41+00:00","dateModified":"2025-05-26T12:50:02+00:00","description":"Finden Sie interessierte K\u00e4ufer: Roof&Roots optimiert die Zeit bis zum Verkauf durch internationale Investoren, Marketing und technische Unterst\u00fctzung.","breadcrumb":{"@id":"https:\/\/www.roofandroots.com\/de\/fur-diejenigen-die-verkaufen\/#breadcrumb"},"inLanguage":"de","potentialAction":[{"@type":"ReadAction","target":["https:\/\/www.roofandroots.com\/de\/fur-diejenigen-die-verkaufen\/"]}]},{"@type":"ImageObject","inLanguage":"de","@id":"https:\/\/www.roofandroots.com\/de\/fur-diejenigen-die-verkaufen\/#primaryimage","url":"https:\/\/www.roofandroots.com\/wp-content\/uploads\/2025\/02\/apertura-servizi-chi-vende-1.png","contentUrl":"https:\/\/www.roofandroots.com\/wp-content\/uploads\/2025\/02\/apertura-servizi-chi-vende-1.png","width":1440,"height":579},{"@type":"BreadcrumbList","@id":"https:\/\/www.roofandroots.com\/de\/fur-diejenigen-die-verkaufen\/#breadcrumb","itemListElement":[{"@type":"ListItem","position":1,"name":"Home","item":"https:\/\/www.roofandroots.com\/de\/"},{"@type":"ListItem","position":2,"name":"F\u00fcr diejenigen, die verkaufen"}]},{"@type":"WebSite","@id":"https:\/\/www.roofandroots.com\/#website","url":"https:\/\/www.roofandroots.com\/","name":"Roof&Roots","description":"There&#039;s more value in between","publisher":{"@id":"https:\/\/www.roofandroots.com\/#organization"},"potentialAction":[{"@type":"SearchAction","target":{"@type":"EntryPoint","urlTemplate":"https:\/\/www.roofandroots.com\/?s={search_term_string}"},"query-input":{"@type":"PropertyValueSpecification","valueRequired":true,"valueName":"search_term_string"}}],"inLanguage":"de"},{"@type":"Organization","@id":"https:\/\/www.roofandroots.com\/#organization","name":"Roof&Roots","url":"https:\/\/www.roofandroots.com\/","logo":{"@type":"ImageObject","inLanguage":"de","@id":"https:\/\/www.roofandroots.com\/#\/schema\/logo\/image\/","url":"https:\/\/www.roofandroots.com\/wp-content\/uploads\/2024\/11\/logo.png","contentUrl":"https:\/\/www.roofandroots.com\/wp-content\/uploads\/2024\/11\/logo.png","width":512,"height":243,"caption":"Roof&Roots"},"image":{"@id":"https:\/\/www.roofandroots.com\/#\/schema\/logo\/image\/"}}]}},"featured_image_src":"https:\/\/www.roofandroots.com\/wp-content\/uploads\/2025\/02\/apertura-servizi-chi-vende-1-600x400.png","featured_image_src_square":"https:\/\/www.roofandroots.com\/wp-content\/uploads\/2025\/02\/apertura-servizi-chi-vende-1-600x579.png","_links":{"self":[{"href":"https:\/\/www.roofandroots.com\/de\/wp-json\/wp\/v2\/pages\/1180","targetHints":{"allow":["GET"]}}],"collection":[{"href":"https:\/\/www.roofandroots.com\/de\/wp-json\/wp\/v2\/pages"}],"about":[{"href":"https:\/\/www.roofandroots.com\/de\/wp-json\/wp\/v2\/types\/page"}],"author":[{"embeddable":true,"href":"https:\/\/www.roofandroots.com\/de\/wp-json\/wp\/v2\/users\/5"}],"replies":[{"embeddable":true,"href":"https:\/\/www.roofandroots.com\/de\/wp-json\/wp\/v2\/comments?post=1180"}],"version-history":[{"count":0,"href":"https:\/\/www.roofandroots.com\/de\/wp-json\/wp\/v2\/pages\/1180\/revisions"}],"wp:featuredmedia":[{"embeddable":true,"href":"https:\/\/www.roofandroots.com\/de\/wp-json\/wp\/v2\/media\/1181"}],"wp:attachment":[{"href":"https:\/\/www.roofandroots.com\/de\/wp-json\/wp\/v2\/media?parent=1180"}],"curies":[{"name":"wp","href":"https:\/\/api.w.org\/{rel}","templated":true}]}}