{"id":1166,"date":"2025-03-05T15:20:45","date_gmt":"2025-03-05T15:20:45","guid":{"rendered":"https:\/\/www.roofandroots.com\/see\/"},"modified":"2025-05-26T12:50:02","modified_gmt":"2025-05-26T12:50:02","slug":"see","status":"publish","type":"page","link":"https:\/\/www.roofandroots.com\/de\/immobilien\/see\/","title":{"rendered":"See"},"content":{"rendered":"<p>[et_pb_section admin_label=&#8220;section&#8220;]<br \/>\n\t\t\t[et_pb_row admin_label=&#8220;Zeile&#8220;]<br \/>\n\t\t\t\t[et_pb_column type=&#8220;4_4&#8243;][\/et_pb_column]<br \/>\n\t\t\t[\/et_pb_row]<br \/>\n\t\t[\/et_pb_section]<\/p>\n","protected":false},"excerpt":{"rendered":"<p>[et_pb_section admin_label=&#8220;section&#8220;] [et_pb_row admin_label=&#8220;Zeile&#8220;] [et_pb_column type=&#8220;4_4&#8243;][\/et_pb_column] [\/et_pb_row] [\/et_pb_section]<\/p>\n","protected":false},"author":2,"featured_media":1167,"parent":1179,"menu_order":0,"comment_status":"closed","ping_status":"closed","template":"","meta":{"_acf_changed":false,"_et_pb_use_builder":"off","_et_pb_old_content":"","_et_gb_content_width":"","inline_featured_image":false,"footnotes":""},"class_list":["post-1166","page","type-page","status-publish","has-post-thumbnail","hentry"],"acf":[],"yoast_head":"<!-- This site is optimized with the Yoast SEO plugin v27.3 - https:\/\/yoast.com\/product\/yoast-seo-wordpress\/ -->\n<title>See - Roof&amp;Roots<\/title>\n<meta name=\"description\" content=\"Luxuri\u00f6se R\u00fcckzugsorte inmitten der Natur, mit bezaubernden Aussichten und exklusivem Komfort: Entdecken Sie die Auswahl an Seegrundst\u00fccken von Roof&amp;Roots.\" \/>\n<meta name=\"robots\" content=\"index, follow, max-snippet:-1, max-image-preview:large, max-video-preview:-1\" \/>\n<link rel=\"canonical\" href=\"https:\/\/www.roofandroots.com\/de\/immobilien\/see\/\" \/>\n<meta property=\"og:locale\" content=\"de_DE\" \/>\n<meta property=\"og:type\" content=\"article\" \/>\n<meta property=\"og:title\" content=\"Exklusive Immobilien an den Seen: Entdecken Sie Roof&amp;Roots L\u00f6sungen\" \/>\n<meta property=\"og:description\" content=\"Luxuri\u00f6se R\u00fcckzugsorte inmitten der Natur, mit bezaubernden Aussichten und exklusivem Komfort: Entdecken Sie die Auswahl an Seegrundst\u00fccken von Roof&amp;Roots.\" \/>\n<meta property=\"og:url\" content=\"https:\/\/www.roofandroots.com\/de\/immobilien\/see\/\" \/>\n<meta property=\"og:site_name\" content=\"Roof&amp;Roots\" \/>\n<meta property=\"article:modified_time\" content=\"2025-05-26T12:50:02+00:00\" \/>\n<meta property=\"og:image\" content=\"https:\/\/www.roofandroots.com\/wp-content\/uploads\/2025\/04\/lago-1-1024x963.png\" \/>\n<meta name=\"twitter:card\" content=\"summary_large_image\" \/>\n<meta name=\"twitter:title\" content=\"Exklusive Immobilien an den Seen: Entdecken Sie Roof&amp;Roots L\u00f6sungen\" \/>\n<meta name=\"twitter:description\" content=\"Luxuri\u00f6se R\u00fcckzugsorte inmitten der Natur, mit bezaubernden Aussichten und exklusivem Komfort: Entdecken Sie die Auswahl an Seegrundst\u00fccken von Roof&amp;Roots.\" \/>\n<meta name=\"twitter:image\" content=\"https:\/\/www.roofandroots.com\/wp-content\/uploads\/2025\/04\/lago-1-1024x963.png\" \/>\n<script type=\"application\/ld+json\" class=\"yoast-schema-graph\">{\"@context\":\"https:\\\/\\\/schema.org\",\"@graph\":[{\"@type\":\"WebPage\",\"@id\":\"https:\\\/\\\/www.roofandroots.com\\\/de\\\/immobilien\\\/see\\\/\",\"url\":\"https:\\\/\\\/www.roofandroots.com\\\/de\\\/immobilien\\\/see\\\/\",\"name\":\"See - Roof&amp;Roots\",\"isPartOf\":{\"@id\":\"https:\\\/\\\/www.roofandroots.com\\\/#website\"},\"primaryImageOfPage\":{\"@id\":\"https:\\\/\\\/www.roofandroots.com\\\/de\\\/immobilien\\\/see\\\/#primaryimage\"},\"image\":{\"@id\":\"https:\\\/\\\/www.roofandroots.com\\\/de\\\/immobilien\\\/see\\\/#primaryimage\"},\"thumbnailUrl\":\"https:\\\/\\\/www.roofandroots.com\\\/wp-content\\\/uploads\\\/2025\\\/04\\\/lago-1.png\",\"datePublished\":\"2025-03-05T15:20:45+00:00\",\"dateModified\":\"2025-05-26T12:50:02+00:00\",\"description\":\"Luxuri\u00f6se R\u00fcckzugsorte inmitten der Natur, mit bezaubernden Aussichten und exklusivem Komfort: Entdecken Sie die Auswahl an Seegrundst\u00fccken von Roof&Roots.\",\"breadcrumb\":{\"@id\":\"https:\\\/\\\/www.roofandroots.com\\\/de\\\/immobilien\\\/see\\\/#breadcrumb\"},\"inLanguage\":\"de\",\"potentialAction\":[{\"@type\":\"ReadAction\",\"target\":[\"https:\\\/\\\/www.roofandroots.com\\\/de\\\/immobilien\\\/see\\\/\"]}]},{\"@type\":\"ImageObject\",\"inLanguage\":\"de\",\"@id\":\"https:\\\/\\\/www.roofandroots.com\\\/de\\\/immobilien\\\/see\\\/#primaryimage\",\"url\":\"https:\\\/\\\/www.roofandroots.com\\\/wp-content\\\/uploads\\\/2025\\\/04\\\/lago-1.png\",\"contentUrl\":\"https:\\\/\\\/www.roofandroots.com\\\/wp-content\\\/uploads\\\/2025\\\/04\\\/lago-1.png\",\"width\":1063,\"height\":1000},{\"@type\":\"BreadcrumbList\",\"@id\":\"https:\\\/\\\/www.roofandroots.com\\\/de\\\/immobilien\\\/see\\\/#breadcrumb\",\"itemListElement\":[{\"@type\":\"ListItem\",\"position\":1,\"name\":\"Home\",\"item\":\"https:\\\/\\\/www.roofandroots.com\\\/de\\\/\"},{\"@type\":\"ListItem\",\"position\":2,\"name\":\"Immobilien\",\"item\":\"https:\\\/\\\/www.roofandroots.com\\\/de\\\/immobilien\\\/\"},{\"@type\":\"ListItem\",\"position\":3,\"name\":\"See\"}]},{\"@type\":\"WebSite\",\"@id\":\"https:\\\/\\\/www.roofandroots.com\\\/#website\",\"url\":\"https:\\\/\\\/www.roofandroots.com\\\/\",\"name\":\"Roof&Roots\",\"description\":\"There&#039;s more value in between\",\"publisher\":{\"@id\":\"https:\\\/\\\/www.roofandroots.com\\\/#organization\"},\"potentialAction\":[{\"@type\":\"SearchAction\",\"target\":{\"@type\":\"EntryPoint\",\"urlTemplate\":\"https:\\\/\\\/www.roofandroots.com\\\/?s={search_term_string}\"},\"query-input\":{\"@type\":\"PropertyValueSpecification\",\"valueRequired\":true,\"valueName\":\"search_term_string\"}}],\"inLanguage\":\"de\"},{\"@type\":\"Organization\",\"@id\":\"https:\\\/\\\/www.roofandroots.com\\\/#organization\",\"name\":\"Roof&Roots\",\"url\":\"https:\\\/\\\/www.roofandroots.com\\\/\",\"logo\":{\"@type\":\"ImageObject\",\"inLanguage\":\"de\",\"@id\":\"https:\\\/\\\/www.roofandroots.com\\\/#\\\/schema\\\/logo\\\/image\\\/\",\"url\":\"https:\\\/\\\/www.roofandroots.com\\\/wp-content\\\/uploads\\\/2024\\\/11\\\/logo.png\",\"contentUrl\":\"https:\\\/\\\/www.roofandroots.com\\\/wp-content\\\/uploads\\\/2024\\\/11\\\/logo.png\",\"width\":512,\"height\":243,\"caption\":\"Roof&Roots\"},\"image\":{\"@id\":\"https:\\\/\\\/www.roofandroots.com\\\/#\\\/schema\\\/logo\\\/image\\\/\"}}]}<\/script>\n<!-- \/ Yoast SEO plugin. -->","yoast_head_json":{"title":"See - Roof&amp;Roots","description":"Luxuri\u00f6se R\u00fcckzugsorte inmitten der Natur, mit bezaubernden Aussichten und exklusivem Komfort: Entdecken Sie die Auswahl an Seegrundst\u00fccken von Roof&Roots.","robots":{"index":"index","follow":"follow","max-snippet":"max-snippet:-1","max-image-preview":"max-image-preview:large","max-video-preview":"max-video-preview:-1"},"canonical":"https:\/\/www.roofandroots.com\/de\/immobilien\/see\/","og_locale":"de_DE","og_type":"article","og_title":"Exklusive Immobilien an den Seen: Entdecken Sie Roof&Roots L\u00f6sungen","og_description":"Luxuri\u00f6se R\u00fcckzugsorte inmitten der Natur, mit bezaubernden Aussichten und exklusivem Komfort: Entdecken Sie die Auswahl an Seegrundst\u00fccken von Roof&Roots.","og_url":"https:\/\/www.roofandroots.com\/de\/immobilien\/see\/","og_site_name":"Roof&amp;Roots","article_modified_time":"2025-05-26T12:50:02+00:00","og_image":[{"url":"https:\/\/www.roofandroots.com\/wp-content\/uploads\/2025\/04\/lago-1-1024x963.png","type":"","width":"","height":""}],"twitter_card":"summary_large_image","twitter_title":"Exklusive Immobilien an den Seen: Entdecken Sie Roof&Roots L\u00f6sungen","twitter_description":"Luxuri\u00f6se R\u00fcckzugsorte inmitten der Natur, mit bezaubernden Aussichten und exklusivem Komfort: Entdecken Sie die Auswahl an Seegrundst\u00fccken von Roof&Roots.","twitter_image":"https:\/\/www.roofandroots.com\/wp-content\/uploads\/2025\/04\/lago-1-1024x963.png","schema":{"@context":"https:\/\/schema.org","@graph":[{"@type":"WebPage","@id":"https:\/\/www.roofandroots.com\/de\/immobilien\/see\/","url":"https:\/\/www.roofandroots.com\/de\/immobilien\/see\/","name":"See - Roof&amp;Roots","isPartOf":{"@id":"https:\/\/www.roofandroots.com\/#website"},"primaryImageOfPage":{"@id":"https:\/\/www.roofandroots.com\/de\/immobilien\/see\/#primaryimage"},"image":{"@id":"https:\/\/www.roofandroots.com\/de\/immobilien\/see\/#primaryimage"},"thumbnailUrl":"https:\/\/www.roofandroots.com\/wp-content\/uploads\/2025\/04\/lago-1.png","datePublished":"2025-03-05T15:20:45+00:00","dateModified":"2025-05-26T12:50:02+00:00","description":"Luxuri\u00f6se R\u00fcckzugsorte inmitten der Natur, mit bezaubernden Aussichten und exklusivem Komfort: Entdecken Sie die Auswahl an Seegrundst\u00fccken von Roof&Roots.","breadcrumb":{"@id":"https:\/\/www.roofandroots.com\/de\/immobilien\/see\/#breadcrumb"},"inLanguage":"de","potentialAction":[{"@type":"ReadAction","target":["https:\/\/www.roofandroots.com\/de\/immobilien\/see\/"]}]},{"@type":"ImageObject","inLanguage":"de","@id":"https:\/\/www.roofandroots.com\/de\/immobilien\/see\/#primaryimage","url":"https:\/\/www.roofandroots.com\/wp-content\/uploads\/2025\/04\/lago-1.png","contentUrl":"https:\/\/www.roofandroots.com\/wp-content\/uploads\/2025\/04\/lago-1.png","width":1063,"height":1000},{"@type":"BreadcrumbList","@id":"https:\/\/www.roofandroots.com\/de\/immobilien\/see\/#breadcrumb","itemListElement":[{"@type":"ListItem","position":1,"name":"Home","item":"https:\/\/www.roofandroots.com\/de\/"},{"@type":"ListItem","position":2,"name":"Immobilien","item":"https:\/\/www.roofandroots.com\/de\/immobilien\/"},{"@type":"ListItem","position":3,"name":"See"}]},{"@type":"WebSite","@id":"https:\/\/www.roofandroots.com\/#website","url":"https:\/\/www.roofandroots.com\/","name":"Roof&Roots","description":"There&#039;s more value in between","publisher":{"@id":"https:\/\/www.roofandroots.com\/#organization"},"potentialAction":[{"@type":"SearchAction","target":{"@type":"EntryPoint","urlTemplate":"https:\/\/www.roofandroots.com\/?s={search_term_string}"},"query-input":{"@type":"PropertyValueSpecification","valueRequired":true,"valueName":"search_term_string"}}],"inLanguage":"de"},{"@type":"Organization","@id":"https:\/\/www.roofandroots.com\/#organization","name":"Roof&Roots","url":"https:\/\/www.roofandroots.com\/","logo":{"@type":"ImageObject","inLanguage":"de","@id":"https:\/\/www.roofandroots.com\/#\/schema\/logo\/image\/","url":"https:\/\/www.roofandroots.com\/wp-content\/uploads\/2024\/11\/logo.png","contentUrl":"https:\/\/www.roofandroots.com\/wp-content\/uploads\/2024\/11\/logo.png","width":512,"height":243,"caption":"Roof&Roots"},"image":{"@id":"https:\/\/www.roofandroots.com\/#\/schema\/logo\/image\/"}}]}},"featured_image_src":"https:\/\/www.roofandroots.com\/wp-content\/uploads\/2025\/04\/lago-1-600x400.png","featured_image_src_square":"https:\/\/www.roofandroots.com\/wp-content\/uploads\/2025\/04\/lago-1-600x600.png","_links":{"self":[{"href":"https:\/\/www.roofandroots.com\/de\/wp-json\/wp\/v2\/pages\/1166","targetHints":{"allow":["GET"]}}],"collection":[{"href":"https:\/\/www.roofandroots.com\/de\/wp-json\/wp\/v2\/pages"}],"about":[{"href":"https:\/\/www.roofandroots.com\/de\/wp-json\/wp\/v2\/types\/page"}],"author":[{"embeddable":true,"href":"https:\/\/www.roofandroots.com\/de\/wp-json\/wp\/v2\/users\/2"}],"replies":[{"embeddable":true,"href":"https:\/\/www.roofandroots.com\/de\/wp-json\/wp\/v2\/comments?post=1166"}],"version-history":[{"count":0,"href":"https:\/\/www.roofandroots.com\/de\/wp-json\/wp\/v2\/pages\/1166\/revisions"}],"up":[{"embeddable":true,"href":"https:\/\/www.roofandroots.com\/de\/wp-json\/wp\/v2\/pages\/1179"}],"wp:featuredmedia":[{"embeddable":true,"href":"https:\/\/www.roofandroots.com\/de\/wp-json\/wp\/v2\/media\/1167"}],"wp:attachment":[{"href":"https:\/\/www.roofandroots.com\/de\/wp-json\/wp\/v2\/media?parent=1166"}],"curies":[{"name":"wp","href":"https:\/\/api.w.org\/{rel}","templated":true}]}}