{"id":1148,"date":"2025-04-02T09:31:42","date_gmt":"2025-04-02T09:31:42","guid":{"rendered":"https:\/\/www.roofandroots.com\/in-der-nahe-der-skipisten\/"},"modified":"2025-05-26T12:50:03","modified_gmt":"2025-05-26T12:50:03","slug":"in-der-nahe-der-skipisten","status":"publish","type":"page","link":"https:\/\/www.roofandroots.com\/de\/immobilien\/in-der-nahe-der-skipisten\/","title":{"rendered":"In der N\u00e4he der Skipisten"},"content":{"rendered":"","protected":false},"excerpt":{"rendered":"","protected":false},"author":4,"featured_media":0,"parent":1179,"menu_order":0,"comment_status":"closed","ping_status":"closed","template":"","meta":{"_acf_changed":false,"_et_pb_use_builder":"","_et_pb_old_content":"","_et_gb_content_width":"","inline_featured_image":false,"footnotes":""},"class_list":["post-1148","page","type-page","status-publish","hentry"],"acf":[],"yoast_head":"<!-- This site is optimized with the Yoast SEO plugin v27.3 - https:\/\/yoast.com\/product\/yoast-seo-wordpress\/ -->\n<title>In der N\u00e4he der Skipisten - Roof&amp;Roots<\/title>\n<meta name=\"description\" content=\"Kaufen Sie eine exklusive Immobilie in der N\u00e4he der Skipisten: entscheiden Sie sich f\u00fcr den Komfort einer strategischen Lage f\u00fcr Schnee- und Naturliebhaber.\" \/>\n<meta name=\"robots\" content=\"index, follow, max-snippet:-1, max-image-preview:large, max-video-preview:-1\" \/>\n<link rel=\"canonical\" href=\"https:\/\/www.roofandroots.com\/de\/immobilien\/in-der-nahe-der-skipisten\/\" \/>\n<meta property=\"og:locale\" content=\"de_DE\" \/>\n<meta property=\"og:type\" content=\"article\" \/>\n<meta property=\"og:title\" content=\"Wohnungen in der N\u00e4he der Skipisten: Entdecken Sie Mountain Properties\" \/>\n<meta property=\"og:description\" content=\"Kaufen Sie eine exklusive Immobilie in der N\u00e4he der Skipisten: entscheiden Sie sich f\u00fcr den Komfort einer strategischen Lage f\u00fcr Schnee- und Naturliebhaber.\" \/>\n<meta property=\"og:url\" content=\"https:\/\/www.roofandroots.com\/de\/immobilien\/in-der-nahe-der-skipisten\/\" \/>\n<meta property=\"og:site_name\" content=\"Roof&amp;Roots\" \/>\n<meta property=\"article:modified_time\" content=\"2025-05-26T12:50:03+00:00\" \/>\n<meta name=\"twitter:card\" content=\"summary_large_image\" \/>\n<meta name=\"twitter:title\" content=\"Wohnungen in der N\u00e4he der Skipisten: Entdecken Sie Mountain Properties\" \/>\n<meta name=\"twitter:description\" content=\"Kaufen Sie eine exklusive Immobilie in der N\u00e4he der Skipisten: entscheiden Sie sich f\u00fcr den Komfort einer strategischen Lage f\u00fcr Schnee- und Naturliebhaber.\" \/>\n<script type=\"application\/ld+json\" class=\"yoast-schema-graph\">{\"@context\":\"https:\\\/\\\/schema.org\",\"@graph\":[{\"@type\":\"WebPage\",\"@id\":\"https:\\\/\\\/www.roofandroots.com\\\/de\\\/immobilien\\\/in-der-nahe-der-skipisten\\\/\",\"url\":\"https:\\\/\\\/www.roofandroots.com\\\/de\\\/immobilien\\\/in-der-nahe-der-skipisten\\\/\",\"name\":\"In der N\u00e4he der Skipisten - Roof&amp;Roots\",\"isPartOf\":{\"@id\":\"https:\\\/\\\/www.roofandroots.com\\\/#website\"},\"datePublished\":\"2025-04-02T09:31:42+00:00\",\"dateModified\":\"2025-05-26T12:50:03+00:00\",\"description\":\"Kaufen Sie eine exklusive Immobilie in der N\u00e4he der Skipisten: entscheiden Sie sich f\u00fcr den Komfort einer strategischen Lage f\u00fcr Schnee- und Naturliebhaber.\",\"breadcrumb\":{\"@id\":\"https:\\\/\\\/www.roofandroots.com\\\/de\\\/immobilien\\\/in-der-nahe-der-skipisten\\\/#breadcrumb\"},\"inLanguage\":\"de\",\"potentialAction\":[{\"@type\":\"ReadAction\",\"target\":[\"https:\\\/\\\/www.roofandroots.com\\\/de\\\/immobilien\\\/in-der-nahe-der-skipisten\\\/\"]}]},{\"@type\":\"BreadcrumbList\",\"@id\":\"https:\\\/\\\/www.roofandroots.com\\\/de\\\/immobilien\\\/in-der-nahe-der-skipisten\\\/#breadcrumb\",\"itemListElement\":[{\"@type\":\"ListItem\",\"position\":1,\"name\":\"Home\",\"item\":\"https:\\\/\\\/www.roofandroots.com\\\/de\\\/\"},{\"@type\":\"ListItem\",\"position\":2,\"name\":\"Immobilien\",\"item\":\"https:\\\/\\\/www.roofandroots.com\\\/de\\\/immobilien\\\/\"},{\"@type\":\"ListItem\",\"position\":3,\"name\":\"In der N\u00e4he der Skipisten\"}]},{\"@type\":\"WebSite\",\"@id\":\"https:\\\/\\\/www.roofandroots.com\\\/#website\",\"url\":\"https:\\\/\\\/www.roofandroots.com\\\/\",\"name\":\"Roof&Roots\",\"description\":\"There&#039;s more value in between\",\"publisher\":{\"@id\":\"https:\\\/\\\/www.roofandroots.com\\\/#organization\"},\"potentialAction\":[{\"@type\":\"SearchAction\",\"target\":{\"@type\":\"EntryPoint\",\"urlTemplate\":\"https:\\\/\\\/www.roofandroots.com\\\/?s={search_term_string}\"},\"query-input\":{\"@type\":\"PropertyValueSpecification\",\"valueRequired\":true,\"valueName\":\"search_term_string\"}}],\"inLanguage\":\"de\"},{\"@type\":\"Organization\",\"@id\":\"https:\\\/\\\/www.roofandroots.com\\\/#organization\",\"name\":\"Roof&Roots\",\"url\":\"https:\\\/\\\/www.roofandroots.com\\\/\",\"logo\":{\"@type\":\"ImageObject\",\"inLanguage\":\"de\",\"@id\":\"https:\\\/\\\/www.roofandroots.com\\\/#\\\/schema\\\/logo\\\/image\\\/\",\"url\":\"https:\\\/\\\/www.roofandroots.com\\\/wp-content\\\/uploads\\\/2024\\\/11\\\/logo.png\",\"contentUrl\":\"https:\\\/\\\/www.roofandroots.com\\\/wp-content\\\/uploads\\\/2024\\\/11\\\/logo.png\",\"width\":512,\"height\":243,\"caption\":\"Roof&Roots\"},\"image\":{\"@id\":\"https:\\\/\\\/www.roofandroots.com\\\/#\\\/schema\\\/logo\\\/image\\\/\"}}]}<\/script>\n<!-- \/ Yoast SEO plugin. -->","yoast_head_json":{"title":"In der N\u00e4he der Skipisten - Roof&amp;Roots","description":"Kaufen Sie eine exklusive Immobilie in der N\u00e4he der Skipisten: entscheiden Sie sich f\u00fcr den Komfort einer strategischen Lage f\u00fcr Schnee- und Naturliebhaber.","robots":{"index":"index","follow":"follow","max-snippet":"max-snippet:-1","max-image-preview":"max-image-preview:large","max-video-preview":"max-video-preview:-1"},"canonical":"https:\/\/www.roofandroots.com\/de\/immobilien\/in-der-nahe-der-skipisten\/","og_locale":"de_DE","og_type":"article","og_title":"Wohnungen in der N\u00e4he der Skipisten: Entdecken Sie Mountain Properties","og_description":"Kaufen Sie eine exklusive Immobilie in der N\u00e4he der Skipisten: entscheiden Sie sich f\u00fcr den Komfort einer strategischen Lage f\u00fcr Schnee- und Naturliebhaber.","og_url":"https:\/\/www.roofandroots.com\/de\/immobilien\/in-der-nahe-der-skipisten\/","og_site_name":"Roof&amp;Roots","article_modified_time":"2025-05-26T12:50:03+00:00","twitter_card":"summary_large_image","twitter_title":"Wohnungen in der N\u00e4he der Skipisten: Entdecken Sie Mountain Properties","twitter_description":"Kaufen Sie eine exklusive Immobilie in der N\u00e4he der Skipisten: entscheiden Sie sich f\u00fcr den Komfort einer strategischen Lage f\u00fcr Schnee- und Naturliebhaber.","schema":{"@context":"https:\/\/schema.org","@graph":[{"@type":"WebPage","@id":"https:\/\/www.roofandroots.com\/de\/immobilien\/in-der-nahe-der-skipisten\/","url":"https:\/\/www.roofandroots.com\/de\/immobilien\/in-der-nahe-der-skipisten\/","name":"In der N\u00e4he der Skipisten - Roof&amp;Roots","isPartOf":{"@id":"https:\/\/www.roofandroots.com\/#website"},"datePublished":"2025-04-02T09:31:42+00:00","dateModified":"2025-05-26T12:50:03+00:00","description":"Kaufen Sie eine exklusive Immobilie in der N\u00e4he der Skipisten: entscheiden Sie sich f\u00fcr den Komfort einer strategischen Lage f\u00fcr Schnee- und Naturliebhaber.","breadcrumb":{"@id":"https:\/\/www.roofandroots.com\/de\/immobilien\/in-der-nahe-der-skipisten\/#breadcrumb"},"inLanguage":"de","potentialAction":[{"@type":"ReadAction","target":["https:\/\/www.roofandroots.com\/de\/immobilien\/in-der-nahe-der-skipisten\/"]}]},{"@type":"BreadcrumbList","@id":"https:\/\/www.roofandroots.com\/de\/immobilien\/in-der-nahe-der-skipisten\/#breadcrumb","itemListElement":[{"@type":"ListItem","position":1,"name":"Home","item":"https:\/\/www.roofandroots.com\/de\/"},{"@type":"ListItem","position":2,"name":"Immobilien","item":"https:\/\/www.roofandroots.com\/de\/immobilien\/"},{"@type":"ListItem","position":3,"name":"In der N\u00e4he der Skipisten"}]},{"@type":"WebSite","@id":"https:\/\/www.roofandroots.com\/#website","url":"https:\/\/www.roofandroots.com\/","name":"Roof&Roots","description":"There&#039;s more value in between","publisher":{"@id":"https:\/\/www.roofandroots.com\/#organization"},"potentialAction":[{"@type":"SearchAction","target":{"@type":"EntryPoint","urlTemplate":"https:\/\/www.roofandroots.com\/?s={search_term_string}"},"query-input":{"@type":"PropertyValueSpecification","valueRequired":true,"valueName":"search_term_string"}}],"inLanguage":"de"},{"@type":"Organization","@id":"https:\/\/www.roofandroots.com\/#organization","name":"Roof&Roots","url":"https:\/\/www.roofandroots.com\/","logo":{"@type":"ImageObject","inLanguage":"de","@id":"https:\/\/www.roofandroots.com\/#\/schema\/logo\/image\/","url":"https:\/\/www.roofandroots.com\/wp-content\/uploads\/2024\/11\/logo.png","contentUrl":"https:\/\/www.roofandroots.com\/wp-content\/uploads\/2024\/11\/logo.png","width":512,"height":243,"caption":"Roof&Roots"},"image":{"@id":"https:\/\/www.roofandroots.com\/#\/schema\/logo\/image\/"}}]}},"featured_image_src":null,"featured_image_src_square":null,"_links":{"self":[{"href":"https:\/\/www.roofandroots.com\/de\/wp-json\/wp\/v2\/pages\/1148","targetHints":{"allow":["GET"]}}],"collection":[{"href":"https:\/\/www.roofandroots.com\/de\/wp-json\/wp\/v2\/pages"}],"about":[{"href":"https:\/\/www.roofandroots.com\/de\/wp-json\/wp\/v2\/types\/page"}],"author":[{"embeddable":true,"href":"https:\/\/www.roofandroots.com\/de\/wp-json\/wp\/v2\/users\/4"}],"replies":[{"embeddable":true,"href":"https:\/\/www.roofandroots.com\/de\/wp-json\/wp\/v2\/comments?post=1148"}],"version-history":[{"count":0,"href":"https:\/\/www.roofandroots.com\/de\/wp-json\/wp\/v2\/pages\/1148\/revisions"}],"up":[{"embeddable":true,"href":"https:\/\/www.roofandroots.com\/de\/wp-json\/wp\/v2\/pages\/1179"}],"wp:attachment":[{"href":"https:\/\/www.roofandroots.com\/de\/wp-json\/wp\/v2\/media?parent=1148"}],"curies":[{"name":"wp","href":"https:\/\/api.w.org\/{rel}","templated":true}]}}